{"id":4400,"date":"2021-10-12T15:51:09","date_gmt":"2021-10-12T15:51:09","guid":{"rendered":"http:\/\/dummy.xtemos.com\/woodmart2\/elementor\/?page_id=4400"},"modified":"2025-09-02T15:29:27","modified_gmt":"2025-09-02T12:29:27","slug":"hakkimizda","status":"publish","type":"page","link":"https:\/\/vistaakademi.com\/ar\/hakkimizda\/","title":{"rendered":"\u0645\u0639\u0644\u0648\u0645\u0627\u062a \u0639\u0646\u0627"},"content":{"rendered":"<div data-elementor-type=\"wp-page\" data-elementor-id=\"4400\" class=\"elementor elementor-4400\" data-elementor-post-type=\"page\">\n\t\t\t\t<div class=\"wd-negative-gap elementor-element elementor-element-7c7c544 e-flex e-con-boxed e-con e-parent\" data-id=\"7c7c544\" data-element_type=\"container\">\n\t\t\t\t\t<div class=\"e-con-inner\">\n\t\t<div class=\"elementor-element elementor-element-e7cb5cd e-con-full e-flex e-con e-child\" data-id=\"e7cb5cd\" data-element_type=\"container\">\n\t\t\t\t<div class=\"elementor-element elementor-element-56aec39 elementor-widget elementor-widget-wd_image_or_svg\" data-id=\"56aec39\" data-element_type=\"widget\" data-widget_type=\"wd_image_or_svg.default\">\n\t\t\t\t<div class=\"elementor-widget-container\">\n\t\t\t\t\t\n\t\t<div class=\"wd-image text-left\">\n\t\t\t\t\t\t\t\t<img fetchpriority=\"high\" decoding=\"async\" width=\"520\" height=\"655\" src=\"https:\/\/vistaakademi.com\/wp-content\/uploads\/2024\/07\/Adsiz-tasarim-2024-07-18T120628.585.jpg\" class=\"attachment-full size-full\" alt=\"\" srcset=\"https:\/\/vistaakademi.com\/wp-content\/uploads\/2024\/07\/Adsiz-tasarim-2024-07-18T120628.585.jpg 520w, https:\/\/vistaakademi.com\/wp-content\/uploads\/2024\/07\/Adsiz-tasarim-2024-07-18T120628.585-350x441.jpg 350w, https:\/\/vistaakademi.com\/wp-content\/uploads\/2024\/07\/Adsiz-tasarim-2024-07-18T120628.585-150x189.jpg 150w, https:\/\/vistaakademi.com\/wp-content\/uploads\/2024\/07\/Adsiz-tasarim-2024-07-18T120628.585-500x630.jpg 500w, https:\/\/vistaakademi.com\/wp-content\/uploads\/2024\/07\/Adsiz-tasarim-2024-07-18T120628.585-238x300.jpg 238w\" sizes=\"(max-width: 520px) 100vw, 520px\" \/>\t\t\t\t\t<\/div>\n\n\t\t\t\t\t\t<\/div>\n\t\t\t\t<\/div>\n\t\t\t\t<\/div>\n\t\t<div class=\"elementor-element elementor-element-97d6084 e-con-full e-flex e-con e-child\" data-id=\"97d6084\" data-element_type=\"container\">\n\t\t\t\t<div class=\"elementor-element elementor-element-98d830b elementor-widget__width-initial wd-width-100 elementor-widget elementor-widget-wd_title\" data-id=\"98d830b\" data-element_type=\"widget\" data-widget_type=\"wd_title.default\">\n\t\t\t\t<div class=\"elementor-widget-container\">\n\t\t\t\t\t\t\t<div class=\"title-wrapper set-mb-s reset-last-child wd-title-color-primary wd-title-style-default wd-title-size-large text-left\">\n\n\t\t\t\t\t\t\t<div class=\"title-subtitle subtitle-color-primary subtitle-style-default wd-fontsize-xs\">\n\t\t\t\t\t<b>\u0623\u0643\u0627\u062f\u064a\u0645\u064a\u0629 \u0641\u064a\u0633\u062a\u0627 | \u0627\u0644\u062a\u062f\u0631\u064a\u0628 \u0648\u0627\u0644\u062a\u062f\u0631\u064a\u0628 \u0627\u0644\u0644\u063a\u0648\u064a<\/b>\t\t\t\t<\/div>\n\t\t\t\n\t\t\t<div class=\"liner-continer\">\n\t\t\t\t<h4 class=\"woodmart-title-container title wd-fontsize-xxl\"><\/h4> \n\t\t\t\t\t\t\t<\/div>\n\n\t\t\t\t\t<\/div>\n\t\t\t\t\t\t<\/div>\n\t\t\t\t<\/div>\n\t\t\t\t<div class=\"elementor-element elementor-element-66e47ad elementor-widget elementor-widget-wd_text_block\" data-id=\"66e47ad\" data-element_type=\"widget\" data-widget_type=\"wd_text_block.default\">\n\t\t\t\t<div class=\"elementor-widget-container\">\n\t\t\t\t\t\t\t<div class=\"wd-text-block reset-last-child text-left color-scheme-dark\">\n\t\t\t\n\t\t\t\n\t\t\t\t\t<\/div>\n\t\t\t\t\t\t<\/div>\n\t\t\t\t<\/div>\n\t\t\t\t<div class=\"elementor-element elementor-element-9a24670 elementor-position-left elementor-view-default elementor-mobile-position-top elementor-vertical-align-top elementor-widget elementor-widget-icon-box\" data-id=\"9a24670\" data-element_type=\"widget\" data-widget_type=\"icon-box.default\">\n\t\t\t\t<div class=\"elementor-widget-container\">\n\t\t\t\t\t\t\t<div class=\"elementor-icon-box-wrapper\">\n\n\t\t\t\t\t\t<div class=\"elementor-icon-box-icon\">\n\t\t\t\t<span  class=\"elementor-icon\">\n\t\t\t\t<i aria-hidden=\"true\" class=\"far fa-user\"><\/i>\t\t\t\t<\/span>\n\t\t\t<\/div>\n\t\t\t\n\t\t\t\t\t\t<div class=\"elementor-icon-box-content\">\n\n\t\t\t\t\t\t\t\t\t<h2 class=\"elementor-icon-box-title\">\n\t\t\t\t\t\t<span  >\n\t\t\t\t\t\t\t500+ \u00f6\u011frencinin kariyerine etki ettik.\t\t\t\t\t\t<\/span>\n\t\t\t\t\t<\/h2>\n\t\t\t\t\n\t\t\t\t\n\t\t\t<\/div>\n\t\t\t\n\t\t<\/div>\n\t\t\t\t\t\t<\/div>\n\t\t\t\t<\/div>\n\t\t\t\t<div class=\"elementor-element elementor-element-830d0b9 elementor-widget elementor-widget-wd_text_block\" data-id=\"830d0b9\" data-element_type=\"widget\" data-widget_type=\"wd_text_block.default\">\n\t\t\t\t<div class=\"elementor-widget-container\">\n\t\t\t\t\t\t\t<div class=\"wd-text-block reset-last-child text-left color-scheme-dark\">\n\t\t\t\n\t\t\t<div id=\"ContentPlaceHolder1_txtKurumsal\" class=\"w-80 lg-w-100 mb-25px\"><p class=\"fs-13 mb-35px xs-lh-20\">\u0645\u0639 \u062e\u0628\u0631\u062a\u0646\u0627\u00a0<span class=\"text-dark-gray text-decoration-line-bottom\">\u0646\u062c\u0627\u062d\u0643<\/span>\u00a0\u0646\u062d\u0646 \u0647\u0646\u0627 \u0644\u062f\u0639\u0645!<\/p><\/div>\n\t\t\t\t\t<\/div>\n\t\t\t\t\t\t<\/div>\n\t\t\t\t<\/div>\n\t\t\t\t<\/div>\n\t\t\t\t\t<\/div>\n\t\t\t\t<\/div>\n\t\t<div class=\"wd-negative-gap elementor-element elementor-element-228ea29 e-flex e-con-boxed e-con e-parent\" data-id=\"228ea29\" data-element_type=\"container\">\n\t\t\t\t\t<div class=\"e-con-inner\">\n\t\t\t\t<div class=\"elementor-element elementor-element-ba3a7a0 color-scheme-inherit text-left elementor-widget elementor-widget-text-editor\" data-id=\"ba3a7a0\" data-element_type=\"widget\" data-widget_type=\"text-editor.default\">\n\t\t\t\t<div class=\"elementor-widget-container\">\n\t\t\t\t\t\t\t\t\t<p>\u0628\u0627\u0639\u062a\u0628\u0627\u0631\u0646\u0627 \u0623\u0643\u0627\u062f\u064a\u0645\u064a\u0629 \u062a\u0639\u0644\u064a\u0645 \u0627\u0644\u0644\u063a\u0627\u062a \u0627\u0644\u0623\u062c\u0646\u0628\u064a\u0629\u060c \u0641\u0625\u0646\u0646\u0627 \u0646\u0642\u062f\u0645 \u062a\u062c\u0627\u0631\u0628 \u062a\u0639\u0644\u064a\u0645\u064a\u0629 \u0645\u062e\u0635\u0635\u0629 \u0644\u0637\u0644\u0627\u0628\u0646\u0627 \u0645\u0639 \u0641\u0631\u064a\u0642 \u0645\u062a\u062e\u0635\u0635 \u0641\u064a \u0627\u0644\u062a\u062d\u0636\u064a\u0631 \u0644\u0627\u0645\u062a\u062d\u0627\u0646\u0627\u062a \u0627\u0644\u0644\u063a\u0629 \u0627\u0644\u062a\u0631\u0643\u064a\u0629 \u0648\u0627\u0644\u0623\u062c\u0646\u0628\u064a\u0629. \u0645\u0647\u0645\u062a\u0646\u0627 \u0647\u064a \u062a\u062d\u0633\u064a\u0646 \u0645\u0647\u0627\u0631\u0627\u062a \u0637\u0644\u0627\u0628\u0646\u0627 \u0627\u0644\u0644\u063a\u0648\u064a\u0629 \u0648\u0632\u064a\u0627\u062f\u0629 \u062b\u0642\u062a\u0647\u0645 \u0628\u0623\u0646\u0641\u0633\u0647\u0645 \u0648\u0645\u0633\u0627\u0639\u062f\u062a\u0647\u0645 \u0639\u0644\u0649 \u062a\u062d\u0642\u064a\u0642 \u0623\u062d\u0644\u0627\u0645\u0647\u0645. \u0648\u0641\u064a \u0647\u0630\u0627 \u0627\u0644\u0635\u062f\u062f\u060c \u0646\u0639\u0645\u0644 \u0639\u0644\u0649 \u062a\u062d\u0642\u064a\u0642 \u0623\u0642\u0635\u0649 \u0642\u062f\u0631 \u0645\u0646 \u0627\u0644\u0646\u062c\u0627\u062d \u0644\u0637\u0644\u0627\u0628\u0646\u0627 \u0645\u0646 \u062e\u0644\u0627\u0644 \u0628\u0631\u0627\u0645\u062c\u0646\u0627 \u0627\u0644\u062a\u062d\u0636\u064a\u0631\u064a\u0629 \u0644\u0627\u0645\u062a\u062d\u0627\u0646\u0627\u062a \u0627\u0644\u0644\u063a\u0629 \u0627\u0644\u0645\u0647\u0645\u0629 \u0645\u062b\u0644 TYT &amp; YDT\u060c YDS &amp; Y\u00d6KDIL.<\/p><p>\u062a\u0634\u062a\u0647\u0631 Vista Academy \u0628\u0637\u0627\u0642\u0645 \u0627\u0644\u0645\u0639\u0644\u0645\u064a\u0646 \u0630\u0648\u064a \u0627\u0644\u062e\u0628\u0631\u0629 \u0648\u0646\u0647\u062c\u0647\u0627 \u0627\u0644\u0645\u0648\u062c\u0647 \u0646\u062d\u0648 \u0627\u0644\u0637\u0644\u0627\u0628. \u0645\u0646 \u062e\u0644\u0627\u0644 \u0641\u0647\u0645 \u0627\u062d\u062a\u064a\u0627\u062c\u0627\u062a \u0643\u0644 \u0637\u0627\u0644\u0628 \u0645\u0646 \u0637\u0644\u0627\u0628\u0646\u0627\u060c \u0646\u0642\u0648\u0645 \u0628\u0648\u0636\u0639 \u062e\u0637\u0637 \u062a\u0639\u0644\u064a\u0645\u064a\u0629 \u062e\u0627\u0635\u0629 \u0644\u0647\u0645 \u0648\u0648\u0636\u0639 \u0627\u0644\u0627\u0633\u062a\u0631\u0627\u062a\u064a\u062c\u064a\u0627\u062a \u0627\u0644\u062a\u064a \u062a\u0633\u0627\u0639\u062f\u0647\u0645 \u0639\u0644\u0649 \u062a\u062d\u0642\u064a\u0642 \u0623\u0647\u062f\u0627\u0641\u0647\u0645. \u0645\u0639\u0646\u0627 \u0639\u0632\u0632 \u0645\u0647\u0627\u0631\u0627\u062a\u0643 \u0627\u0644\u0644\u063a\u0648\u064a\u0629 \u0648\u062a\u0639\u0644\u0645 \u0644\u063a\u0629 \u062c\u062f\u064a\u062f\u0629 \u0648\u0627\u062a\u062e\u0630 \u062e\u0637\u0648\u0627\u062a \u0645\u0647\u0645\u0629 \u0644\u0645\u0633\u062a\u0642\u0628\u0644\u0643. \u0646\u062d\u0646 \u0641\u064a Vista Academy \u0646\u0624\u0645\u0646 \u0623\u0646 \u0646\u062c\u0627\u062d\u0643 \u0641\u064a \u0627\u0644\u0644\u063a\u0629 \u0647\u0648 \u0645\u062c\u0631\u062f \u0627\u0644\u0628\u062f\u0627\u064a\u0629 \u0648\u064a\u0633\u0639\u062f\u0646\u0627 \u0623\u0646 \u0646\u0643\u062a\u0628 \u0642\u0635\u0629 \u0627\u0644\u0646\u062c\u0627\u062d \u0647\u0630\u0647 \u0645\u0639\u0643.<\/p>\t\t\t\t\t\t\t\t<\/div>\n\t\t\t\t<\/div>\n\t\t\t\t\t<\/div>\n\t\t\t\t<\/div>\n\t\t\t\t<\/div>","protected":false},"excerpt":{"rendered":"<p>Vista Akademi | Ko\u00e7luk &amp; Dil E\u011fitimi 500+ \u00f6\u011frencinin kariyerine etki ettik. Uzmanl\u0131\u011f\u0131m\u0131zla\u00a0ba\u015far\u0131n\u0131z\u0131\u00a0desteklemek i\u00e7in buraday\u0131z! Yabanc\u0131 Dil E\u011fitim Akademisi olarak,<\/p>","protected":false},"author":1,"featured_media":0,"parent":0,"menu_order":0,"comment_status":"closed","ping_status":"closed","template":"","meta":{"footnotes":""},"class_list":["post-4400","page","type-page","status-publish","hentry"],"_links":{"self":[{"href":"https:\/\/vistaakademi.com\/ar\/wp-json\/wp\/v2\/pages\/4400","targetHints":{"allow":["GET"]}}],"collection":[{"href":"https:\/\/vistaakademi.com\/ar\/wp-json\/wp\/v2\/pages"}],"about":[{"href":"https:\/\/vistaakademi.com\/ar\/wp-json\/wp\/v2\/types\/page"}],"author":[{"embeddable":true,"href":"https:\/\/vistaakademi.com\/ar\/wp-json\/wp\/v2\/users\/1"}],"replies":[{"embeddable":true,"href":"https:\/\/vistaakademi.com\/ar\/wp-json\/wp\/v2\/comments?post=4400"}],"version-history":[{"count":0,"href":"https:\/\/vistaakademi.com\/ar\/wp-json\/wp\/v2\/pages\/4400\/revisions"}],"wp:attachment":[{"href":"https:\/\/vistaakademi.com\/ar\/wp-json\/wp\/v2\/media?parent=4400"}],"curies":[{"name":"wp","href":"https:\/\/api.w.org\/{rel}","templated":true}]}}