{"id":24983,"date":"2024-07-19T16:35:07","date_gmt":"2024-07-19T13:35:07","guid":{"rendered":"https:\/\/vistaakademi.com\/?post_type=product&#038;p=24983"},"modified":"2026-01-01T21:51:46","modified_gmt":"2026-01-01T18:51:46","slug":"ydt-ozel-ders-grup-dersleri","status":"publish","type":"product","link":"https:\/\/vistaakademi.com\/ar\/product\/ydt-ozel-ders-grup-dersleri\/","title":{"rendered":"YDT \u00d6zel Ders"},"content":{"rendered":"<div data-elementor-type=\"wp-post\" data-elementor-id=\"24983\" class=\"elementor elementor-24983\" data-elementor-post-type=\"product\">\n\t\t\t\t<div class=\"wd-negative-gap elementor-element elementor-element-8478aae e-flex e-con-boxed e-con e-parent\" data-id=\"8478aae\" data-element_type=\"container\">\n\t\t\t\t\t<div class=\"e-con-inner\">\n\t\t\t\t<div class=\"elementor-element elementor-element-634ed53 elementor-widget elementor-widget-wd_text_block\" data-id=\"634ed53\" data-element_type=\"widget\" data-widget_type=\"wd_text_block.default\">\n\t\t\t\t<div class=\"elementor-widget-container\">\n\t\t\t\t\t\t\t<div class=\"wd-text-block reset-last-child text-left\">\n\t\t\t\n\t\t\t<p>\u0641\u064a \u0639\u0645\u0644\u064a\u0629 \u0627\u0644\u062f\u0631\u0648\u0633 \u0627\u0644\u062e\u0635\u0648\u0635\u064a\u0629 YDT\u060c \u064a\u062a\u0645 \u0623\u0648\u0644\u0627\u064b \u062a\u062d\u062f\u064a\u062f \u0627\u0644\u0645\u0648\u0627\u0631\u062f \u0627\u0644\u0645\u0637\u0644\u0648\u0628\u0629 \u0644\u0644\u0637\u0627\u0644\u0628 \u0648\u064a\u062a\u0645 \u0625\u0646\u0634\u0627\u0621 \u0645\u0646\u0647\u062c \u062f\u0631\u0627\u0633\u064a \u0645\u0646\u0627\u0633\u0628 \u0644\u0645\u0633\u062a\u0648\u0649 \u0627\u0644\u0637\u0627\u0644\u0628. \u0641\u064a \u0627\u0644\u062f\u0648\u0631\u0627\u062a\u060c \u064a\u062a\u0645 \u0627\u0633\u062a\u062e\u062f\u0627\u0645 \u062a\u0642\u0646\u064a\u0627\u062a \u0642\u0631\u0627\u0621\u0629 \u0627\u0644\u0643\u0644\u0645\u0627\u062a \u0648\u062d\u0644 \u0627\u0644\u0623\u0633\u0626\u0644\u0629 \u0648\u0627\u0644\u062a\u062d\u0644\u064a\u0644 \u0627\u0644\u062a\u0641\u0635\u064a\u0644\u064a \u0644\u0644\u0623\u0633\u0626\u0644\u0629 \u0628\u0634\u0643\u0644 \u0623\u0633\u0627\u0633\u064a. \u0639\u0644\u0649 \u0648\u062c\u0647 \u0627\u0644\u062e\u0635\u0648\u0635\u060c \u064a\u062a\u0645 \u0641\u062d\u0635 \u062c\u0645\u064a\u0639 \u0627\u0644\u0623\u0633\u0626\u0644\u0629 \u0648\u064a\u062a\u0645 \u0641\u062d\u0635 \u0627\u0644\u0623\u0633\u0626\u0644\u0629 \u0645\u0646 \u0645\u0635\u0627\u062f\u0631 \u0627\u0644\u0646\u0634\u0631 \u0627\u0644\u0645\u062e\u062a\u0644\u0641\u0629. \u062e\u0644\u0627\u0644 \u0627\u0644\u0648\u0642\u062a \u0627\u0644\u0630\u064a \u062a\u0639\u0645\u0644 \u0641\u064a\u0647 \u0645\u0639 \u0627\u0644\u0645\u0639\u0644\u0645\u060c \u0633\u064a\u0643\u0648\u0646 \u0644\u062f\u064a\u0643 \u0645\u0647\u0627\u0645 \u064a\u0648\u0645\u064a\u0629\/\u0623\u0633\u0628\u0648\u0639\u064a\u0629 \u0648\u0633\u064a\u0642\u0648\u0645 \u0645\u0639\u0644\u0645\u0643 \u0628\u0627\u0644\u062a\u062d\u0643\u0645 \u0641\u064a \u0645\u0647\u0627\u0645\u0643. \u064a\u062a\u0645 \u062a\u062f\u0631\u064a\u0633 \u0627\u0644\u062f\u0631\u0648\u0633 \u0639\u0628\u0631 \u0628\u0631\u0646\u0627\u0645\u062c Zoom\u060c \u0648\u064a\u062c\u0628 \u0627\u0644\u0625\u062e\u0637\u0627\u0631 \u0628\u0625\u0644\u063a\u0627\u0621 \u0627\u0644\u062d\u0635\u0629 \u0642\u0628\u0644 3 \u0633\u0627\u0639\u0627\u062a \u0639\u0644\u0649 \u0627\u0644\u0623\u0642\u0644 \u0645\u0646 \u0628\u062f\u0621 \u0627\u0644\u062d\u0635\u0629. \u0625\u0630\u0627 \u0644\u0645 \u064a\u062a\u0645 \u0627\u0644\u0625\u062e\u0637\u0627\u0631 \u0628\u0627\u0644\u0625\u0644\u063a\u0627\u0621 \u0648\u0644\u0645 \u064a\u062a\u0645 \u062d\u0636\u0648\u0631 \u0627\u0644\u0641\u0635\u0644\u060c \u064a\u0639\u062a\u0628\u0631 \u0627\u0644\u062f\u0631\u0633 \u0645\u0643\u062a\u0645\u0644\u0627\u064b.<\/p><p>\u0628\u0627\u0644\u0625\u0636\u0627\u0641\u0629 \u0625\u0644\u0649 \u0630\u0644\u0643\u060c \u0623\u0648\u062f \u0645\u0646\u0643 \u062a\u062d\u062f\u064a\u062f \u0627\u0644\u064a\u0648\u0645 \u0648\u0627\u0644\u0648\u0642\u062a \u0627\u0644\u0630\u064a \u062a\u0641\u0636\u0644\u0647 \u0644\u0644\u062f\u0631\u0633. \u0625\u0630\u0627 \u0643\u0627\u0646 \u0644\u062f\u064a\u0643 \u0623\u064a \u0634\u064a\u0621 \u062a\u0631\u064a\u062f \u0623\u0646 \u062a\u0633\u0623\u0644\u0647\u060c \u064a\u0645\u0643\u0646\u0643 \u0627\u0644\u0643\u062a\u0627\u0628\u0629\u060c \u064a\u0627 \u0639\u0632\u064a\u0632\u064a. \u062a\u062a\u0645 \u0625\u0636\u0627\u0641\u0629 \u0637\u0644\u0627\u0628\u0646\u0627 \u0627\u0644\u0630\u064a\u0646 \u064a\u0623\u062e\u0630\u0648\u0646 \u062f\u0631\u0648\u0633\u064b\u0627 \u062e\u0627\u0635\u0629 \u0641\u064a YDT \u0625\u0644\u0649 \u0645\u062c\u0645\u0648\u0639\u0627\u062a \u062d\u0644 \u0627\u0644\u0623\u0633\u0626\u0644\u0629 TYT \u0648YDT \u0648\u064a\u062a\u0645 \u062a\u0648\u0641\u064a\u0631 \u062f\u0639\u0645 \u062d\u0644 \u0627\u0644\u0623\u0633\u0626\u0644\u0629.<\/p><p>\u062a\u0642\u0627\u0645 \u0627\u0644\u062f\u0631\u0627\u0633\u0627\u062a \u0627\u0644\u062f\u0631\u0627\u0633\u064a\u0629 \u0643\u0644 \u0623\u0633\u0628\u0648\u0639 \u0645\u0633\u0627\u0621 \u0623\u064a\u0627\u0645 \u0627\u0644\u0627\u062b\u0646\u064a\u0646 \u0648\u0627\u0644\u0623\u0631\u0628\u0639\u0627\u0621 \u0648\u0627\u0644\u062c\u0645\u0639\u0629 \u0639\u0628\u0631 \u062a\u0637\u0628\u064a\u0642 Zoom \u0628\u064a\u0646 \u0627\u0644\u0633\u0627\u0639\u0629 21.00-22.30\u060c \u0648\u0641\u064a \u0647\u0630\u0647 \u0627\u0644\u062f\u0631\u0627\u0633\u0627\u062a \u064a\u062f\u0631\u0633 \u062c\u0645\u064a\u0639 \u0627\u0644\u0637\u0644\u0627\u0628 \u0645\u0639 \u062a\u0634\u063a\u064a\u0644 \u0643\u0627\u0645\u064a\u0631\u0627\u062a\u0647\u0645 \u0648\u0645\u064a\u0643\u0631\u0648\u0641\u0648\u0646\u0627\u062a\u0647\u0645 \u0645\u063a\u0644\u0642\u0629. (\u0641\u064a \u0634\u0643\u0644 \u0628\u064a\u0626\u0629 \u0645\u0643\u062a\u0628\u0629 \u0639\u0644\u0649 \u0627\u0644\u0625\u0646\u062a\u0631\u0646\u062a.)<\/p><p>YDT \u00d6zel ders sistemine kay\u0131t olan \u00f6\u011frencilerimiz \u00fccretsiz olarak YDT Ko\u00e7luk hizmeti de almaktad\u0131rlar.<\/p><p>\u064a\u0642\u0648\u0645 \u0627\u0644\u0637\u0644\u0627\u0628 \u0628\u062d\u0644 \u0627\u0644\u0627\u062e\u062a\u0628\u0627\u0631\u0627\u062a \u0639\u0628\u0631 Zoom \u0641\u064a \u0646\u0647\u0627\u064a\u0629 \u0643\u0644 \u0623\u0633\u0628\u0648\u0639\u060c \u0627\u0644\u0633\u0628\u062a 10.15 \u062a\u064a\u062a \u0648\u0627\u0644\u0623\u062d\u062f 15.45 \u062a\u064a\u062a. \u0623\u062b\u0646\u0627\u0621 \u0647\u0630\u0647 \u0627\u0644\u062a\u062c\u0627\u0631\u0628\u060c \u064a\u062c\u0628 \u0623\u0646 \u062a\u0643\u0648\u0646 \u0643\u0627\u0645\u064a\u0631\u0627 \u0627\u0644\u0643\u0645\u0628\u064a\u0648\u062a\u0631\/\u0627\u0644\u062c\u0647\u0627\u0632 \u0627\u0644\u0644\u0648\u062d\u064a\/\u0627\u0644\u0647\u0627\u062a\u0641 \u0642\u064a\u062f \u0627\u0644\u062a\u0634\u063a\u064a\u0644\u060c \u0628\u062d\u064a\u062b \u062a\u0638\u0647\u0631 \u0627\u0644\u0639\u0646\u0627\u0635\u0631 \u0627\u0644\u0628\u0635\u0631\u064a\u0629 \u0648\u0627\u0644\u062a\u062c\u0631\u0628\u0629 \u0623\u0645\u0627\u0645\u0643\u060c \u0648\u064a\u062c\u0628 \u0623\u0646 \u064a\u0643\u0648\u0646 \u0627\u0644\u0635\u0648\u062a \u0645\u063a\u0644\u0642\u064b\u0627.<\/p>\n\t\t\t\t\t<\/div>\n\t\t\t\t\t\t<\/div>\n\t\t\t\t<\/div>\n\t\t\t\t\t<\/div>\n\t\t\t\t<\/div>\n\t\t<div class=\"wd-negative-gap elementor-element elementor-element-3bf6f7f e-flex e-con-boxed e-con e-parent\" data-id=\"3bf6f7f\" data-element_type=\"container\">\n\t\t\t\t\t<div class=\"e-con-inner\">\n\t\t\t\t<div class=\"elementor-element elementor-element-2d07e4e elementor-widget-divider--view-line elementor-widget elementor-widget-divider\" data-id=\"2d07e4e\" data-element_type=\"widget\" data-widget_type=\"divider.default\">\n\t\t\t\t<div class=\"elementor-widget-container\">\n\t\t\t\t\t\t\t<div class=\"elementor-divider\">\n\t\t\t<span class=\"elementor-divider-separator\">\n\t\t\t\t\t\t<\/span>\n\t\t<\/div>\n\t\t\t\t\t\t<\/div>\n\t\t\t\t<\/div>\n\t\t\t\t\t<\/div>\n\t\t\t\t<\/div>\n\t\t<div class=\"wd-negative-gap elementor-element elementor-element-dc2ef1e e-flex e-con-boxed e-con e-parent\" data-id=\"dc2ef1e\" data-element_type=\"container\">\n\t\t\t\t\t<div class=\"e-con-inner\">\n\t\t\t\t<div class=\"elementor-element elementor-element-86b2db3 elementor-widget__width-initial elementor-widget elementor-widget-heading\" data-id=\"86b2db3\" data-element_type=\"widget\" data-widget_type=\"heading.default\">\n\t\t\t\t<div class=\"elementor-widget-container\">\n\t\t\t\t\t<h2 class=\"elementor-heading-title elementor-size-default\">\u0631\u0633\u0648\u0645 \u0627\u0644\u0628\u0631\u0646\u0627\u0645\u062c.<\/h2>\t\t\t\t<\/div>\n\t\t\t\t<\/div>\n\t\t\t\t\t<\/div>\n\t\t\t\t<\/div>\n\t\t<div class=\"wd-negative-gap elementor-element elementor-element-e30b2ce e-flex e-con-boxed e-con e-parent\" data-id=\"e30b2ce\" data-element_type=\"container\">\n\t\t\t\t\t<div class=\"e-con-inner\">\n\t\t\t\t<div class=\"elementor-element elementor-element-391d189 elementor-widget__width-initial elementor-widget elementor-widget-wd_text_block\" data-id=\"391d189\" data-element_type=\"widget\" data-widget_type=\"wd_text_block.default\">\n\t\t\t\t<div class=\"elementor-widget-container\">\n\t\t\t\t\t\t\t<div class=\"wd-text-block reset-last-child text-center\">\n\t\t\t\n\t\t\t<p>\u062a\u062a\u0645 \u0641\u0627\u062a\u0648\u0631\u0629 \u062c\u0645\u064a\u0639 \u0645\u062f\u0641\u0648\u0639\u0627\u062a\u0643 \u0648\u064a\u062a\u0645 \u0625\u0631\u0633\u0627\u0644 \u0641\u0627\u062a\u0648\u0631\u062a\u0643 \u062e\u0644\u0627\u0644 \u0630\u0644\u0643 \u0627\u0644\u0634\u0647\u0631.<\/p>\n\t\t\t\t\t<\/div>\n\t\t\t\t\t\t<\/div>\n\t\t\t\t<\/div>\n\t\t\t\t\t<\/div>\n\t\t\t\t<\/div>\n\t\t<div class=\"wd-negative-gap elementor-element elementor-element-3e802fd e-flex e-con-boxed e-con e-parent\" data-id=\"3e802fd\" data-element_type=\"container\">\n\t\t\t\t\t<div class=\"e-con-inner\">\n\t\t\t\t<div class=\"elementor-element elementor-element-add3d21 elementor-widget-divider--view-line elementor-widget elementor-widget-divider\" data-id=\"add3d21\" data-element_type=\"widget\" data-widget_type=\"divider.default\">\n\t\t\t\t<div class=\"elementor-widget-container\">\n\t\t\t\t\t\t\t<div class=\"elementor-divider\">\n\t\t\t<span class=\"elementor-divider-separator\">\n\t\t\t\t\t\t<\/span>\n\t\t<\/div>\n\t\t\t\t\t\t<\/div>\n\t\t\t\t<\/div>\n\t\t\t\t<div class=\"elementor-element elementor-element-8083561 elementor-widget__width-initial elementor-absolute elementor-widget elementor-widget-heading\" data-id=\"8083561\" data-element_type=\"widget\" data-settings=\"{&quot;_position&quot;:&quot;absolute&quot;}\" data-widget_type=\"heading.default\">\n\t\t\t\t<div class=\"elementor-widget-container\">\n\t\t\t\t\t<h3 class=\"elementor-heading-title elementor-size-default\">\u0627\u0644\u062a\u0642\u062f\u064a\u0645 \u0639\u0644\u0649 \u0647\u0630\u0647 \u0627\u0644\u062e\u062f\u0645\u0629 \u0648 <br>\u0647\u0644 \u062a\u0631\u063a\u0628 \u0641\u064a \u0627\u0644\u0627\u0646\u0636\u0645\u0627\u0645 \u0625\u0644\u064a\u0646\u0627\u061f<\/h3>\t\t\t\t<\/div>\n\t\t\t\t<\/div>\n\t\t\t\t\t<\/div>\n\t\t\t\t<\/div>\n\t\t<div class=\"wd-negative-gap elementor-element elementor-element-f418d88 e-flex e-con-boxed e-con e-parent\" data-id=\"f418d88\" data-element_type=\"container\">\n\t\t\t\t\t<div class=\"e-con-inner\">\n\t\t<div class=\"elementor-element elementor-element-ebbc912 e-con-full e-flex e-con e-child\" data-id=\"ebbc912\" data-element_type=\"container\">\n\t\t\t\t<\/div>\n\t\t<div class=\"elementor-element elementor-element-b3043e7 e-con-full e-flex e-con e-child\" data-id=\"b3043e7\" data-element_type=\"container\">\n\t\t\t\t<div class=\"elementor-element elementor-element-c02edd3 elementor-widget elementor-widget-spacer\" data-id=\"c02edd3\" data-element_type=\"widget\" data-widget_type=\"spacer.default\">\n\t\t\t\t<div class=\"elementor-widget-container\">\n\t\t\t\t\t\t\t<div class=\"elementor-spacer\">\n\t\t\t<div class=\"elementor-spacer-inner\"><\/div>\n\t\t<\/div>\n\t\t\t\t\t\t<\/div>\n\t\t\t\t<\/div>\n\t\t\t\t<div class=\"elementor-element elementor-element-21020bd elementor-widget elementor-widget-wpforms\" data-id=\"21020bd\" data-element_type=\"widget\" data-widget_type=\"wpforms.default\">\n\t\t\t\t<div class=\"elementor-widget-container\">\n\t\t\t\t\t<style id=\"wpforms-css-vars-root\">\n\t\t\t\t:root {\n\t\t\t\t\t--wpforms-field-border-radius: 3px;\n--wpforms-field-border-style: solid;\n--wpforms-field-border-size: 1px;\n--wpforms-field-background-color: #ffffff;\n--wpforms-field-border-color: rgba( 0, 0, 0, 0.25 );\n--wpforms-field-border-color-spare: rgba( 0, 0, 0, 0.25 );\n--wpforms-field-text-color: rgba( 0, 0, 0, 0.7 );\n--wpforms-field-menu-color: #ffffff;\n--wpforms-label-color: rgba( 0, 0, 0, 0.85 );\n--wpforms-label-sublabel-color: rgba( 0, 0, 0, 0.55 );\n--wpforms-label-error-color: #d63637;\n--wpforms-button-border-radius: 3px;\n--wpforms-button-border-style: none;\n--wpforms-button-border-size: 1px;\n--wpforms-button-background-color: #066aab;\n--wpforms-button-border-color: #066aab;\n--wpforms-button-text-color: #ffffff;\n--wpforms-page-break-color: #066aab;\n--wpforms-background-image: none;\n--wpforms-background-position: center center;\n--wpforms-background-repeat: no-repeat;\n--wpforms-background-size: cover;\n--wpforms-background-width: 100px;\n--wpforms-background-height: 100px;\n--wpforms-background-color: rgba( 0, 0, 0, 0 );\n--wpforms-background-url: none;\n--wpforms-container-padding: 0px;\n--wpforms-container-border-style: none;\n--wpforms-container-border-width: 1px;\n--wpforms-container-border-color: #000000;\n--wpforms-container-border-radius: 3px;\n--wpforms-field-size-input-height: 43px;\n--wpforms-field-size-input-spacing: 15px;\n--wpforms-field-size-font-size: 16px;\n--wpforms-field-size-line-height: 19px;\n--wpforms-field-size-padding-h: 14px;\n--wpforms-field-size-checkbox-size: 16px;\n--wpforms-field-size-sublabel-spacing: 5px;\n--wpforms-field-size-icon-size: 1;\n--wpforms-label-size-font-size: 16px;\n--wpforms-label-size-line-height: 19px;\n--wpforms-label-size-sublabel-font-size: 14px;\n--wpforms-label-size-sublabel-line-height: 17px;\n--wpforms-button-size-font-size: 17px;\n--wpforms-button-size-height: 41px;\n--wpforms-button-size-padding-h: 15px;\n--wpforms-button-size-margin-top: 10px;\n--wpforms-container-shadow-size-box-shadow: none;\n\n\t\t\t\t}\n\t\t\t<\/style><style id=\"wpforms-css-vars-elementor-widget-21020bd\">\n\t\t\t\t.elementor-widget-wpforms.elementor-element-21020bd {\n\t\t\t\t\t--wpforms-field-border-radius: 30px;\n--wpforms-button-border-radius: 25px;\n--wpforms-button-background-color: #870000;\n--wpforms-field-size-input-height: 43px;\n--wpforms-field-size-input-spacing: 15px;\n--wpforms-field-size-font-size: 16px;\n--wpforms-field-size-line-height: 19px;\n--wpforms-field-size-padding-h: 14px;\n--wpforms-field-size-checkbox-size: 16px;\n--wpforms-field-size-sublabel-spacing: 5px;\n--wpforms-field-size-icon-size: 1;\n--wpforms-label-size-font-size: 16px;\n--wpforms-label-size-line-height: 19px;\n--wpforms-label-size-sublabel-font-size: 14px;\n--wpforms-label-size-sublabel-line-height: 17px;\n--wpforms-button-size-font-size: 20px;\n--wpforms-button-size-height: 48px;\n--wpforms-button-size-padding-h: 20px;\n--wpforms-button-size-margin-top: 15px;\n\n\t\t\t\t}\n\t\t\t<\/style><div class=\"wpforms-container wpforms-container-full wpforms-render-modern\" id=\"wpforms-25185\"><form id=\"wpforms-form-25185\" class=\"wpforms-validate wpforms-form wpforms-ajax-form\" data-formid=\"25185\" method=\"post\" enctype=\"multipart\/form-data\" action=\"\/ar\/wp-json\/wp\/v2\/product\/24983\" data-token=\"de89128415721470c0a8d1f14918eb15\" data-token-time=\"1776593394\" data-trp-original-action=\"\/ar\/wp-json\/wp\/v2\/product\/24983\"><noscript class=\"wpforms-error-noscript\">Please enable JavaScript in your browser to complete this form.<\/noscript><div class=\"wpforms-hidden\" id=\"wpforms-error-noscript\">Please enable JavaScript in your browser to complete this form.<\/div><div class=\"wpforms-field-container\"><div id=\"wpforms-25185-field_1-container\" class=\"wpforms-field wpforms-field-name\" data-field-id=\"1\"><fieldset><legend class=\"wpforms-field-label\">\u0627\u0633\u0645 \u0648\u0644\u0642\u0628 <span class=\"wpforms-required-label\" aria-hidden=\"true\">*<\/span><\/legend><div class=\"wpforms-field-row wpforms-field-large\"><div class=\"wpforms-field-row-block wpforms-first wpforms-one-half\"><input type=\"text\" id=\"wpforms-25185-field_1\" class=\"wpforms-field-name-first wpforms-field-required\" name=\"wpforms[fields][1][first]\" aria-errormessage=\"wpforms-25185-field_1-error\" required><label for=\"wpforms-25185-field_1\" class=\"wpforms-field-sublabel after wpforms-sublabel-hide\">First<\/label><\/div><div class=\"wpforms-field-row-block wpforms-one-half\"><input type=\"text\" id=\"wpforms-25185-field_1-last\" class=\"wpforms-field-name-last wpforms-field-required\" name=\"wpforms[fields][1][last]\" aria-errormessage=\"wpforms-25185-field_1-last-error\" required><label for=\"wpforms-25185-field_1-last\" class=\"wpforms-field-sublabel after wpforms-sublabel-hide\">Last<\/label><\/div><\/div><\/fieldset><\/div><div id=\"wpforms-25185-field_2-container\" class=\"wpforms-field wpforms-field-email\" data-field-id=\"2\"><label class=\"wpforms-field-label\" for=\"wpforms-25185-field_2\">\u0628\u0631\u064a\u062f \u0625\u0644\u0643\u062a\u0631\u0648\u0646\u064a <span class=\"wpforms-required-label\" aria-hidden=\"true\">*<\/span><\/label><input type=\"email\" id=\"wpforms-25185-field_2\" class=\"wpforms-field-large wpforms-field-required\" name=\"wpforms[fields][2]\" spellcheck=\"false\" aria-errormessage=\"wpforms-25185-field_2-error\" required><\/div><div id=\"wpforms-25185-field_3-container\" class=\"wpforms-field wpforms-field-phone\" data-field-id=\"3\"><label class=\"wpforms-field-label\" for=\"wpforms-25185-field_3\">\u0647\u0627\u062a\u0641 <span class=\"wpforms-required-label\" aria-hidden=\"true\">*<\/span><\/label><input type=\"tel\" id=\"wpforms-25185-field_3\" class=\"wpforms-field-large wpforms-field-required wpforms-smart-phone-field\" data-rule-smart-phone-field=\"true\" name=\"wpforms[fields][3]\" aria-errormessage=\"wpforms-25185-field_3-error\" required><\/div><div id=\"wpforms-25185-field_4-container\" class=\"wpforms-field wpforms-field-text\" data-field-id=\"4\"><label class=\"wpforms-field-label\" for=\"wpforms-25185-field_4\">\u0631\u0633\u0627\u0644\u062a\u0643<\/label><input type=\"text\" id=\"wpforms-25185-field_4\" class=\"wpforms-field-large\" name=\"wpforms[fields][4]\" aria-errormessage=\"wpforms-25185-field_4-error\" ><\/div><div id=\"wpforms-25185-field_6-container\" class=\"wpforms-field wpforms-field-date-time\" data-field-id=\"6\"><label class=\"wpforms-field-label\" for=\"wpforms-25185-field_6\">\u062a\u0627\u0631\u064a\u062e \u0627\u0644\u0645\u064a\u0644\u0627\u062f <span class=\"wpforms-required-label\" aria-hidden=\"true\">*<\/span><\/label><div class=\"wpforms-datepicker-wrap\"><input type=\"text\" id=\"wpforms-25185-field_6\" class=\"wpforms-field-date-time-date wpforms-datepicker wpforms-field-required wpforms-field-large\" data-date-format=\"m\/d\/Y\" data-disable-past-dates=\"0\" data-input=\"true\" name=\"wpforms[fields][6][date]\" aria-errormessage=\"wpforms-25185-field_6-error\" required><a title=\"Clear Date\" data-clear class=\"wpforms-datepicker-clear\" style=\"display:none;\"><\/a><\/div><\/div><div id=\"wpforms-25185-field_7-container\" class=\"wpforms-field wpforms-field-select wpforms-field-select-style-modern\" data-field-id=\"7\"><label class=\"wpforms-field-label\" for=\"wpforms-25185-field_7\">\u062d\u062f\u062f \u0646\u0648\u0639 \u0627\u0644\u062c\u0646\u0633 <span class=\"wpforms-required-label\" aria-hidden=\"true\">*<\/span><\/label><select id=\"wpforms-25185-field_7\" class=\"wpforms-field-large wpforms-field-required choicesjs-select\" data-size-class=\"wpforms-field-row wpforms-field-large\" data-search-enabled=\"\" name=\"wpforms[fields][7]\" required=\"required\"><option value=\"\" class=\"placeholder\" disabled selected='selected'>\u062d\u062f\u062f \u0646\u0648\u0639 \u0627\u0644\u062c\u0646\u0633<\/option><option value=\"Kad\u0131n\" >\u0627\u0645\u0631\u0623\u0629<\/option><option value=\"Erkek\" >\u0630\u0643\u0631<\/option><option value=\"Belirtmek \u0130stemiyorum\" >\u0644\u0627 \u0623\u0631\u064a\u062f \u0623\u0646 \u0623\u062d\u062f\u062f<\/option><\/select><\/div><\/div><!-- .wpforms-field-container --><div class=\"wpforms-submit-container\" ><input type=\"hidden\" name=\"wpforms[id]\" value=\"25185\"><input type=\"hidden\" name=\"page_title\" value=\"\"><input type=\"hidden\" name=\"page_url\" value=\"https:\/\/vistaakademi.com\/ar\/wp-json\/wp\/v2\/product\/24983\"><button type=\"submit\" name=\"wpforms[submit]\" id=\"wpforms-submit-25185\" class=\"wpforms-submit\" data-alt-text=\"G\u00f6nderiliyor...\" data-submit-text=\"Hemen Ba\u015fvuru Olu\u015ftur\" aria-live=\"assertive\" value=\"wpforms-submit\">\u0623\u0646\u0634\u0626 \u0627\u0644\u062a\u0637\u0628\u064a\u0642 \u0627\u0644\u0622\u0646<\/button><img decoding=\"async\" src=\"https:\/\/vistaakademi.com\/wp-content\/plugins\/wpforms\/assets\/images\/submit-spin.svg\" class=\"wpforms-submit-spinner\" style=\"display: none;\" width=\"26\" height=\"26\" alt=\"Loading\"><\/div><input type=\"hidden\" name=\"trp-form-language\" value=\"ar\"\/><\/form><\/div>  <!-- .wpforms-container -->\t\t\t\t<\/div>\n\t\t\t\t<\/div>\n\t\t\t\t<\/div>\n\t\t\t\t\t<\/div>\n\t\t\t\t<\/div>\n\t\t\t\t<\/div>","protected":false},"excerpt":{"rendered":"<p>\u2713 \u00d6\u011frencinin seviyesine uygun m\u00fcfredat\u200b<\/p>\n<p>\u2713 Bireysel \u00f6devlendirme ve takip<\/p>\n<p>\u2713 \u00dccretsiz YDT ko\u00e7lu\u011fu<\/p>\n<p>\u2713 TYT &amp; YDT Soru \u00e7\u00f6z\u00fcm gruplar\u0131<\/p>\n<p>\u2713 \u00dccretsiz YDT deneme analizleri<\/p>\n<p>&nbsp;<\/p>","protected":false},"featured_media":26153,"comment_status":"open","ping_status":"closed","template":"","meta":[],"product_brand":[],"product_cat":[75],"product_tag":[],"class_list":{"0":"post-24983","1":"product","2":"type-product","3":"status-publish","4":"has-post-thumbnail","6":"product_cat-hizmetlerimiz","8":"first","9":"onbackorder","10":"sale","11":"shipping-taxable","12":"purchasable","13":"product-type-variable"},"_links":{"self":[{"href":"https:\/\/vistaakademi.com\/ar\/wp-json\/wp\/v2\/product\/24983","targetHints":{"allow":["GET"]}}],"collection":[{"href":"https:\/\/vistaakademi.com\/ar\/wp-json\/wp\/v2\/product"}],"about":[{"href":"https:\/\/vistaakademi.com\/ar\/wp-json\/wp\/v2\/types\/product"}],"replies":[{"embeddable":true,"href":"https:\/\/vistaakademi.com\/ar\/wp-json\/wp\/v2\/comments?post=24983"}],"version-history":[{"count":0,"href":"https:\/\/vistaakademi.com\/ar\/wp-json\/wp\/v2\/product\/24983\/revisions"}],"wp:featuredmedia":[{"embeddable":true,"href":"https:\/\/vistaakademi.com\/ar\/wp-json\/wp\/v2\/media\/26153"}],"wp:attachment":[{"href":"https:\/\/vistaakademi.com\/ar\/wp-json\/wp\/v2\/media?parent=24983"}],"wp:term":[{"taxonomy":"product_brand","embeddable":true,"href":"https:\/\/vistaakademi.com\/ar\/wp-json\/wp\/v2\/product_brand?post=24983"},{"taxonomy":"product_cat","embeddable":true,"href":"https:\/\/vistaakademi.com\/ar\/wp-json\/wp\/v2\/product_cat?post=24983"},{"taxonomy":"product_tag","embeddable":true,"href":"https:\/\/vistaakademi.com\/ar\/wp-json\/wp\/v2\/product_tag?post=24983"}],"curies":[{"name":"wp","href":"https:\/\/api.w.org\/{rel}","templated":true}]}}