{"id":26701,"date":"2026-03-28T19:29:42","date_gmt":"2026-03-28T16:29:42","guid":{"rendered":"https:\/\/vistaakademi.com\/?post_type=product&#038;p=26701"},"modified":"2026-03-28T19:33:41","modified_gmt":"2026-03-28T16:33:41","slug":"yks-dil-soru-cozum-kampi","status":"publish","type":"product","link":"https:\/\/vistaakademi.com\/ar\/product\/yks-dil-soru-cozum-kampi\/","title":{"rendered":"YKS D\u0130L SORU \u00c7\u00d6Z\u00dcM KAMPI"},"content":{"rendered":"<p>Kamp\u0131m\u0131z toplam 60 ders saatinden olu\u015fmaktad\u0131r.<\/p>\n<p>60 ders saatinin 30 saati YDT canl\u0131 soru \u00e7\u00f6z\u00fcm dersi, 30 saati ise TYT ko\u00e7luk g\u00f6r\u00fc\u015fmesi ve TYT Matematik soru \u00e7\u00f6z\u00fcm dersi olarak planlanm\u0131\u015ft\u0131r.<\/p>\n<p>Kamp\u0131m\u0131z\u0131n amac\u0131 YKS 2026 i\u00e7in sizlere kalan s\u00fcrede hem YDT hem TYT Matematik ad\u0131na soru \u00e7\u00f6z\u00fcm prati\u011fi kazanman\u0131z\u0131 sa\u011flamak ve kalan s\u00fcreyi en iyi \u015fekilde de\u011ferlendirmektir.<\/p>\n<p>\u00c7ar\u015famba ak\u015famlar\u0131 YDT soru \u00e7\u00f6z\u00fcm dersi, Cuma ak\u015famlar\u0131 ise TYT Matematik soru \u00e7\u00f6z\u00fcm dersi i\u015flenecektir. TYT Matematik dersinden sonra 30 dakikal\u0131k t\u00fcm \u00f6\u011frencilerin dahil genel bir ko\u00e7luk seans\u0131 yap\u0131l\u0131p bir sonraki hafta yap\u0131lmas\u0131 gerekenler e\u011fitim ko\u00e7unuz taraf\u0131ndan sizinle payla\u015f\u0131lacakt\u0131r.<\/p>\n<p>Bu kampta amac\u0131m\u0131z soru \u00e7\u00f6zerken h\u0131z kazanman\u0131z ve sizleri YKS 2026&#8217;ya en iyi \u015fekilde haz\u0131rlamakt\u0131r. Derslerde kullan\u0131lacak olan materyaller ders \u00f6ncesinde sizlere PDF format\u0131nda iletilecektir.<span class=\"Apple-converted-space\">\u00a0<\/span><\/p>\n<p>\ud83d\udc69\ud83c\udffc\u200d\ud83d\udcbbDerslerimiz online olarak canl\u0131 bir \u015fekilde Vista Akademi \u00f6\u011frenci \u00fczerinden ger\u00e7ekle\u015ftirilecek olup her ders kay\u0131t alt\u0131na al\u0131nacakt\u0131r. B\u00f6ylece kat\u0131lamad\u0131\u011f\u0131n\u0131z derslere eri\u015fim imkan\u0131n\u0131z olacak olup ders kayb\u0131 ya\u015fanmayacakt\u0131r. <strong>(Ders kay\u0131tlar\u0131na 21 Haziran&#8217;a kadar eri\u015fim sa\u011flayabilirsiniz.)<\/strong><\/p>\n<p>*Fiyatlar\u0131m\u0131za KDV dahildir.<\/p>\n<p>*Havale\/Eft ile yap\u0131lacak \u00f6demelerde %5 nakit \u00f6deme indirimi uygulanacakt\u0131r. Havale\/Eft ile \u00f6deme yapmak i\u00e7in WhatsApp \u00fczerinden ileti\u015fime ge\u00e7ebilirsiniz.<\/p>","protected":false},"excerpt":{"rendered":"<p><strong>Ba\u015flama tarihi:<\/strong> 8 Nisan \u00c7ar\u015famba<\/p>\n<p>\ud83d\uddd3\ufe0f<strong>Ders g\u00fcnleri:<\/strong> \u00c7ar\u015famba &amp; Cuma<\/p>\n<p>\u23f0<strong>Ders saatleri: <\/strong>19.30-21.30<\/p>\n<p>\ud83d\udc69\ud83c\udffc\u200d\ud83d\udcbb Online<\/p>","protected":false},"featured_media":26702,"comment_status":"closed","ping_status":"closed","template":"","meta":[],"product_brand":[],"product_cat":[20],"product_tag":[],"class_list":{"0":"post-26701","1":"product","2":"type-product","3":"status-publish","4":"has-post-thumbnail","6":"product_cat-accessories","8":"first","9":"instock","10":"sale","11":"shipping-taxable","12":"purchasable","13":"product-type-simple"},"_links":{"self":[{"href":"https:\/\/vistaakademi.com\/ar\/wp-json\/wp\/v2\/product\/26701","targetHints":{"allow":["GET"]}}],"collection":[{"href":"https:\/\/vistaakademi.com\/ar\/wp-json\/wp\/v2\/product"}],"about":[{"href":"https:\/\/vistaakademi.com\/ar\/wp-json\/wp\/v2\/types\/product"}],"replies":[{"embeddable":true,"href":"https:\/\/vistaakademi.com\/ar\/wp-json\/wp\/v2\/comments?post=26701"}],"version-history":[{"count":0,"href":"https:\/\/vistaakademi.com\/ar\/wp-json\/wp\/v2\/product\/26701\/revisions"}],"wp:featuredmedia":[{"embeddable":true,"href":"https:\/\/vistaakademi.com\/ar\/wp-json\/wp\/v2\/media\/26702"}],"wp:attachment":[{"href":"https:\/\/vistaakademi.com\/ar\/wp-json\/wp\/v2\/media?parent=26701"}],"wp:term":[{"taxonomy":"product_brand","embeddable":true,"href":"https:\/\/vistaakademi.com\/ar\/wp-json\/wp\/v2\/product_brand?post=26701"},{"taxonomy":"product_cat","embeddable":true,"href":"https:\/\/vistaakademi.com\/ar\/wp-json\/wp\/v2\/product_cat?post=26701"},{"taxonomy":"product_tag","embeddable":true,"href":"https:\/\/vistaakademi.com\/ar\/wp-json\/wp\/v2\/product_tag?post=26701"}],"curies":[{"name":"wp","href":"https:\/\/api.w.org\/{rel}","templated":true}]}}