{"id":4400,"date":"2021-10-12T15:51:09","date_gmt":"2021-10-12T15:51:09","guid":{"rendered":"http:\/\/dummy.xtemos.com\/woodmart2\/elementor\/?page_id=4400"},"modified":"2025-09-02T15:29:27","modified_gmt":"2025-09-02T12:29:27","slug":"hakkimizda","status":"publish","type":"page","link":"https:\/\/vistaakademi.com\/de\/hakkimizda\/","title":{"rendered":"\u00fcber uns"},"content":{"rendered":"<div data-elementor-type=\"wp-page\" data-elementor-id=\"4400\" class=\"elementor elementor-4400\" data-elementor-post-type=\"page\">\n\t\t\t\t<div class=\"wd-negative-gap elementor-element elementor-element-7c7c544 e-flex e-con-boxed e-con e-parent\" data-id=\"7c7c544\" data-element_type=\"container\">\n\t\t\t\t\t<div class=\"e-con-inner\">\n\t\t<div class=\"elementor-element elementor-element-e7cb5cd e-con-full e-flex e-con e-child\" data-id=\"e7cb5cd\" data-element_type=\"container\">\n\t\t\t\t<div class=\"elementor-element elementor-element-56aec39 elementor-widget elementor-widget-wd_image_or_svg\" data-id=\"56aec39\" data-element_type=\"widget\" data-widget_type=\"wd_image_or_svg.default\">\n\t\t\t\t<div class=\"elementor-widget-container\">\n\t\t\t\t\t\n\t\t<div class=\"wd-image text-left\">\n\t\t\t\t\t\t\t\t<img fetchpriority=\"high\" decoding=\"async\" width=\"520\" height=\"655\" src=\"https:\/\/vistaakademi.com\/wp-content\/uploads\/2024\/07\/Adsiz-tasarim-2024-07-18T120628.585.jpg\" class=\"attachment-full size-full\" alt=\"\" srcset=\"https:\/\/vistaakademi.com\/wp-content\/uploads\/2024\/07\/Adsiz-tasarim-2024-07-18T120628.585.jpg 520w, https:\/\/vistaakademi.com\/wp-content\/uploads\/2024\/07\/Adsiz-tasarim-2024-07-18T120628.585-350x441.jpg 350w, https:\/\/vistaakademi.com\/wp-content\/uploads\/2024\/07\/Adsiz-tasarim-2024-07-18T120628.585-150x189.jpg 150w, https:\/\/vistaakademi.com\/wp-content\/uploads\/2024\/07\/Adsiz-tasarim-2024-07-18T120628.585-500x630.jpg 500w, https:\/\/vistaakademi.com\/wp-content\/uploads\/2024\/07\/Adsiz-tasarim-2024-07-18T120628.585-238x300.jpg 238w\" sizes=\"(max-width: 520px) 100vw, 520px\" \/>\t\t\t\t\t<\/div>\n\n\t\t\t\t\t\t<\/div>\n\t\t\t\t<\/div>\n\t\t\t\t<\/div>\n\t\t<div class=\"elementor-element elementor-element-97d6084 e-con-full e-flex e-con e-child\" data-id=\"97d6084\" data-element_type=\"container\">\n\t\t\t\t<div class=\"elementor-element elementor-element-98d830b elementor-widget__width-initial wd-width-100 elementor-widget elementor-widget-wd_title\" data-id=\"98d830b\" data-element_type=\"widget\" data-widget_type=\"wd_title.default\">\n\t\t\t\t<div class=\"elementor-widget-container\">\n\t\t\t\t\t\t\t<div class=\"title-wrapper set-mb-s reset-last-child wd-title-color-primary wd-title-style-default wd-title-size-large text-left\">\n\n\t\t\t\t\t\t\t<div class=\"title-subtitle subtitle-color-primary subtitle-style-default wd-fontsize-xs\">\n\t\t\t\t\t<b>Vista Academy | Coaching &amp; Sprachtraining<\/b>\t\t\t\t<\/div>\n\t\t\t\n\t\t\t<div class=\"liner-continer\">\n\t\t\t\t<h4 class=\"woodmart-title-container title wd-fontsize-xxl\"><\/h4> \n\t\t\t\t\t\t\t<\/div>\n\n\t\t\t\t\t<\/div>\n\t\t\t\t\t\t<\/div>\n\t\t\t\t<\/div>\n\t\t\t\t<div class=\"elementor-element elementor-element-66e47ad elementor-widget elementor-widget-wd_text_block\" data-id=\"66e47ad\" data-element_type=\"widget\" data-widget_type=\"wd_text_block.default\">\n\t\t\t\t<div class=\"elementor-widget-container\">\n\t\t\t\t\t\t\t<div class=\"wd-text-block reset-last-child text-left color-scheme-dark\">\n\t\t\t\n\t\t\t\n\t\t\t\t\t<\/div>\n\t\t\t\t\t\t<\/div>\n\t\t\t\t<\/div>\n\t\t\t\t<div class=\"elementor-element elementor-element-9a24670 elementor-position-left elementor-view-default elementor-mobile-position-top elementor-vertical-align-top elementor-widget elementor-widget-icon-box\" data-id=\"9a24670\" data-element_type=\"widget\" data-widget_type=\"icon-box.default\">\n\t\t\t\t<div class=\"elementor-widget-container\">\n\t\t\t\t\t\t\t<div class=\"elementor-icon-box-wrapper\">\n\n\t\t\t\t\t\t<div class=\"elementor-icon-box-icon\">\n\t\t\t\t<span  class=\"elementor-icon\">\n\t\t\t\t<i aria-hidden=\"true\" class=\"far fa-user\"><\/i>\t\t\t\t<\/span>\n\t\t\t<\/div>\n\t\t\t\n\t\t\t\t\t\t<div class=\"elementor-icon-box-content\">\n\n\t\t\t\t\t\t\t\t\t<h2 class=\"elementor-icon-box-title\">\n\t\t\t\t\t\t<span  >\n\t\t\t\t\t\t\t500+ \u00f6\u011frencinin kariyerine etki ettik.\t\t\t\t\t\t<\/span>\n\t\t\t\t\t<\/h2>\n\t\t\t\t\n\t\t\t\t\n\t\t\t<\/div>\n\t\t\t\n\t\t<\/div>\n\t\t\t\t\t\t<\/div>\n\t\t\t\t<\/div>\n\t\t\t\t<div class=\"elementor-element elementor-element-830d0b9 elementor-widget elementor-widget-wd_text_block\" data-id=\"830d0b9\" data-element_type=\"widget\" data-widget_type=\"wd_text_block.default\">\n\t\t\t\t<div class=\"elementor-widget-container\">\n\t\t\t\t\t\t\t<div class=\"wd-text-block reset-last-child text-left color-scheme-dark\">\n\t\t\t\n\t\t\t<div id=\"ContentPlaceHolder1_txtKurumsal\" class=\"w-80 lg-w-100 mb-25px\"><p class=\"fs-13 mb-35px xs-lh-20\">Mit unserer Expertise\u00a0<span class=\"text-dark-gray text-decoration-line-bottom\">dein Erfolg<\/span>\u00a0Wir sind hier, um zu unterst\u00fctzen!<\/p><\/div>\n\t\t\t\t\t<\/div>\n\t\t\t\t\t\t<\/div>\n\t\t\t\t<\/div>\n\t\t\t\t<\/div>\n\t\t\t\t\t<\/div>\n\t\t\t\t<\/div>\n\t\t<div class=\"wd-negative-gap elementor-element elementor-element-228ea29 e-flex e-con-boxed e-con e-parent\" data-id=\"228ea29\" data-element_type=\"container\">\n\t\t\t\t\t<div class=\"e-con-inner\">\n\t\t\t\t<div class=\"elementor-element elementor-element-ba3a7a0 color-scheme-inherit text-left elementor-widget elementor-widget-text-editor\" data-id=\"ba3a7a0\" data-element_type=\"widget\" data-widget_type=\"text-editor.default\">\n\t\t\t\t<div class=\"elementor-widget-container\">\n\t\t\t\t\t\t\t\t\t<p>Als Foreign Language Education Academy bieten wir unseren Sch\u00fclern personalisierte Bildungserfahrungen mit einem Team, das auf die Vorbereitung auf T\u00fcrkisch- und Fremdsprachenpr\u00fcfungen spezialisiert ist. Unsere Mission ist es, die Sprachkenntnisse unserer Sch\u00fcler zu verbessern, ihr Selbstvertrauen zu st\u00e4rken und ihnen zu helfen, ihre Tr\u00e4ume zu verwirklichen. In diesem Zusammenhang arbeiten wir daran, den Erfolg unserer Sch\u00fcler mit unseren Vorbereitungsprogrammen f\u00fcr wichtige Sprachpr\u00fcfungen wie TYT &amp; YDT, YDS &amp; Y\u00d6KD\u0130L zu maximieren.<\/p><p>Die Vista Academy ist f\u00fcr ihr erfahrenes Lehrpersonal und ihren sch\u00fclerorientierten Ansatz bekannt. Indem wir die Bed\u00fcrfnisse jedes einzelnen unserer Sch\u00fcler verstehen, erstellen wir spezielle Bildungspl\u00e4ne f\u00fcr ihn und entwickeln Strategien, die ihm helfen, seine Ziele zu erreichen. St\u00e4rken Sie bei uns Ihre Sprachkenntnisse, lernen Sie eine neue Sprache und gehen Sie wichtige Schritte f\u00fcr Ihre Zukunft. Als Vista Academy glauben wir, dass Ihr Erfolg in der Sprache nur der Anfang ist, und wir freuen uns, diese Erfolgsgeschichte mit Ihnen zu schreiben.<\/p>\t\t\t\t\t\t\t\t<\/div>\n\t\t\t\t<\/div>\n\t\t\t\t\t<\/div>\n\t\t\t\t<\/div>\n\t\t\t\t<\/div>","protected":false},"excerpt":{"rendered":"<p>Vista Akademi | Ko\u00e7luk &amp; Dil E\u011fitimi 500+ \u00f6\u011frencinin kariyerine etki ettik. Uzmanl\u0131\u011f\u0131m\u0131zla\u00a0ba\u015far\u0131n\u0131z\u0131\u00a0desteklemek i\u00e7in buraday\u0131z! Yabanc\u0131 Dil E\u011fitim Akademisi olarak,<\/p>","protected":false},"author":1,"featured_media":0,"parent":0,"menu_order":0,"comment_status":"closed","ping_status":"closed","template":"","meta":{"footnotes":""},"class_list":["post-4400","page","type-page","status-publish","hentry"],"_links":{"self":[{"href":"https:\/\/vistaakademi.com\/de\/wp-json\/wp\/v2\/pages\/4400","targetHints":{"allow":["GET"]}}],"collection":[{"href":"https:\/\/vistaakademi.com\/de\/wp-json\/wp\/v2\/pages"}],"about":[{"href":"https:\/\/vistaakademi.com\/de\/wp-json\/wp\/v2\/types\/page"}],"author":[{"embeddable":true,"href":"https:\/\/vistaakademi.com\/de\/wp-json\/wp\/v2\/users\/1"}],"replies":[{"embeddable":true,"href":"https:\/\/vistaakademi.com\/de\/wp-json\/wp\/v2\/comments?post=4400"}],"version-history":[{"count":0,"href":"https:\/\/vistaakademi.com\/de\/wp-json\/wp\/v2\/pages\/4400\/revisions"}],"wp:attachment":[{"href":"https:\/\/vistaakademi.com\/de\/wp-json\/wp\/v2\/media?parent=4400"}],"curies":[{"name":"wp","href":"https:\/\/api.w.org\/{rel}","templated":true}]}}