{"id":25507,"date":"2024-07-25T17:11:49","date_gmt":"2024-07-25T14:11:49","guid":{"rendered":"https:\/\/vistaakademi.com\/?post_type=product&#038;p=25507"},"modified":"2025-09-08T13:33:23","modified_gmt":"2025-09-08T10:33:23","slug":"ydt-2025-grup-dersi","status":"publish","type":"product","link":"https:\/\/vistaakademi.com\/de\/produkt\/ydt-2025-grup-dersi\/","title":{"rendered":"YDT 2026 GRUP DERS\u0130"},"content":{"rendered":"<div data-elementor-type=\"product-post\" data-elementor-id=\"25507\" class=\"elementor elementor-25507\" data-elementor-post-type=\"product\">\n\t\t\t\t<div class=\"wd-negative-gap elementor-element elementor-element-1c1a307 e-flex e-con-boxed e-con e-parent\" data-id=\"1c1a307\" data-element_type=\"container\">\n\t\t\t\t\t<div class=\"e-con-inner\">\n\t\t\t\t<div class=\"elementor-element elementor-element-74bb11f5 color-scheme-inherit text-left elementor-widget elementor-widget-text-editor\" data-id=\"74bb11f5\" data-element_type=\"widget\" data-widget_type=\"text-editor.default\">\n\t\t\t\t<div class=\"elementor-widget-container\">\n\t\t\t\t\t\t\t\t\t<p>Dersler Cumartesi &#8211; Pazar 10.00-12.00 saatleri aras\u0131nda online (canl\u0131) \u015fekilde zoom platformu \u00fczerinden i\u015flenip kay\u0131t alt\u0131na al\u0131nacakt\u0131r b\u00f6ylece \u00f6\u011frenci ka\u00e7\u0131rm\u0131\u015f oldu\u011fu dersi daha sonra diledi\u011fi bir vakitte izleyebilecektir. *1 ders saati 40 dakikad\u0131r, 1 ders g\u00fcn\u00fcnde 3 ders saati i\u015flenir. Derslerde kullan\u0131lacak olan kaynaklar dersler ba\u015flamadan \u00f6nce \u00f6\u011frencilere \u00fccretsiz \u015fekilde g\u00f6nderilecektir. Derslerimiz kelime ve okuma odakl\u0131 olarak i\u015flenecek olup bol soru \u00e7\u00f6z\u00fcm\u00fc, stratejik anlat\u0131m ve soru \u00e7\u00f6z\u00fcm teknikleriyle desteklenecektir. Derslere kat\u0131lmak i\u00e7in; Zoom platformunu kullanaca\u011f\u0131n\u0131z cihaza ilgili uygulama \u00fczerinden indirip hesap olu\u015fturman\u0131z gerekmektedir. Sizlere kat\u0131l\u0131mc\u0131 bilgileri ders \u00f6ncesinde iletilecektir.\u00a0<\/p><p>*En az 3 ayl\u0131k TYT &amp; YDT ko\u00e7luk paketi sat\u0131n al\u0131mlar\u0131nda YDT grup dersinde %50 indirim uygulanmaktad\u0131r. (\u0130ndirim kodunuz i\u00e7in WhatsApp destek hatt\u0131ndan ileti\u015fime ge\u00e7ilmesi gerekir.)<\/p><p>Erken kay\u0131t indirimi: Mevcut fiyat 31 A\u011fustos&#8217;a kadar ge\u00e7erlidir. 1 Eyl\u00fcl itibariyle fiyat 48.490 TL olarak g\u00fcncellenecektir.\u00a0<\/p><p>*Fiyatlar\u0131m\u0131za KDV dahildir.<\/p><p>*Havale\/Eft ile yap\u0131lacak \u00f6demelerde %5 nakit \u00f6deme indirimi uygulanacakt\u0131r. Havale\/Eft ile \u00f6deme yapmak i\u00e7in WhatsApp \u00fczerinden ileti\u015fime ge\u00e7ebilirsiniz.<\/p>\t\t\t\t\t\t\t\t<\/div>\n\t\t\t\t<\/div>\n\t\t\t\t\t<\/div>\n\t\t\t\t<\/div>\n\t\t\t\t<\/div>","protected":false},"excerpt":{"rendered":"<ul>\n<li>Ba\u015flang\u0131\u00e7 tarihi: 13 Eyl\u00fcl 2025<\/li>\n<li>Biti\u015f tarihi: 14 Haziran 2026<\/li>\n<li>E\u011fitmen: Erbay Eren<\/li>\n<\/ul>","protected":false},"featured_media":26155,"comment_status":"closed","ping_status":"closed","template":"","meta":[],"product_brand":[],"product_cat":[75],"product_tag":[],"class_list":{"0":"post-25507","1":"product","2":"type-product","3":"status-publish","4":"has-post-thumbnail","6":"product_cat-hizmetlerimiz","8":"first","9":"instock","10":"sale","11":"sold-individually","12":"shipping-taxable","13":"purchasable","14":"product-type-simple"},"_links":{"self":[{"href":"https:\/\/vistaakademi.com\/de\/wp-json\/wp\/v2\/product\/25507","targetHints":{"allow":["GET"]}}],"collection":[{"href":"https:\/\/vistaakademi.com\/de\/wp-json\/wp\/v2\/product"}],"about":[{"href":"https:\/\/vistaakademi.com\/de\/wp-json\/wp\/v2\/types\/product"}],"replies":[{"embeddable":true,"href":"https:\/\/vistaakademi.com\/de\/wp-json\/wp\/v2\/comments?post=25507"}],"version-history":[{"count":0,"href":"https:\/\/vistaakademi.com\/de\/wp-json\/wp\/v2\/product\/25507\/revisions"}],"wp:featuredmedia":[{"embeddable":true,"href":"https:\/\/vistaakademi.com\/de\/wp-json\/wp\/v2\/media\/26155"}],"wp:attachment":[{"href":"https:\/\/vistaakademi.com\/de\/wp-json\/wp\/v2\/media?parent=25507"}],"wp:term":[{"taxonomy":"product_brand","embeddable":true,"href":"https:\/\/vistaakademi.com\/de\/wp-json\/wp\/v2\/product_brand?post=25507"},{"taxonomy":"product_cat","embeddable":true,"href":"https:\/\/vistaakademi.com\/de\/wp-json\/wp\/v2\/product_cat?post=25507"},{"taxonomy":"product_tag","embeddable":true,"href":"https:\/\/vistaakademi.com\/de\/wp-json\/wp\/v2\/product_tag?post=25507"}],"curies":[{"name":"wp","href":"https:\/\/api.w.org\/{rel}","templated":true}]}}