{"id":24161,"date":"2024-07-17T08:11:26","date_gmt":"2024-07-17T08:11:26","guid":{"rendered":"https:\/\/vistaakademi.com\/?page_id=24161"},"modified":"2024-10-21T14:17:38","modified_gmt":"2024-10-21T11:17:38","slug":"gorusler","status":"publish","type":"page","link":"https:\/\/vistaakademi.com\/en\/gorusler\/","title":{"rendered":"Opinions"},"content":{"rendered":"<div data-elementor-type=\"wp-page\" data-elementor-id=\"24161\" class=\"elementor elementor-24161\" data-elementor-post-type=\"page\">\n\t\t\t\t<div class=\"wd-negative-gap elementor-element elementor-element-bca8077 e-flex e-con-boxed e-con e-parent\" data-id=\"bca8077\" data-element_type=\"container\">\n\t\t\t\t\t<div class=\"e-con-inner\">\n\t\t<div class=\"elementor-element elementor-element-b3c250d e-con-full e-flex e-con e-child\" data-id=\"b3c250d\" data-element_type=\"container\">\n\t\t\t\t<div class=\"elementor-element elementor-element-3af8b07 elementor-widget elementor-widget-image-carousel\" data-id=\"3af8b07\" data-element_type=\"widget\" data-settings=\"{&quot;slides_to_show&quot;:&quot;1&quot;,&quot;navigation&quot;:&quot;none&quot;,&quot;autoplay_speed&quot;:2000,&quot;autoplay&quot;:&quot;yes&quot;,&quot;pause_on_hover&quot;:&quot;yes&quot;,&quot;pause_on_interaction&quot;:&quot;yes&quot;,&quot;infinite&quot;:&quot;yes&quot;,&quot;effect&quot;:&quot;slide&quot;,&quot;speed&quot;:500}\" data-widget_type=\"image-carousel.default\">\n\t\t\t\t<div class=\"elementor-widget-container\">\n\t\t\t\t\t\t\t<div class=\"elementor-image-carousel-wrapper swiper\" role=\"region\" aria-roledescription=\"carousel\" aria-label=\"Image Carousel\" dir=\"ltr\">\n\t\t\t<div class=\"elementor-image-carousel swiper-wrapper\" aria-live=\"off\">\n\t\t\t\t\t\t\t\t<div class=\"swiper-slide\" role=\"group\" aria-roledescription=\"slide\" aria-label=\"1 of 2\"><figure class=\"swiper-slide-inner\"><img decoding=\"async\" class=\"swiper-slide-image\" src=\"https:\/\/vistaakademi.com\/wp-content\/uploads\/2024\/07\/2-1.png\" alt=\"2\" \/><\/figure><\/div><div class=\"swiper-slide\" role=\"group\" aria-roledescription=\"slide\" aria-label=\"2 of 2\"><figure class=\"swiper-slide-inner\"><img decoding=\"async\" class=\"swiper-slide-image\" src=\"https:\/\/vistaakademi.com\/wp-content\/uploads\/2024\/07\/1-1.png\" alt=\"1\" \/><\/figure><\/div>\t\t\t<\/div>\n\t\t\t\t\t\t\t\n\t\t\t\t\t\t\t\t\t<\/div>\n\t\t\t\t\t\t<\/div>\n\t\t\t\t<\/div>\n\t\t\t\t<\/div>\n\t\t<div class=\"elementor-element elementor-element-827ce34 e-con-full e-flex e-con e-child\" data-id=\"827ce34\" data-element_type=\"container\">\n\t\t\t\t<div class=\"elementor-element elementor-element-0aab3a0 elementor-widget elementor-widget-heading\" data-id=\"0aab3a0\" data-element_type=\"widget\" data-widget_type=\"heading.default\">\n\t\t\t\t<div class=\"elementor-widget-container\">\n\t\t\t\t\t<h1 class=\"elementor-heading-title elementor-size-default\">Your opinions provide guidance for us to improve the quality of education.<\/h1>\t\t\t\t<\/div>\n\t\t\t\t<\/div>\n\t\t\t\t<\/div>\n\t\t<div class=\"elementor-element elementor-element-01dc161 e-con-full e-flex e-con e-child\" data-id=\"01dc161\" data-element_type=\"container\">\n\t\t\t\t<div class=\"elementor-element elementor-element-05fdf66 elementor-widget elementor-widget-heading\" data-id=\"05fdf66\" data-element_type=\"widget\" data-widget_type=\"heading.default\">\n\t\t\t\t<div class=\"elementor-widget-container\">\n\t\t\t\t\t<h1 class=\"elementor-heading-title elementor-size-default\">200+<\/h1>\t\t\t\t<\/div>\n\t\t\t\t<\/div>\n\t\t\t\t<div class=\"elementor-element elementor-element-b2b05b3 elementor-widget elementor-widget-wd_text_block\" data-id=\"b2b05b3\" data-element_type=\"widget\" data-widget_type=\"wd_text_block.default\">\n\t\t\t\t<div class=\"elementor-widget-container\">\n\t\t\t\t\t\t\t<div class=\"wd-text-block reset-last-child text-left\">\n\t\t\t\n\t\t\t<p><strong>The opinions of many of our students are with you.<\/strong><\/p>\n\t\t\t\t\t<\/div>\n\t\t\t\t\t\t<\/div>\n\t\t\t\t<\/div>\n\t\t\t\t<\/div>\n\t\t\t\t\t<\/div>\n\t\t\t\t<\/div>\n\t\t<div class=\"wd-negative-gap elementor-element elementor-element-690bd91 e-flex e-con-boxed e-con e-parent\" data-id=\"690bd91\" data-element_type=\"container\">\n\t\t\t\t\t<div class=\"e-con-inner\">\n\t\t\t\t<div class=\"elementor-element elementor-element-1691830 elementor-widget-divider--view-line elementor-widget elementor-widget-divider\" data-id=\"1691830\" data-element_type=\"widget\" data-widget_type=\"divider.default\">\n\t\t\t\t<div class=\"elementor-widget-container\">\n\t\t\t\t\t\t\t<div class=\"elementor-divider\">\n\t\t\t<span class=\"elementor-divider-separator\">\n\t\t\t\t\t\t<\/span>\n\t\t<\/div>\n\t\t\t\t\t\t<\/div>\n\t\t\t\t<\/div>\n\t\t\t\t<div class=\"elementor-element elementor-element-2b46771 elementor-widget-divider--view-line elementor-widget elementor-widget-divider\" data-id=\"2b46771\" data-element_type=\"widget\" data-widget_type=\"divider.default\">\n\t\t\t\t<div class=\"elementor-widget-container\">\n\t\t\t\t\t\t\t<div class=\"elementor-divider\">\n\t\t\t<span class=\"elementor-divider-separator\">\n\t\t\t\t\t\t<\/span>\n\t\t<\/div>\n\t\t\t\t\t\t<\/div>\n\t\t\t\t<\/div>\n\t\t\t\t<div class=\"elementor-element elementor-element-4b21448 elementor-widget-divider--view-line elementor-widget elementor-widget-divider\" data-id=\"4b21448\" data-element_type=\"widget\" data-widget_type=\"divider.default\">\n\t\t\t\t<div class=\"elementor-widget-container\">\n\t\t\t\t\t\t\t<div class=\"elementor-divider\">\n\t\t\t<span class=\"elementor-divider-separator\">\n\t\t\t\t\t\t<\/span>\n\t\t<\/div>\n\t\t\t\t\t\t<\/div>\n\t\t\t\t<\/div>\n\t\t\t\t<div class=\"elementor-element elementor-element-f54a157 elementor-widget-divider--view-line elementor-widget elementor-widget-divider\" data-id=\"f54a157\" data-element_type=\"widget\" data-widget_type=\"divider.default\">\n\t\t\t\t<div class=\"elementor-widget-container\">\n\t\t\t\t\t\t\t<div class=\"elementor-divider\">\n\t\t\t<span class=\"elementor-divider-separator\">\n\t\t\t\t\t\t<\/span>\n\t\t<\/div>\n\t\t\t\t\t\t<\/div>\n\t\t\t\t<\/div>\n\t\t\t\t\t<\/div>\n\t\t\t\t<\/div>\n\t\t<div class=\"wd-negative-gap elementor-element elementor-element-686c442 e-flex e-con-boxed e-con e-parent\" data-id=\"686c442\" data-element_type=\"container\">\n\t\t\t\t\t<div class=\"e-con-inner\">\n\t\t\t\t<div class=\"elementor-element elementor-element-11e3d26 elementor-widget elementor-widget-spacer\" data-id=\"11e3d26\" data-element_type=\"widget\" data-widget_type=\"spacer.default\">\n\t\t\t\t<div class=\"elementor-widget-container\">\n\t\t\t\t\t\t\t<div class=\"elementor-spacer\">\n\t\t\t<div class=\"elementor-spacer-inner\"><\/div>\n\t\t<\/div>\n\t\t\t\t\t\t<\/div>\n\t\t\t\t<\/div>\n\t\t\t\t<div class=\"elementor-element elementor-element-97934d5 elementor-widget elementor-widget-image\" data-id=\"97934d5\" data-element_type=\"widget\" data-widget_type=\"image.default\">\n\t\t\t\t<div class=\"elementor-widget-container\">\n\t\t\t\t\t\t\t\t\t\t\t\t\t\t\t<img fetchpriority=\"high\" decoding=\"async\" width=\"1300\" height=\"542\" src=\"https:\/\/vistaakademi.com\/wp-content\/uploads\/2024\/07\/earth-1300x542.png\" class=\"attachment-large size-large wp-image-24660\" alt=\"\" srcset=\"https:\/\/vistaakademi.com\/wp-content\/uploads\/2024\/07\/earth-1300x542.png 1300w, https:\/\/vistaakademi.com\/wp-content\/uploads\/2024\/07\/earth-350x146.png 350w, https:\/\/vistaakademi.com\/wp-content\/uploads\/2024\/07\/earth-150x63.png 150w, https:\/\/vistaakademi.com\/wp-content\/uploads\/2024\/07\/earth-500x208.png 500w, https:\/\/vistaakademi.com\/wp-content\/uploads\/2024\/07\/earth-400x167.png 400w, https:\/\/vistaakademi.com\/wp-content\/uploads\/2024\/07\/earth-768x320.png 768w, https:\/\/vistaakademi.com\/wp-content\/uploads\/2024\/07\/earth-1536x640.png 1536w, https:\/\/vistaakademi.com\/wp-content\/uploads\/2024\/07\/earth-18x8.png 18w, https:\/\/vistaakademi.com\/wp-content\/uploads\/2024\/07\/earth-860x358.png 860w, https:\/\/vistaakademi.com\/wp-content\/uploads\/2024\/07\/earth.png 1920w\" sizes=\"(max-width: 1300px) 100vw, 1300px\" \/>\t\t\t\t\t\t\t\t\t\t\t\t\t\t\t<\/div>\n\t\t\t\t<\/div>\n\t\t\t\t\t<\/div>\n\t\t\t\t<\/div>\n\t\t<div class=\"elementor-element elementor-element-e9b0de0 e-con-full e-flex e-con e-parent\" data-id=\"e9b0de0\" data-element_type=\"container\" data-settings=\"{&quot;background_background&quot;:&quot;classic&quot;}\">\n\t\t<div class=\"elementor-element elementor-element-7e97d12 e-con-full e-flex e-con e-child\" data-id=\"7e97d12\" data-element_type=\"container\">\n\t\t\t\t<div class=\"elementor-element elementor-element-321bde0 elementor-widget elementor-widget-wd_infobox\" data-id=\"321bde0\" data-element_type=\"widget\" data-widget_type=\"wd_infobox.default\">\n\t\t\t\t<div class=\"elementor-widget-container\">\n\t\t\t\t\t\t\t<div class=\"info-box-wrapper\">\n\t\t\t<div class=\"wd-info-box text-center box-icon-align-top box-style-base color-scheme-\">\n\t\t\t\t\n\t\t\t\t<div class=\"info-box-content\">\n\t\t\t\t\t\t\t\t\t\t\t<div class=\"info-box-subtitle subtitle-color-default subtitle-style-default wd-fontsize-s\"\n\t\t\t\t\t\t\t  data-elementor-setting-key=\"subtitle\">\n\t\t\t\t\t\t\tKocaeli\t\t\t\t\t\t<\/div>\n\t\t\t\t\t\n\t\t\t\t\t\t\t\t\t\t\t<h4\t\t\t\t\t\tclass=\"info-box-title title box-title-style-default wd-fontsize-xl\" data-elementor-setting-key=\"title\">\n\t\t\t\t\t\t\t\tEmirhan K.\t\t\t\t\t\t<\/h4>\n\t\t\t\t\t\n\t\t\t\t\t<div class=\"info-box-inner set-cont-mb-s reset-last-child\"data-elementor-setting-key=\"content\"><p>I was very pleased with the unique educational experience Vista Academy offered. I passed the exam easily, especially thanks to the professional approach and quality content in the language exam preparation programs.<span style=\"font-size: 14px; text-align: var(--text-align); color: var(--wd-text-color);\"><\/span><\/p>\n<\/div>\n\n\t\t\t\t\t\t\t\t\t<\/div>\n\n\t\t\t\t\t\t\t<\/div>\n\t\t<\/div>\n\t\t\t\t\t\t<\/div>\n\t\t\t\t<\/div>\n\t\t\t\t<\/div>\n\t\t<div class=\"elementor-element elementor-element-a671faf e-con-full e-flex e-con e-child\" data-id=\"a671faf\" data-element_type=\"container\">\n\t\t\t\t<div class=\"elementor-element elementor-element-f99fca7 e-transform elementor-widget elementor-widget-wd_infobox\" data-id=\"f99fca7\" data-element_type=\"widget\" data-settings=\"{&quot;_transform_translateX_effect&quot;:{&quot;unit&quot;:&quot;px&quot;,&quot;size&quot;:&quot;&quot;,&quot;sizes&quot;:[]},&quot;_transform_translateX_effect_tablet&quot;:{&quot;unit&quot;:&quot;px&quot;,&quot;size&quot;:&quot;&quot;,&quot;sizes&quot;:[]},&quot;_transform_translateX_effect_mobile&quot;:{&quot;unit&quot;:&quot;px&quot;,&quot;size&quot;:&quot;&quot;,&quot;sizes&quot;:[]},&quot;_transform_translateY_effect&quot;:{&quot;unit&quot;:&quot;px&quot;,&quot;size&quot;:&quot;&quot;,&quot;sizes&quot;:[]},&quot;_transform_translateY_effect_tablet&quot;:{&quot;unit&quot;:&quot;px&quot;,&quot;size&quot;:&quot;&quot;,&quot;sizes&quot;:[]},&quot;_transform_translateY_effect_mobile&quot;:{&quot;unit&quot;:&quot;px&quot;,&quot;size&quot;:&quot;&quot;,&quot;sizes&quot;:[]}}\" data-widget_type=\"wd_infobox.default\">\n\t\t\t\t<div class=\"elementor-widget-container\">\n\t\t\t\t\t\t\t<div class=\"info-box-wrapper\">\n\t\t\t<div class=\"wd-info-box text-center box-icon-align-top box-style-base color-scheme-\">\n\t\t\t\t\n\t\t\t\t<div class=\"info-box-content\">\n\t\t\t\t\t\t\t\t\t\t\t<div class=\"info-box-subtitle subtitle-color-default subtitle-style-default wd-fontsize-s\"\n\t\t\t\t\t\t\t  data-elementor-setting-key=\"subtitle\">\n\t\t\t\t\t\t\tSamsun\t\t\t\t\t\t<\/div>\n\t\t\t\t\t\n\t\t\t\t\t\t\t\t\t\t\t<h4\t\t\t\t\t\tclass=\"info-box-title title box-title-style-default wd-fontsize-xl\" data-elementor-setting-key=\"title\">\n\t\t\t\t\t\t\t\tOsman Z.\t\t\t\t\t\t<\/h4>\n\t\t\t\t\t\n\t\t\t\t\t<div class=\"info-box-inner set-cont-mb-s reset-last-child\"data-elementor-setting-key=\"content\"><p>Thanks to the personal support and customized training programs I received from Vista Academy, I reached my goals much faster. The instructors' friendly approach and motivational environment contributed greatly to my success.<\/p>\n<\/div>\n\n\t\t\t\t\t\t\t\t\t<\/div>\n\n\t\t\t\t\t\t\t<\/div>\n\t\t<\/div>\n\t\t\t\t\t\t<\/div>\n\t\t\t\t<\/div>\n\t\t\t\t<\/div>\n\t\t<div class=\"elementor-element elementor-element-0250bd2 e-con-full e-flex e-con e-child\" data-id=\"0250bd2\" data-element_type=\"container\">\n\t\t\t\t<div class=\"elementor-element elementor-element-7d9645a e-transform elementor-widget elementor-widget-wd_infobox\" data-id=\"7d9645a\" data-element_type=\"widget\" data-settings=\"{&quot;_transform_translateX_effect&quot;:{&quot;unit&quot;:&quot;px&quot;,&quot;size&quot;:&quot;&quot;,&quot;sizes&quot;:[]},&quot;_transform_translateX_effect_tablet&quot;:{&quot;unit&quot;:&quot;px&quot;,&quot;size&quot;:&quot;&quot;,&quot;sizes&quot;:[]},&quot;_transform_translateX_effect_mobile&quot;:{&quot;unit&quot;:&quot;px&quot;,&quot;size&quot;:&quot;&quot;,&quot;sizes&quot;:[]},&quot;_transform_translateY_effect&quot;:{&quot;unit&quot;:&quot;px&quot;,&quot;size&quot;:&quot;&quot;,&quot;sizes&quot;:[]},&quot;_transform_translateY_effect_tablet&quot;:{&quot;unit&quot;:&quot;px&quot;,&quot;size&quot;:&quot;&quot;,&quot;sizes&quot;:[]},&quot;_transform_translateY_effect_mobile&quot;:{&quot;unit&quot;:&quot;px&quot;,&quot;size&quot;:&quot;&quot;,&quot;sizes&quot;:[]}}\" data-widget_type=\"wd_infobox.default\">\n\t\t\t\t<div class=\"elementor-widget-container\">\n\t\t\t\t\t\t\t<div class=\"info-box-wrapper\">\n\t\t\t<div class=\"wd-info-box text-center box-icon-align-top box-style-base color-scheme-\">\n\t\t\t\t\n\t\t\t\t<div class=\"info-box-content\">\n\t\t\t\t\t\t\t\t\t\t\t<div class=\"info-box-subtitle subtitle-color-default subtitle-style-default wd-fontsize-s\"\n\t\t\t\t\t\t\t  data-elementor-setting-key=\"subtitle\">\n\t\t\t\t\t\t\tAntalya\t\t\t\t\t\t<\/div>\n\t\t\t\t\t\n\t\t\t\t\t\t\t\t\t\t\t<h4\t\t\t\t\t\tclass=\"info-box-title title box-title-style-default wd-fontsize-xl\" data-elementor-setting-key=\"title\">\n\t\t\t\t\t\t\t\tNihal S.\t\t\t\t\t\t<\/h4>\n\t\t\t\t\t\n\t\t\t\t\t<div class=\"info-box-inner set-cont-mb-s reset-last-child\"data-elementor-setting-key=\"content\"><p>Vista Academy enabled me to make great progress in my language skills. It is now easier to achieve my goals with the helping and motivating environment of the instructors. I'm so glad to be here!<\/p>\n<\/div>\n\n\t\t\t\t\t\t\t\t\t<\/div>\n\n\t\t\t\t\t\t\t<\/div>\n\t\t<\/div>\n\t\t\t\t\t\t<\/div>\n\t\t\t\t<\/div>\n\t\t\t\t<\/div>\n\t\t\t\t<\/div>\n\t\t\t\t<\/div>","protected":false},"excerpt":{"rendered":"<p>G\u00f6r\u00fc\u015fleriniz, e\u011fitimin kalitesini geli\u015ftirmemizde rehberlik sa\u011flamaktad\u0131r. 200+ &nbsp; Fazla \u00f6\u011frencimizin g\u00f6r\u00fc\u015fleri sizlerle. Kocaeli Emirhan K. Vista Akademi&#8217;nin sundu\u011fu e\u015fsiz e\u011fitim<\/p>","protected":false},"author":1,"featured_media":0,"parent":0,"menu_order":0,"comment_status":"closed","ping_status":"closed","template":"elementor_header_footer","meta":{"footnotes":""},"class_list":["post-24161","page","type-page","status-publish","hentry"],"_links":{"self":[{"href":"https:\/\/vistaakademi.com\/en\/wp-json\/wp\/v2\/pages\/24161","targetHints":{"allow":["GET"]}}],"collection":[{"href":"https:\/\/vistaakademi.com\/en\/wp-json\/wp\/v2\/pages"}],"about":[{"href":"https:\/\/vistaakademi.com\/en\/wp-json\/wp\/v2\/types\/page"}],"author":[{"embeddable":true,"href":"https:\/\/vistaakademi.com\/en\/wp-json\/wp\/v2\/users\/1"}],"replies":[{"embeddable":true,"href":"https:\/\/vistaakademi.com\/en\/wp-json\/wp\/v2\/comments?post=24161"}],"version-history":[{"count":0,"href":"https:\/\/vistaakademi.com\/en\/wp-json\/wp\/v2\/pages\/24161\/revisions"}],"wp:attachment":[{"href":"https:\/\/vistaakademi.com\/en\/wp-json\/wp\/v2\/media?parent=24161"}],"curies":[{"name":"wp","href":"https:\/\/api.w.org\/{rel}","templated":true}]}}