{"id":26650,"date":"2026-02-17T13:07:47","date_gmt":"2026-02-17T10:07:47","guid":{"rendered":"https:\/\/vistaakademi.com\/?post_type=product&#038;p=26650"},"modified":"2026-02-17T13:11:29","modified_gmt":"2026-02-17T10:11:29","slug":"4-aylik-tyt-ydt-kocluk-paketi","status":"publish","type":"product","link":"https:\/\/vistaakademi.com\/en\/product\/4-aylik-tyt-ydt-kocluk-paketi\/","title":{"rendered":"4 AYLIK TYT &#038; YDT KO\u00c7LUK PAKET\u0130"},"content":{"rendered":"<p>D\u00fczenli olarak \u00f6\u011frencilerin TYT &amp; YDT i\u00e7erikli haftal\u0131k \u00e7al\u0131\u015fma programlar\u0131n\u0131 haz\u0131rlan\u0131r ve g\u00fcnl\u00fck takibini sa\u011flan\u0131r. \u00d6\u011frencinin kullanaca\u011f\u0131 kaynaklardan \u00e7\u00f6zece\u011fi soru say\u0131s\u0131na, takip edece\u011fi YouTube kanallar\u0131, olu\u015fturaca\u011f\u0131 soru \u00e7\u00f6z\u00fcm defterlerine kadar hepsi dan\u0131\u015fman hocan\u0131n (S\u0131nav ko\u00e7unun) g\u00f6zetim alt\u0131nda yap\u0131lmaktad\u0131r. Program ba\u015flang\u0131\u00e7 tarihi 2 Martt\u0131r.<\/p>\n<p>\u00d6\u011frencilerin \u00e7\u00f6zemedi\u011fi sorular i\u00e7in t\u00fcm \u00f6\u011frencilerin dahil oldu\u011fu TYT ve YDT i\u00e7in iki farkl\u0131 soru \u00e7\u00f6z\u00fcm gruplar\u0131 bulunur. Bu gruplarda sorumlu olan e\u011fitmenler bulunmakla birlikte \u00f6\u011frenciler birbirlerinin de anlamad\u0131klar\u0131 sorular\u0131 \u00e7\u00f6zerek s\u00fcreci dayan\u0131\u015fma i\u00e7erisinde y\u00fcr\u00fct\u00fcrler.<\/p>\n<p>\u00d6\u011frenciler ile her hafta belirlenen g\u00fcn ve saatte zoom platformu \u00fczerinden 20-30 dakika s\u00fcren g\u00f6r\u00fc\u015fmeler ger\u00e7ekle\u015ftirilir ve programlar da bu g\u00f6r\u00fc\u015fmeler do\u011frultusunda haz\u0131rlanmaktad\u0131r. 4 ayl\u0131k ko\u00e7luk paketi s\u00fcresince \u00f6\u011frenciye toplamda 16 haftal\u0131k \u00e7al\u0131\u015fma program\u0131 haz\u0131rlanmaktad\u0131r. Bunun d\u0131\u015f\u0131nda g\u00fcn i\u00e7erisinde \u00f6\u011frenci e\u011fimeniyle WhatsApp \u00fczerinden de (Pazar g\u00fcn\u00fc hari\u00e7) ileti\u015fime ge\u00e7ebilmektedir.<\/p>\n<p>*Belirlenen \u00fccret tek seferlik bir \u00fccrettir. \u0130ade veya paket i\u00e7eri\u011finde herhangi bir de\u011fi\u015fim (paket y\u00fckseltme vs.) \u00a0yap\u0131lmamaktad\u0131r. Havale \/ efe ile yap\u0131lan \u00f6demelerde %5 nakit indirimi uygulan\u0131r.<\/p>\n<p>4 Ayl\u0131k ko\u00e7luk program\u0131na kay\u0131t olan \u00f6\u011frenciler <strong>YKS 2026 kamp\u0131<\/strong> e\u011fitiminden <strong>%50 indirimle<\/strong> faydalanabilmektedirler. (Detaylar i\u00e7in WhatsApp destek hatt\u0131ndan bizlerle ileti\u015fime ge\u00e7ebilirsiniz.)<\/p>\n<p>Vista Akademi b\u00fcnyesindeki \u00f6\u011frenci ko\u00e7luk ald\u0131\u011f\u0131 takdirde \u00f6\u011frencimize 2 adet YDT deneme seti g\u00f6nderilmektedir.<\/p>\n<p>If you wish to receive preference consultancy service after the university exam results are announced, Vista Academy students will be able to benefit from this service with a 50% discount.<\/p>\n<p>Her hafta Cuma ak\u015fam\u0131 20.30-22.30 aras\u0131 Zoom platformu \u00fczerinden Pazar g\u00fcn\u00fc \u00e7\u00f6z\u00fclen YDT denemesinin analiz dersi yap\u0131l\u0131r. Pazartesi ve \u00c7ar\u015famba ak\u015famlar\u0131 zoom \u00fczerinden 21.00-22.30 aras\u0131nda ders \u00e7al\u0131\u015fma et\u00fctleri ger\u00e7ekle\u015ftirilir, bu et\u00fctlerde t\u00fcm \u00f6\u011frenciler kameras\u0131 a\u00e7\u0131k mikrofonu kapal\u0131 \u015fekilde ders \u00e7al\u0131\u015f\u0131rlar. (Online k\u00fct\u00fcphane ortam\u0131 \u015feklinde.)<\/p>\n<p>Vista Akademi kurucusu Merve Eren (yksdilmervee) kimdir?<\/p>\n<p>Ege \u00dcniversitesi Amerikan K\u00fclt\u00fcr\u00fc ve Edebiyat\u0131 2022 y\u0131l\u0131 mezunu. Anadolu \u00dcniversitesi\/A\u00e7\u0131k\u00f6\u011fretim Fak\u00fcltesi Sosyoloji B\u00f6l\u00fcm\u00fcnden de 2. \u00fcniversite olarak 2024 y\u0131l\u0131nda mezun olmu\u015ftur. 2018&#8217;den beri Akademik S\u0131nav ko\u00e7u olarak bireysel ko\u00e7luk \u00f6\u011frencileriyle \u00e7al\u0131\u015f\u0131r. 2023 y\u0131l\u0131nda kurmu\u015f oldu\u011fu Vista Akademi ile birlikte alan\u0131nda uzman e\u011fitmenlerle YKS haz\u0131rl\u0131k s\u00fcrecinde \u00f6\u011frencilere en iyi e\u011fitimi sunmay\u0131 ama\u00e7lar. InstitutUS &amp; \u0130zmir Psikoloji Enstit\u00fcs\u00fc onayl\u0131 Bili\u015fsel Davran\u0131\u015f\u00e7\u0131 Terapi y\u00f6nelimli S\u0131nav Kayg\u0131s\u0131 ve Ba\u015fa \u00c7\u0131kma Y\u00f6ntemleri sertifikas\u0131yla birlikte ICF (Uluslararas\u0131 Ko\u00e7luk Federasyonu) onayl\u0131 ko\u00e7luk e\u011fitimi ve Bo\u011fazi\u00e7i Enstit\u00fcs\u00fc&#8217;nden etkili ileti\u015fim teknikleri e\u011fitimi mevcuttur. 2018&#8217;den beri YDS \/ Y\u00d6K Dil\/YDT gibi akademik s\u0131navlara \u00f6\u011frenci haz\u0131rlamakla berber \u00e7o\u011funlukla bireysel ko\u00e7luk \u00f6\u011frencileriyle \u00e7al\u0131\u015f\u0131r.<\/p>\n<p>For any questions you may have, you can contact us via @vistaakademi Instagram account \/ Whatsapp support line at 0 (546) 902 59 98. We will be happy to assist you.<\/p>\n<p>&nbsp;<\/p>","protected":false},"excerpt":{"rendered":"<p>\u2713 Ki\u015fiye \u00f6zel \u00e7al\u0131\u015fma programlar\u0131<\/p>\n<p>\u2713 Bireysel ko\u00e7 ile haftal\u0131k g\u00f6r\u00fc\u015fmeler<\/p>\n<p>\u2713 TYT &amp; YDT Soru \u00e7\u00f6z\u00fcm gruplar\u0131<\/p>\n<p>\u2713 Her hafta d\u00fczenli deneme s\u0131nav\u0131<\/p>\n<p>&nbsp;<\/p>","protected":false},"featured_media":26237,"comment_status":"closed","ping_status":"closed","template":"","meta":[],"product_brand":[],"product_cat":[20],"product_tag":[],"class_list":{"0":"post-26650","1":"product","2":"type-product","3":"status-publish","4":"has-post-thumbnail","6":"product_cat-accessories","8":"first","9":"instock","10":"sale","11":"shipping-taxable","12":"purchasable","13":"product-type-simple"},"_links":{"self":[{"href":"https:\/\/vistaakademi.com\/en\/wp-json\/wp\/v2\/product\/26650","targetHints":{"allow":["GET"]}}],"collection":[{"href":"https:\/\/vistaakademi.com\/en\/wp-json\/wp\/v2\/product"}],"about":[{"href":"https:\/\/vistaakademi.com\/en\/wp-json\/wp\/v2\/types\/product"}],"replies":[{"embeddable":true,"href":"https:\/\/vistaakademi.com\/en\/wp-json\/wp\/v2\/comments?post=26650"}],"version-history":[{"count":0,"href":"https:\/\/vistaakademi.com\/en\/wp-json\/wp\/v2\/product\/26650\/revisions"}],"wp:featuredmedia":[{"embeddable":true,"href":"https:\/\/vistaakademi.com\/en\/wp-json\/wp\/v2\/media\/26237"}],"wp:attachment":[{"href":"https:\/\/vistaakademi.com\/en\/wp-json\/wp\/v2\/media?parent=26650"}],"wp:term":[{"taxonomy":"product_brand","embeddable":true,"href":"https:\/\/vistaakademi.com\/en\/wp-json\/wp\/v2\/product_brand?post=26650"},{"taxonomy":"product_cat","embeddable":true,"href":"https:\/\/vistaakademi.com\/en\/wp-json\/wp\/v2\/product_cat?post=26650"},{"taxonomy":"product_tag","embeddable":true,"href":"https:\/\/vistaakademi.com\/en\/wp-json\/wp\/v2\/product_tag?post=26650"}],"curies":[{"name":"wp","href":"https:\/\/api.w.org\/{rel}","templated":true}]}}