{"id":24472,"date":"2024-07-18T12:35:13","date_gmt":"2024-07-18T12:35:13","guid":{"rendered":"https:\/\/vistaakademi.com\/?page_id=24472"},"modified":"2024-10-21T14:17:30","modified_gmt":"2024-10-21T11:17:30","slug":"duyurular","status":"publish","type":"page","link":"https:\/\/vistaakademi.com\/es\/duyurular\/","title":{"rendered":"blogs"},"content":{"rendered":"<div data-elementor-type=\"wp-page\" data-elementor-id=\"24472\" class=\"elementor elementor-24472\" data-elementor-post-type=\"page\">\n\t\t\t\t<div class=\"elementor-element elementor-element-06b830c e-flex e-con-boxed e-con e-parent\" data-id=\"06b830c\" data-element_type=\"container\">\n\t\t\t\t\t<div class=\"e-con-inner\">\n\t\t\t\t<div class=\"elementor-element elementor-element-9c5e490 elementor-widget__width-initial wd-width-100 elementor-widget elementor-widget-wd_blog\" data-id=\"9c5e490\" data-element_type=\"widget\" data-widget_type=\"wd_blog.default\">\n\t\t\t\t<div class=\"elementor-widget-container\">\n\t\t\t\t\t\t\t\t\t\t\t\t<div class=\"wd-blog-element\">\n\t\t\t\t\t<div class=\"wd-posts wd-blog-holder wd-grid-g\" id=\"69e4a49a9f9ac\" data-paged=\"1\" data-atts=\"{&quot;post_type&quot;:&quot;post&quot;,&quot;items_per_page&quot;:1,&quot;include&quot;:null,&quot;taxonomies&quot;:&quot;&quot;,&quot;offset&quot;:&quot;&quot;,&quot;orderby&quot;:&quot;&quot;,&quot;order&quot;:&quot;DESC&quot;,&quot;meta_key&quot;:null,&quot;exclude&quot;:&quot;&quot;,&quot;parts_media&quot;:true,&quot;parts_title&quot;:&quot;1&quot;,&quot;parts_meta&quot;:&quot;1&quot;,&quot;parts_text&quot;:&quot;1&quot;,&quot;parts_btn&quot;:&quot;1&quot;,&quot;img_size&quot;:&quot;large&quot;,&quot;blog_design&quot;:&quot;default&quot;,&quot;blog_carousel_design&quot;:null,&quot;blog_columns&quot;:null,&quot;blog_columns_tablet&quot;:{&quot;size&quot;:&quot;&quot;},&quot;blog_columns_mobile&quot;:{&quot;size&quot;:&quot;&quot;},&quot;blog_spacing&quot;:null,&quot;blog_spacing_tablet&quot;:&quot;&quot;,&quot;blog_spacing_mobile&quot;:&quot;&quot;,&quot;pagination&quot;:&quot;&quot;,&quot;speed&quot;:null,&quot;slides_per_view&quot;:null,&quot;slides_per_view_tablet&quot;:{&quot;size&quot;:&quot;&quot;},&quot;slides_per_view_mobile&quot;:{&quot;size&quot;:&quot;&quot;},&quot;wrap&quot;:null,&quot;autoplay&quot;:null,&quot;hide_pagination_control&quot;:null,&quot;hide_prev_next_buttons&quot;:null,&quot;scroll_per_page&quot;:null,&quot;lazy_loading&quot;:&quot;no&quot;,&quot;scroll_carousel_init&quot;:null,&quot;ajax_page&quot;:&quot;&quot;,&quot;custom_sizes&quot;:false,&quot;elementor&quot;:true}\" data-source=\"shortcode\">\n\t\t\t\n\t\t\t\t\t\t\t\t\t\t\t\t\t\t\t\t\t\t\t\n<article id=\"post-26534\" class=\"wd-post blog-design-default blog-post-loop blog-style-bg wd-add-shadow wd-col post-26534 post type-post status-publish format-standard has-post-thumbnail hentry category-blog\">\n\t<div class=\"article-inner\">\n\t\t\t\t\t<header class=\"entry-header\">\n\t\t\t\t\t\t\t\t\t<figure id=\"carousel-439\" class=\"entry-thumbnail\">\n\t\t\t\t\t\t\n\t\t\t\t\t\t\t<div class=\"post-img-wrapp\">\n\t\t\t\t\t\t\t\t<a href=\"https:\/\/vistaakademi.com\/es\/tyt-ydt-ingilizce-calisirken-yapilan-7-buyuk-hata-ve-dogrusu\/\">\n\t\t\t\t\t\t\t\t\t<img fetchpriority=\"high\" decoding=\"async\" width=\"960\" height=\"540\" src=\"https:\/\/vistaakademi.com\/wp-content\/uploads\/2025\/12\/ydt-de-kelime-bilgisi-nasil-gelistirilir-basari-icin-en-dogru-yontem.jpg\" class=\"attachment-large size-large\" alt=\"\" srcset=\"https:\/\/vistaakademi.com\/wp-content\/uploads\/2025\/12\/ydt-de-kelime-bilgisi-nasil-gelistirilir-basari-icin-en-dogru-yontem.jpg 960w, https:\/\/vistaakademi.com\/wp-content\/uploads\/2025\/12\/ydt-de-kelime-bilgisi-nasil-gelistirilir-basari-icin-en-dogru-yontem-400x225.jpg 400w, https:\/\/vistaakademi.com\/wp-content\/uploads\/2025\/12\/ydt-de-kelime-bilgisi-nasil-gelistirilir-basari-icin-en-dogru-yontem-768x432.jpg 768w, https:\/\/vistaakademi.com\/wp-content\/uploads\/2025\/12\/ydt-de-kelime-bilgisi-nasil-gelistirilir-basari-icin-en-dogru-yontem-18x10.jpg 18w, https:\/\/vistaakademi.com\/wp-content\/uploads\/2025\/12\/ydt-de-kelime-bilgisi-nasil-gelistirilir-basari-icin-en-dogru-yontem-350x197.jpg 350w, https:\/\/vistaakademi.com\/wp-content\/uploads\/2025\/12\/ydt-de-kelime-bilgisi-nasil-gelistirilir-basari-icin-en-dogru-yontem-500x281.jpg 500w, https:\/\/vistaakademi.com\/wp-content\/uploads\/2025\/12\/ydt-de-kelime-bilgisi-nasil-gelistirilir-basari-icin-en-dogru-yontem-150x84.jpg 150w\" sizes=\"(max-width: 960px) 100vw, 960px\" \/>\t\t\t\t\t\t\t\t<\/a>\n\t\t\t\t\t\t\t<\/div>\n\t\t\t\t\t\t\t<div class=\"post-image-mask\">\n\t\t\t\t\t\t\t\t<span><\/span>\n\t\t\t\t\t\t\t<\/div>\n\n\t\t\t\t\t\t\n\t\t\t\t\t<\/figure>\n\t\t\t\t\n\t\t\t\t\t\t\t\t\t\t\t\t<div class=\"post-date wd-post-date wd-style-with-bg\">\n\t\t\t\t<span class=\"post-date-day\">\n\t\t\t\t\t05\t\t\t\t<\/span>\n\t\t\t\t<span class=\"post-date-month\">\n\t\t\t\t\tDic\t\t\t\t<\/span>\n\t\t\t<\/div>\n\t\t\t\t\t\t\n\t\t\t<\/header><!-- .entry-header -->\n\n\t\t<div class=\"article-body-container\">\n\t\t\t\n\t\t\t\t\t\t\t\t\t<div class=\"meta-categories-wrapp\"><div class=\"meta-post-categories wd-post-cat wd-style-with-bg\"><a href=\"https:\/\/vistaakademi.com\/es\/category\/blog\/\" rel=\"category tag\">Blog<\/a><\/div><\/div>\n\t\t\t\t\n\t\t\t\t\t\t\t\t\t<h3 class=\"wd-entities-title title post-title\">\n\t\t\t\t\t\t<a href=\"https:\/\/vistaakademi.com\/es\/tyt-ydt-ingilizce-calisirken-yapilan-7-buyuk-hata-ve-dogrusu\/\" rel=\"bookmark\">TYT &#038; YDT \u0130ngilizce \u00c7al\u0131\u015f\u0131rken Yap\u0131lan 7 B\u00fcy\u00fck Hata ve Do\u011frusu<\/a>\n\t\t\t\t\t<\/h3>\n\t\t\t\t\n\t\t\t\t\t\t\t\t\t<div class=\"entry-meta wd-entry-meta\">\n\t\t\t\t\t\t\t\t\t<ul class=\"entry-meta-list\">\n\t\t\t\t\t\t\t\t\t<li class=\"modified-date\">\n\t\t\t\t\t\t\t\t<time class=\"updated\" datetime=\"2025-12-05T17:42:47+03:00\">\n\t\t\tdiciembre 5, 2025\t\t<\/time>\n\t\t\t\t\t\t\t<\/li>\n\n\t\t\t\t\t\n\t\t\t\t\t\t\t\t\t\t\t<li class=\"meta-author\">\n\t\t\t\t\t\t\t\t\t\t\t\t<span>Posted by<\/span>\n\t\t\n\t\t\t\t\t<img alt='author-avatar' src='https:\/\/secure.gravatar.com\/avatar\/4754f062374950a77941fa776223f65f0af7b7ac243b6f6d459fdfecb2ba1c67?s=32&#038;d=mm&#038;r=g' srcset='https:\/\/secure.gravatar.com\/avatar\/4754f062374950a77941fa776223f65f0af7b7ac243b6f6d459fdfecb2ba1c67?s=64&#038;d=mm&#038;r=g 2x' class='avatar avatar-32 photo' height='32' width='32' \/>\t\t\n\t\t<a href=\"https:\/\/vistaakademi.com\/es\/author\/1007admin\/\" rel=\"author\">\n\t\t\t<span class=\"vcard author author_name\">\n\t\t\t\t<span class=\"fn\">admin<\/span>\n\t\t\t<\/span>\n\t\t<\/a>\n\t\t\t\t\t\t\t\t<\/li>\n\t\t\t\t\t\n\t\t\t\t\t\n\t\t\t\t\t\t\t\t\t\t\t\t<\/ul>\n\t\t\t\t\t\t\t<\/div><!-- .entry-meta -->\n\t\t\t\t\t\t\t\t\t\t\t<div class=\"hovered-social-icons wd-tltp wd-tltp-top\">\n\t\t\t\t\t\t\t<div class=\"wd-tooltip-label\">\n\t\t\t\t\t\t\t\t\n\t\t\t<div class=\"wd-social-icons icons-design-default icons-size-small color-scheme-light social-share social-form-circle text-center\">\n\n\t\t\t\t\n\t\t\t\t\t\t\t\t\t<a rel=\"noopener noreferrer nofollow\" href=\"https:\/\/www.facebook.com\/sharer\/sharer.php?u=https:\/\/vistaakademi.com\/es\/tyt-ydt-ingilizce-calisirken-yapilan-7-buyuk-hata-ve-dogrusu\/\" target=\"_blank\" class=\"wd-social-icon social-facebook\" aria-label=\"Facebook social link\">\n\t\t\t\t\t\t<span class=\"wd-icon\"><\/span>\n\t\t\t\t\t\t\t\t\t\t\t<\/a>\n\t\t\t\t\n\t\t\t\t\t\t\t\t\t<a rel=\"noopener noreferrer nofollow\" href=\"https:\/\/x.com\/share?url=https:\/\/vistaakademi.com\/es\/tyt-ydt-ingilizce-calisirken-yapilan-7-buyuk-hata-ve-dogrusu\/\" target=\"_blank\" class=\"wd-social-icon social-twitter\" aria-label=\"X social link\">\n\t\t\t\t\t\t<span class=\"wd-icon\"><\/span>\n\t\t\t\t\t\t\t\t\t\t\t<\/a>\n\t\t\t\t\n\t\t\t\t\n\t\t\t\t\n\t\t\t\t\n\t\t\t\t\t\t\t\t\t<a rel=\"noopener noreferrer nofollow\" href=\"https:\/\/pinterest.com\/pin\/create\/button\/?url=https:\/\/vistaakademi.com\/es\/tyt-ydt-ingilizce-calisirken-yapilan-7-buyuk-hata-ve-dogrusu\/&media=https:\/\/vistaakademi.com\/wp-content\/uploads\/2025\/12\/ydt-de-kelime-bilgisi-nasil-gelistirilir-basari-icin-en-dogru-yontem.jpg&description=TYT+%26%23038%3B+YDT+%C4%B0ngilizce+%C3%87al%C4%B1%C5%9F%C4%B1rken+Yap%C4%B1lan+7+B%C3%BCy%C3%BCk+Hata+ve+Do%C4%9Frusu\" target=\"_blank\" class=\"wd-social-icon social-pinterest\" aria-label=\"Pinterest social link\">\n\t\t\t\t\t\t<span class=\"wd-icon\"><\/span>\n\t\t\t\t\t\t\t\t\t\t\t<\/a>\n\t\t\t\t\n\t\t\t\t\n\t\t\t\t\t\t\t\t\t<a rel=\"noopener noreferrer nofollow\" href=\"https:\/\/www.linkedin.com\/shareArticle?mini=true&url=https:\/\/vistaakademi.com\/es\/tyt-ydt-ingilizce-calisirken-yapilan-7-buyuk-hata-ve-dogrusu\/\" target=\"_blank\" class=\"wd-social-icon social-linkedin\" aria-label=\"Linkedin social link\">\n\t\t\t\t\t\t<span class=\"wd-icon\"><\/span>\n\t\t\t\t\t\t\t\t\t\t\t<\/a>\n\t\t\t\t\n\t\t\t\t\n\t\t\t\t\n\t\t\t\t\n\t\t\t\t\n\t\t\t\t\n\t\t\t\t\n\t\t\t\t\n\t\t\t\t\n\t\t\t\t\n\t\t\t\t\t\t\t\t\n\t\t\t\t\t\t\t\t\n\t\t\t\t\n\t\t\t\t\n\t\t\t\t\t\t\t\t\t<a rel=\"noopener noreferrer nofollow\" href=\"https:\/\/telegram.me\/share\/url?url=https:\/\/vistaakademi.com\/es\/tyt-ydt-ingilizce-calisirken-yapilan-7-buyuk-hata-ve-dogrusu\/\" target=\"_blank\" class=\"wd-social-icon social-tg\" aria-label=\"Telegram social link\">\n\t\t\t\t\t\t<span class=\"wd-icon\"><\/span>\n\t\t\t\t\t\t\t\t\t\t\t<\/a>\n\t\t\t\t\t\t\t\t\n\t\t\t\t\n\t\t\t<\/div>\n\n\t\t\t\t\t\t\t\t\t<\/div>\n\t\t\t\t\t\t<\/div>\n\t\t\t\t\t\t\t\t\t\t\t\t\n\t\t\t\t\t\t\t\n\t\t\t\t                    <div class=\"entry-content wd-entry-content\">\n\t\t\t\t\t\tBizim ko\u00e7luk program\u0131m\u0131z bu hatalar\u0131 ortadan kald\u0131rmay\u0131 hedefler.\r\n\r\nPlans\u0131z \u00e7al\u0131\u015fma \u2192 Kurumumuzda plan zorunlu!\r\nBiz her \u00f6\u011frenciye \u00f6ze...\n\t\t\t\t\t\t\t\t\t\t\t<\/div><!-- .entry-content -->\n\t\t\t\t\n\t\t\t\t\t\t\t\t\t\t\t\t\t\t<p class=\"read-more-section\">\n\t\t\t\t\t\t<a class=\"btn-read-more more-link\" href=\"https:\/\/vistaakademi.com\/es\/tyt-ydt-ingilizce-calisirken-yapilan-7-buyuk-hata-ve-dogrusu\/\">Continue reading<\/a>\t\t\t\t\t<\/p>\n\t\t\t\t\t\t\t\t\t\t\t\n\t\t\t\n\t\t\t\t\t<\/div>\n\t<\/div>\n<\/article><!-- #post -->\n\n\n\t\t\t\t\n\t\t\t\t\t\t\t\t<\/div>\n\t\t\t\n\t\t\t\t\t\t\t\t\t\t<\/div>\n\t\t\t\t\t\t\t\t\t\t<\/div>\n\t\t\t\t<\/div>\n\t\t\t\t\t<\/div>\n\t\t\t\t<\/div>\n\t\t\t\t<\/div>","protected":false},"excerpt":{"rendered":"<p>&nbsp; 18 Tem Uncategorized YDT S\u0131nav\u0131 Son 2 Ay Kamp\u0131 Temmuz 18, 2024 Posted by admin 0 comments Ba\u015flang\u0131\u00e7: 01<\/p>","protected":false},"author":1,"featured_media":0,"parent":0,"menu_order":0,"comment_status":"closed","ping_status":"closed","template":"elementor_header_footer","meta":{"footnotes":""},"class_list":["post-24472","page","type-page","status-publish","hentry"],"_links":{"self":[{"href":"https:\/\/vistaakademi.com\/es\/wp-json\/wp\/v2\/pages\/24472","targetHints":{"allow":["GET"]}}],"collection":[{"href":"https:\/\/vistaakademi.com\/es\/wp-json\/wp\/v2\/pages"}],"about":[{"href":"https:\/\/vistaakademi.com\/es\/wp-json\/wp\/v2\/types\/page"}],"author":[{"embeddable":true,"href":"https:\/\/vistaakademi.com\/es\/wp-json\/wp\/v2\/users\/1"}],"replies":[{"embeddable":true,"href":"https:\/\/vistaakademi.com\/es\/wp-json\/wp\/v2\/comments?post=24472"}],"version-history":[{"count":0,"href":"https:\/\/vistaakademi.com\/es\/wp-json\/wp\/v2\/pages\/24472\/revisions"}],"wp:attachment":[{"href":"https:\/\/vistaakademi.com\/es\/wp-json\/wp\/v2\/media?parent=24472"}],"curies":[{"name":"wp","href":"https:\/\/api.w.org\/{rel}","templated":true}]}}