{"id":24578,"date":"2024-07-18T14:19:47","date_gmt":"2024-07-18T14:19:47","guid":{"rendered":"https:\/\/vistaakademi.com\/?page_id=24578"},"modified":"2024-10-21T14:17:36","modified_gmt":"2024-10-21T11:17:36","slug":"gizlilik-politikasi","status":"publish","type":"page","link":"https:\/\/vistaakademi.com\/es\/gizlilik-politikasi\/","title":{"rendered":"pol\u00edtica de privacidad"},"content":{"rendered":"<p>Bu Gizlilik Bildirimi\u2019nin konusunu, ki\u015fisel verilerinizin toplanmas\u0131, kulan\u0131lmas\u0131, \u00fc\u00e7\u00fcnc\u00fc ki\u015filerle payla\u015f\u0131lmas\u0131, muhafaza edilmesi, korunmas\u0131 gibi ki\u015fisel verilerin i\u015flenmesiyle ilgili hususlara ili\u015fkin a\u00e7\u0131klamalar ile bu hususlarla ilgili sahip oldu\u011funuz haklar\u0131n\u0131za ili\u015fkin a\u00e7\u0131klamalar olu\u015fturmaktad\u0131r.<\/p>\r\n\r\n\r\n\r\n<p><strong>Kapsam<\/strong><\/p>\r\n\r\n\r\n\r\n<p>Bu Gizlilik Bildirimi, mobil cihazlar \u00fczerinden ger\u00e7ekle\u015ftirdikleriniz de d\u00e2hil, eri\u015fim ve kullan\u0131m y\u00f6nteminiz ne olursa olsun, yay\u0131nland\u0131\u011f\u0131 ve kendisine at\u0131fta bulunulan Vista Akademi ye\u00a0ait www.vistaakademi.com internet sitesi (&#8220;Site\/Sitemiz&#8221;) ve ba\u011flant\u0131l\u0131 di\u011fer internet siteleri, her t\u00fcrl\u00fc uygulama, \u00fcr\u00fcn ve hizmet (birlikte, &#8220;Hizmetler\/Hizmetlerimiz&#8221;) i\u00e7in ge\u00e7erlidir.<\/p>\r\n\r\n\r\n\r\n<p>Bu Gizlilik Bildirimi&#8217;nde her zaman de\u011fi\u015fiklik yap\u0131labilir. Sitemiz&#8217;de yay\u0131mlanmas\u0131 ile birlikte derhal ge\u00e7erlilik kazanacak olan \u00f6nemli de\u011fi\u015fikleri\u00a0e-posta ile duyuraca\u011f\u0131z.<\/p>\r\n\r\n\r\n\r\n<p><strong>Ki\u015fisel Verilerin Toplanmas\u0131<\/strong><\/p>\r\n\r\n\r\n\r\n<p>Ki\u015fisel verilerinizi, Sitemiz&#8217;de yer alan bir formu doldurdu\u011funuzda, hesap bilgilerinizi g\u00fcncelledi\u011finizde veya bilgi ekledi\u011finizde veya \u00fcr\u00fcn ve\/veya hizmet sat\u0131n ald\u0131\u011f\u0131n\u0131zda veya satt\u0131\u011f\u0131n\u0131zda, uyu\u015fmazl\u0131k \u00e7\u00f6z\u00fcm\u00fcne kat\u0131ld\u0131\u011f\u0131n\u0131zda, Hizmetlerimiz ile ilgili olarak bizimle veya di\u011fer kullan\u0131c\u0131lar ile ileti\u015fime ge\u00e7ti\u011finizde ve Site&#8217;mizi ziyaret etti\u011finizde topluyor, i\u015fliyor ve muhafaza ediyoruz. Di\u011fer kaynaklardan elde edilenler de d\u00e2hil olmak \u00fczere toplad\u0131\u011f\u0131m\u0131z ba\u015fl\u0131ca ki\u015fisel veriler a\u015fa\u011f\u0131da yer almaktad\u0131r.<\/p>\r\n\r\n\r\n\r\n<p><strong>1. Genel<\/strong><\/p>\r\n\r\n\r\n\r\n<p>Bundan b\u00f6yle \u201cVista Akademi\u201d olarak an\u0131lacak www.vistaakademi.com, web sitesini ziyaret edenlerin gizlili\u011fini korumay\u0131 ilke olarak benimsemi\u015ftir. Bu nedenle, i\u015fbu gizlilik beyan\u0131 (\u201cGizlilik Beyan\u0131\u201d), web sitemizi kullan\u0131rken kullan\u0131c\u0131lara ili\u015fkin ne t\u00fcr bilgilerin Vista Akademi taraf\u0131ndan al\u0131nd\u0131\u011f\u0131n\u0131, bunlar\u0131n nas\u0131l kullan\u0131ld\u0131\u011f\u0131n\u0131 ve korundu\u011funu a\u00e7\u0131klamaktad\u0131r. Ayr\u0131ca i\u015fbu Gizlilik Beyan\u0131 \u00e7er\u00e7evesinde bu bilgilerin do\u011frulu\u011funun sizin taraf\u0131n\u0131zdan nas\u0131l denetlenebilece\u011fi ve istedi\u011finizde Vista Akademi\u00b4e ba\u015fvurarak bu bilgilerin silinmesini nas\u0131l sa\u011flayabilece\u011finiz belirtilmektedir. S\u00f6z konusu bilgilerin, mevcut ve ge\u00e7erli olan veri koruma d\u00fczenlemelerine uygun olarak i\u015flenmesi ve kullan\u0131lmas\u0131 i\u00e7in gerekli olan her t\u00fcrl\u00fc i\u015flem Vista Akademi taraf\u0131ndan yerine getirilecektir.<\/p>\r\n\r\n\r\n\r\n<p>\u0130\u015fbu Gizlilik Beyan\u0131, Vista Akademi sitesinden link verilmi\u015f ba\u015fka siteler (hyperlinked web siteleri) i\u00e7in ge\u00e7erli de\u011fildir.<\/p>\r\n\r\n\r\n\r\n<p><strong>2. Ki\u015fisel bilgilerin toplanmas\u0131, kullan\u0131m\u0131 ve i\u015flenmesi<\/strong><\/p>\r\n\r\n\r\n\r\n<p>Belirli bir ki\u015fiye ait kullan\u0131lacak ve i\u015flenecek bilgiler, yaln\u0131zca bu ki\u015finin kendi istemiyle veri girmesi ya da bu hususta a\u00e7\u0131k\u00e7a muvafakat vermesi halinde m\u00fcmk\u00fcnd\u00fcr. Veri girilmesi veya bu hususta a\u00e7\u0131k\u00e7a muvafakat verilmesi, ki\u015finin a\u015fa\u011f\u0131da belirtilen \u015fartlar ile mutab\u0131k oldu\u011funun g\u00f6stergesidir.<\/p>\r\n\r\n\r\n\r\n<p>Sitemizi ziyaret etti\u011finizde, sistem y\u00f6netimi, istatistik ve \u201cback up\u201d uygulamalar\u0131n\u0131n gerektirdi\u011fi baz\u0131 bilgiler sunucular\u0131m\u0131zda otomatik olarak depolanacakt\u0131r. Bu verilerin aras\u0131nda Internet servis sa\u011flay\u0131c\u0131n\u0131z\u0131n ismi, baz\u0131 durumlarda IP adresiniz, web gezgini yaz\u0131l\u0131m\u0131n\u0131z\u0131n versiyonu, eri\u015fim sa\u011flanan bilgisayar\u0131n i\u015fletim sistemi, bize y\u00f6nlendiren websitesi, sitemizdeyken ziyaret etti\u011finiz di\u011fer siteler ve sitemizi bulmak i\u00e7in kulland\u0131\u011f\u0131n\u0131z arama s\u00f6zc\u00fckleri bulunmaktad\u0131r. Duruma ba\u011fl\u0131 olarak bu t\u00fcr veriler, site ziyaret\u00e7isi hakk\u0131nda baz\u0131 sonu\u00e7lar \u00e7\u0131kar\u0131lmas\u0131n\u0131 sa\u011flar. Ancak hi\u00e7bir ki\u015fisel bilgi bu \u00e7er\u00e7evede kullan\u0131lmayacakt\u0131r. Bu t\u00fcr ki\u015fiye \u00f6zel veriler sadece anonimle\u015ftirilerek kullan\u0131labilir. Vista Akademi\u00b4in bu verileri d\u0131\u015far\u0131dan bir hizmet sa\u011flay\u0131c\u0131s\u0131na y\u00f6nlendirmesi durumunda, verilerin, veri g\u00fcvenli\u011fine ili\u015fkin mevcut yasal d\u00fczenlemeler \u00e7er\u00e7evesinde aktar\u0131lmas\u0131 i\u00e7in gerekli teknik ve organizasyonel i\u015flemler ger\u00e7ekle\u015ftirilecektir.<\/p>\r\n\r\n\r\n\r\n<p>Kendi iste\u011finizle ki\u015fisel bilgilerinizin verilmesi halinde, Vista Akademi, bu bilgileri yasada \u00f6ng\u00f6r\u00fclen veya ziyaret\u00e7inin muvafakat beyannamesinde belirtilen s\u0131n\u0131rlamalar dahilinde kullanaca\u011f\u0131n\u0131, i\u015fleme tabi tutulaca\u011f\u0131n\u0131 veya aktar\u0131laca\u011f\u0131n\u0131 taahh\u00fct eder. S\u00f6z konusu ki\u015fisel bilgilerinin \u00fc\u00e7\u00fcnc\u00fc ki\u015filere aktar\u0131m\u0131, sadece adli ya da idari mercilerce \u00f6ng\u00f6r\u00fclmesi halinde s\u00f6z konusu olacakt\u0131r.<\/p>\r\n\r\n\r\n\r\n<p>\u0130\u015fbu Gizlilik Beyan\u0131\u00b4na ili\u015fkin olas\u0131 de\u011fi\u015fiklikler bu sayfada yay\u0131mlanacakt\u0131r. Bu \u00e7er\u00e7evede, size ait hangi bilgilerin sakland\u0131\u011f\u0131na ve bu bilgilerin nas\u0131l kullan\u0131ld\u0131\u011f\u0131na dair g\u00fcncel olarak bilgi alman\u0131za olanak sa\u011flanacakt\u0131r.<\/p>\r\n\r\n\r\n\r\n<p><strong>3. G\u00fcvenlik<\/strong><\/p>\r\n\r\n\r\n\r\n<p>Vista Akademi, size ait bilgileri g\u00fcvenli bi\u00e7imde saklamaktad\u0131r; dolay\u0131s\u0131yla s\u00f6z konusu bilgilerin herhangi bir kay\u0131ba, suistimale ya da de\u011fi\u015fikli\u011fe kar\u015f\u0131 korunmas\u0131 i\u00e7in gerekli t\u00fcm \u00f6nlemleri almaktad\u0131r. Vista Akademi\u00b4in, gerekli hizmeti size ula\u015ft\u0131rmak i\u00e7in bilgilerinize eri\u015fimi olan s\u00f6zle\u015fmesel ortaklar\u0131, s\u00f6zle\u015fmesel y\u00fck\u00fcml\u00fcl\u00fckleri \u00e7er\u00e7evesinde bu bilgileri gizli tutmak ve ba\u015fka hi\u00e7bir ama\u00e7la kullanmamakla y\u00fck\u00fcml\u00fcd\u00fcr. Baz\u0131 durumlarda ki\u015fisel bilgilerinizin Vista Akademi ba\u011fl\u0131 \u015firketleriyle payla\u015f\u0131lmas\u0131 gerekecektir. Bu durumlarda da bilgileriniz gizli adledilecektir.<\/p>\r\n\r\n\r\n\r\n<p><strong>4. Web \u0130zleme<\/strong><\/p>\r\n\r\n\r\n\r\n<p>Bu web sitesi Webtrekk GmbH teknolojisini kullanarak pazarlama ve optimizasyon ama\u00e7l\u0131 veri toplar ve saklar. Bu veriler anonimle\u015ftirilmi\u015f kullan\u0131c\u0131 profilleri olu\u015fturmak i\u00e7in kullan\u0131labilir. \u00c7erezler ayarlanm\u0131\u015f olabilir. Kullan\u0131c\u0131lar\u0131m\u0131z taraf\u0131ndan a\u00e7\u0131k bir anla\u015fma olmaks\u0131z\u0131n Webtrekk teknolojileri ile toplanan veriler ki\u015fisel bir ziyaret\u00e7inin kimli\u011fini belirlemek i\u00e7in kullan\u0131lmaz ve anonym herhangi di\u011fer ki\u015fisel bilgileri ile birle\u015ftirilmez.<\/p>\r\n\r\n\r\n\r\n<p><strong>5. \u0130stekleriniz ve sorular\u0131n\u0131z<\/strong><\/p>\r\n\r\n\r\n\r\n<p>Depolanan bilgiler, yasal veya s\u00f6zle\u015fmesel dosyalama s\u00fcresi sona erdi\u011finde veya Vista Akademi\u00b4in art\u0131k gereksinimi kalmamas\u0131 halinde Vista Akademi taraf\u0131ndan silinecektir. Ancak, elbette siz istedi\u011finiz zaman size ait bilgilerin silinmesini talep edebilirsiniz. Ayr\u0131ca gelecekte, istedi\u011finiz zaman ki\u015fisel bilgilerinizin kullan\u0131m ya da i\u015fleme tabi tutulmas\u0131na dair muvakatinizi geri \u00e7ekebilirsiniz. Bu t\u00fcr durumlarda ya da ki\u015fisel bilgilerinize ait di\u011fer t\u00fcm sorular\u0131n\u0131z konusunda elektronik posta yoluyla bize (E-Posta: bilgi@vistaakademi.com)\u2019a dan\u0131\u015fabilirsiniz. Size ait bilgilerin saklan\u0131p ve bu bilgilerin kullan\u0131m alanlar\u0131na ili\u015fkin sorular\u0131n\u0131z i\u00e7in bizimle yine ayn\u0131 y\u00f6ntemle temasa ge\u00e7ebilirsiniz. Dileklerinize an\u0131nda yan\u0131t vermek i\u00e7in elimizden gelen t\u00fcm \u00e7abay\u0131 g\u00f6sterece\u011fimizden emin olabilirsiniz.<\/p>","protected":false},"excerpt":{"rendered":"<p>Bu Gizlilik Bildirimi\u2019nin konusunu, ki\u015fisel verilerinizin toplanmas\u0131, kulan\u0131lmas\u0131, \u00fc\u00e7\u00fcnc\u00fc ki\u015filerle payla\u015f\u0131lmas\u0131, muhafaza edilmesi, korunmas\u0131 gibi ki\u015fisel verilerin i\u015flenmesiyle ilgili hususlara<\/p>","protected":false},"author":1,"featured_media":0,"parent":0,"menu_order":0,"comment_status":"closed","ping_status":"closed","template":"","meta":{"footnotes":""},"class_list":["post-24578","page","type-page","status-publish","hentry"],"_links":{"self":[{"href":"https:\/\/vistaakademi.com\/es\/wp-json\/wp\/v2\/pages\/24578","targetHints":{"allow":["GET"]}}],"collection":[{"href":"https:\/\/vistaakademi.com\/es\/wp-json\/wp\/v2\/pages"}],"about":[{"href":"https:\/\/vistaakademi.com\/es\/wp-json\/wp\/v2\/types\/page"}],"author":[{"embeddable":true,"href":"https:\/\/vistaakademi.com\/es\/wp-json\/wp\/v2\/users\/1"}],"replies":[{"embeddable":true,"href":"https:\/\/vistaakademi.com\/es\/wp-json\/wp\/v2\/comments?post=24578"}],"version-history":[{"count":0,"href":"https:\/\/vistaakademi.com\/es\/wp-json\/wp\/v2\/pages\/24578\/revisions"}],"wp:attachment":[{"href":"https:\/\/vistaakademi.com\/es\/wp-json\/wp\/v2\/media?parent=24578"}],"curies":[{"name":"wp","href":"https:\/\/api.w.org\/{rel}","templated":true}]}}