{"id":24580,"date":"2024-07-18T14:20:22","date_gmt":"2024-07-18T14:20:22","guid":{"rendered":"https:\/\/vistaakademi.com\/?page_id=24580"},"modified":"2024-10-21T14:17:51","modified_gmt":"2024-10-21T11:17:51","slug":"kullanim-kosullari","status":"publish","type":"page","link":"https:\/\/vistaakademi.com\/es\/kullanim-kosullari\/","title":{"rendered":"Condiciones de uso"},"content":{"rendered":"<p>Bu internet sitesine girmeniz veya bu internet sitesindeki herhangi bir bilgiyi kullanman\u0131z a\u015fa\u011f\u0131daki ko\u015fullar\u0131 kabul etti\u011finiz anlam\u0131na gelir.<\/p>\r\n\r\n\r\n\r\n<p>Bu internet sitesine girilmesi, sitenin ya da sitedeki bilgilerin ve di\u011fer verilerin programlar\u0131n vs. kullan\u0131lmas\u0131 sebebiyle, s\u00f6zle\u015fmenin ihlali, haks\u0131z fiil, ya da ba\u015fkaca sebeplere binaen, do\u011fabilecek do\u011frudan ya da dolayl\u0131 hi\u00e7bir zarardan Vista Akademi sorumlu de\u011fildir. Vista Akademi, s\u00f6zle\u015fmenin ihlali, haks\u0131z fiil, ihmal veya di\u011fer sebepler neticesinde; i\u015flemin kesintiye u\u011framas\u0131, hata, ihmal, kesinti hususunda herhangi bir sorumluluk kabul etmez.<\/p>\r\n\r\n\r\n\r\n<p>Vista Akademi i\u015fbu site ve site uzant\u0131s\u0131nda mevcut her t\u00fcr hizmet, \u00fcr\u00fcn, siteyi kullanma ko\u015fullar\u0131 ile sitede sunulan bilgileri \u00f6nceden bir ihtara gerek olmaks\u0131z\u0131n de\u011fi\u015ftirme, siteyi yeniden organize etme, yay\u0131n\u0131 durdurma hakk\u0131n\u0131 sakl\u0131 tutar. De\u011fi\u015fiklikler sitede yay\u0131m an\u0131nda y\u00fcr\u00fcrl\u00fc\u011fe girer. Sitenin kullan\u0131m\u0131 ya da siteye giri\u015f ile bu de\u011fi\u015fiklikler de kabul edilmi\u015f say\u0131l\u0131r. Bu ko\u015fullar link verilen di\u011fer web sayfalar\u0131 i\u00e7in de ge\u00e7erlidir.<\/p>\r\n\r\n\r\n\r\n<p>Vista Akademi, s\u00f6zle\u015fmenin ihlali, haks\u0131z fiil, ihmal veya di\u011fer sebepler neticesinde; i\u015flemin kesintiye u\u011framas\u0131, hata, ihmal, kesinti, silinme, kay\u0131p, i\u015flemin veya ileti\u015fimin gecikmesi, bilgisayar vir\u00fcs\u00fc, ileti\u015fim hatas\u0131, h\u0131rs\u0131zl\u0131k, imha veya izinsiz olarak kay\u0131tlara girilmesi, de\u011fi\u015ftirilmesi veya kullan\u0131lmas\u0131 hususunda herhangi bir sorumluluk kabul etmez.<\/p>\r\n\r\n\r\n\r\n<p>Bu internet sitesi Vista Akademi&#8217;in kontrol\u00fc alt\u0131nda olmayan ba\u015fka internet sitelerine ba\u011flant\u0131 veya referans i\u00e7erebilir. Vista Akademi, bu sitelerin i\u00e7erikleri veya i\u00e7erdikleri di\u011fer ba\u011flant\u0131lardan sorumlu de\u011fildir.<\/p>\r\n\r\n\r\n\r\n<p>Vista Akademi bu internet sitesinin genel g\u00f6r\u00fcn\u00fcm ve dizayn\u0131 ile internet sitesindeki t\u00fcm bilgi, resim, Vista Akademi markas\u0131 ve di\u011fer markalar, www.vistaakademi.com alan ad\u0131, logo, ikon, demonstratif, yaz\u0131l\u0131, elektronik, grafik veya makinede okunabilir \u015fekilde sunulan teknik veriler, bilgisayar yaz\u0131l\u0131mlar\u0131, uygulanan sat\u0131\u015f sistemi, i\u015f metodu ve i\u015f modeli de dahil t\u00fcm materyallerin (&#8220;Materyaller&#8221;) ve bunlara ili\u015fkin fikri ve s\u0131nai m\u00fclkiyet haklar\u0131n\u0131n sahibi veya lisans sahibidir ve yasal koruma alt\u0131ndad\u0131r. Internet sitesinde bulunan hi\u00e7bir Materyal; \u00f6nceden izin al\u0131nmadan ve kay nak g\u00f6sterilmeden, kod ve yaz\u0131l\u0131m da dahil olmak \u00fczere, de\u011fi\u015ftirilemez, kopyalanamaz, \u00e7o\u011falt\u0131lamaz, ba\u015fka bir lisana \u00e7evrilemez, yeniden yay\u0131mlanamaz, ba\u015fka bir bilgisayara y\u00fcklenemez, postalanamaz, iletilemez, sunulamaz ya da da\u011f\u0131t\u0131lamaz. Internet sitesinin b\u00fct\u00fcn\u00fc veya bir k\u0131sm\u0131 ba\u015fka bir internet sitesinde izinsiz olarak kullan\u0131lamaz. Aksine hareketler hukuki ve cezai sorumlulu\u011fu gerektirir. Vista Akademi&#8217;un burada a\u00e7\u0131k\u00e7a belirtilmeyen di\u011fer t\u00fcm haklar\u0131 sakl\u0131d\u0131r.<\/p>\r\n\r\n\r\n\r\n<p>Vista Akademi, diledi\u011fi zaman bu yasal uyar\u0131 sayfas\u0131n\u0131n i\u00e7eri\u011fini g\u00fcncelleme yetkisini sakl\u0131 tutmaktad\u0131r ve kullan\u0131c\u0131lar\u0131na siteye her giri\u015fte yasal uyar\u0131 sayfas\u0131n\u0131 ziyaret etmelerini tavsiye etmektedir.<\/p>","protected":false},"excerpt":{"rendered":"<p>Bu internet sitesine girmeniz veya bu internet sitesindeki herhangi bir bilgiyi kullanman\u0131z a\u015fa\u011f\u0131daki ko\u015fullar\u0131 kabul etti\u011finiz anlam\u0131na gelir. Bu internet<\/p>","protected":false},"author":1,"featured_media":0,"parent":0,"menu_order":0,"comment_status":"closed","ping_status":"closed","template":"","meta":{"footnotes":""},"class_list":["post-24580","page","type-page","status-publish","hentry"],"_links":{"self":[{"href":"https:\/\/vistaakademi.com\/es\/wp-json\/wp\/v2\/pages\/24580","targetHints":{"allow":["GET"]}}],"collection":[{"href":"https:\/\/vistaakademi.com\/es\/wp-json\/wp\/v2\/pages"}],"about":[{"href":"https:\/\/vistaakademi.com\/es\/wp-json\/wp\/v2\/types\/page"}],"author":[{"embeddable":true,"href":"https:\/\/vistaakademi.com\/es\/wp-json\/wp\/v2\/users\/1"}],"replies":[{"embeddable":true,"href":"https:\/\/vistaakademi.com\/es\/wp-json\/wp\/v2\/comments?post=24580"}],"version-history":[{"count":0,"href":"https:\/\/vistaakademi.com\/es\/wp-json\/wp\/v2\/pages\/24580\/revisions"}],"wp:attachment":[{"href":"https:\/\/vistaakademi.com\/es\/wp-json\/wp\/v2\/media?parent=24580"}],"curies":[{"name":"wp","href":"https:\/\/api.w.org\/{rel}","templated":true}]}}