{"id":24582,"date":"2024-07-18T14:20:47","date_gmt":"2024-07-18T14:20:47","guid":{"rendered":"https:\/\/vistaakademi.com\/?page_id=24582"},"modified":"2024-10-21T14:17:25","modified_gmt":"2024-10-21T11:17:25","slug":"cerez-politikasi","status":"publish","type":"page","link":"https:\/\/vistaakademi.com\/es\/cerez-politikasi\/","title":{"rendered":"Pol\u00edtica de cookies"},"content":{"rendered":"<p><strong>\u00c7erez nedir?<\/strong><\/p>\r\n\r\n\r\n\r\n<p>\u00c7erez, bir siteyi ziyaret etti\u011finizde sitenin bilgisayar\u0131n\u0131za veya mobil cihaz\u0131n\u0131za kaydetti\u011fi k\u00fc\u00e7\u00fck boyutlu bir metin dosyas\u0131d\u0131r. \u00c7erezler bir web sitesinin \u00e7al\u0131\u015fmas\u0131 veya daha verimli \u00e7al\u0131\u015fmas\u0131 veya web sitesinin sahiplerine bilgi sa\u011flamak i\u00e7in yayg\u0131n olarak kullan\u0131lmaktad\u0131r.<\/p>\r\n\r\n\r\n\r\n<p><strong>\u00c7erezleri nas\u0131l kullan\u0131yoruz?<\/strong><\/p>\r\n\r\n\r\n\r\n<p>Bilgisayar\u0131n\u0131za y\u00fcklenen \u00e7erezler veya elde edilen bilgiler istatiksel analizler veya g\u00fcvenlik \u00f6nlemleri i\u00e7in kullan\u0131lmaktad\u0131r. Herhangi bir ki\u015fisel veriniz \u00e7erezler arac\u0131l\u0131\u011f\u0131 ile toplanmamaktad\u0131r.<\/p>\r\n\r\n\r\n\r\n<p><strong>\u00c7erezleri nas\u0131l kontrol edebilirsiniz?<\/strong><\/p>\r\n\r\n\r\n\r\n<p>\u00c7erezleri diledi\u011finiz gibi kontrol edebilir veya silebilirsiniz. Bilgisayar\u0131n\u0131zda halihaz\u0131rda bulunan \u00e7erezleri silebilir ve \u00e7o\u011fu Internet gezgininde \u00e7erez kaydedilmesini\/yerle\u015ftirilmesini engelleyebilirsiniz.<\/p>\r\n\r\n\r\n\r\n<p><strong>\u0130nternet gezginindeki \u00e7erezleri nas\u0131l y\u00f6netebilirsiniz?<\/strong><\/p>\r\n\r\n\r\n\r\n<p>\u00c7o\u011fu Internet gezgini a\u015fa\u011f\u0131dakileri yapman\u0131za olanak tan\u0131r:<\/p>\r\n\r\n\r\n\r\n<ol class=\"wp-block-list\">\r\n<li>Kaydedilmi\u015f \u00e7erezleri g\u00f6r\u00fcnt\u00fcleme ve dilediklerinizi silme<\/li>\r\n\r\n\r\n\r\n<li>\u00dc\u00e7\u00fcnc\u00fc taraf \u00e7erezleri engelleme<\/li>\r\n\r\n\r\n\r\n<li>Belli sitelerden \u00e7erezleri engelleme<\/li>\r\n\r\n\r\n\r\n<li>T\u00fcm \u00e7erezleri engelleme<\/li>\r\n\r\n\r\n\r\n<li>Internet gezginini kapatt\u0131\u011f\u0131n\u0131zda t\u00fcm \u00e7erezleri silme<\/li>\r\n<\/ol>\r\n\r\n\r\n\r\n<p>\u00c7erezleri silmeyi tercih ederseniz ilgili web sitesindeki tercihleriniz silinecektir. Ayr\u0131ca, \u00e7erezleri tamamen engellemeyi tercih edebilirsiniz.<\/p>\r\n\r\n\r\n\r\n<p>Web sitemize \u015fahsi herhangi bir bilgi vermeden ziyaret edebilir, \u00fcr\u00fcnlerimiz ve servislerimiz hakk\u0131nda bilgi alarak ihtiya\u00e7lar\u0131n\u0131z\u0131 kar\u015f\u0131layabilirsiniz. Ziyaretlerde site kullan\u0131m\u0131na ili\u015fkin bilgi toplamak i\u00e7in \u00e7erez kullan\u0131lmaktad\u0131r. Buradaki amac\u0131m\u0131z; web sitemizi ziyaret eden kullan\u0131c\u0131ya kolayl\u0131k sa\u011flamak ve i\u015fleyi\u015fi daha iyiye nas\u0131l ta\u015f\u0131yabilece\u011fimizi anlamakt\u0131r.<\/p>\r\n\r\n\r\n\r\n<p>\u00c7erez, bir web sitesini ziyaret etti\u011finizde bilgisayar\u0131n\u0131za g\u00f6nderilen ve bir dizi karakter i\u00e7eren k\u00fc\u00e7\u00fck bir dosyad\u0131r. \u00c7erezler bir web sitesinin daha kullan\u0131c\u0131 dostu deneyim sunmas\u0131n\u0131 ama\u00e7lar. Ki\u015fisel ihtiya\u00e7lar\u0131n\u0131za daha uygun ve h\u0131zl\u0131 bir ziyaret deneyimi ya\u015fatmak i\u00e7in ki\u015fiselle\u015ftirilmi\u015f web sayfalar\u0131 sunulabilmesine olanak vermektedir. \u00c7erezler bilgisayar\u0131n\u0131zda veya dosyalar\u0131n\u0131zda depolanan ki\u015fisel verileriniz de dahil herhangi bir bilgi toplayamamaktad\u0131r.<\/p>\r\n\r\n\r\n\r\n<p>Ge\u00e7erlilik s\u00fcrelerine g\u00f6re Kal\u0131c\u0131 \u00c7erez ve Ge\u00e7ici \u00c7erez olarak iki \u00e7erez tipi bulunmaktad\u0131r. Ge\u00e7ici \u00e7erezler internet sitesini ziyaret etti\u011finiz esnada olu\u015fturulur ve sadece taray\u0131c\u0131n\u0131z\u0131 kapat\u0131ncaya kadar ge\u00e7erlidirler. Kal\u0131c\u0131 \u00e7erezler ise internet sitesini ziyaret etti\u011finizde olu\u015fturulur ve siz silinceye veya s\u00fcreleri doluncaya kadar kal\u0131rlar. Ayarlar\u0131n\u0131z ile uyumlu ki\u015fiselle\u015ftirilmi\u015f bir deneyim sunma gibi i\u015flemler yapmak i\u00e7in kal\u0131c\u0131 \u00e7erezler kullan\u0131l\u0131rlar.<\/p>\r\n\r\n\r\n\r\n<p>Web sitemiz ge\u00e7ici ve kal\u0131c\u0131 tip \u00e7erezleri, sizi web sitemizin di\u011fer kullan\u0131c\u0131lar\u0131ndan ay\u0131rt etmek ilgi alanlar\u0131n\u0131za ve tercihlerinize g\u00f6re d\u00fczenleme yapmak i\u00e7in kullan\u0131lmaktad\u0131r. Vista Akademi taraf\u0131ndan tasarlanm\u0131\u015f \u00e7erezlerin yan\u0131 s\u0131ra \u00fc\u00e7\u00fcnc\u00fc taraflardan al\u0131nan hizmetler kapsam\u0131nda da \u00e7erez kullan\u0131labilmektedir.<\/p>\r\n\r\n\r\n\r\n<p>Hemen hemen t\u00fcm internet taray\u0131c\u0131lar\u0131, \u00e7erezleri otomatik olarak kabul edecek \u015fekilde \u00f6n tan\u0131ml\u0131d\u0131r. Ancak \u00e7erezleri diledi\u011finiz gibi kontrol edebilir veya silebilirsiniz. \u00c7erezleri y\u00f6netmek taray\u0131c\u0131dan taray\u0131c\u0131ya farkl\u0131l\u0131k g\u00f6sterdi\u011finden ayr\u0131nt\u0131l\u0131 bilgi almak i\u00e7in taray\u0131c\u0131n\u0131n yard\u0131m men\u00fcs\u00fcne bak\u0131labilirsiniz.<\/p>","protected":false},"excerpt":{"rendered":"<p>\u00c7erez nedir? \u00c7erez, bir siteyi ziyaret etti\u011finizde sitenin bilgisayar\u0131n\u0131za veya mobil cihaz\u0131n\u0131za kaydetti\u011fi k\u00fc\u00e7\u00fck boyutlu bir metin dosyas\u0131d\u0131r. \u00c7erezler bir<\/p>","protected":false},"author":1,"featured_media":0,"parent":0,"menu_order":0,"comment_status":"closed","ping_status":"closed","template":"","meta":{"footnotes":""},"class_list":["post-24582","page","type-page","status-publish","hentry"],"_links":{"self":[{"href":"https:\/\/vistaakademi.com\/es\/wp-json\/wp\/v2\/pages\/24582","targetHints":{"allow":["GET"]}}],"collection":[{"href":"https:\/\/vistaakademi.com\/es\/wp-json\/wp\/v2\/pages"}],"about":[{"href":"https:\/\/vistaakademi.com\/es\/wp-json\/wp\/v2\/types\/page"}],"author":[{"embeddable":true,"href":"https:\/\/vistaakademi.com\/es\/wp-json\/wp\/v2\/users\/1"}],"replies":[{"embeddable":true,"href":"https:\/\/vistaakademi.com\/es\/wp-json\/wp\/v2\/comments?post=24582"}],"version-history":[{"count":0,"href":"https:\/\/vistaakademi.com\/es\/wp-json\/wp\/v2\/pages\/24582\/revisions"}],"wp:attachment":[{"href":"https:\/\/vistaakademi.com\/es\/wp-json\/wp\/v2\/media?parent=24582"}],"curies":[{"name":"wp","href":"https:\/\/api.w.org\/{rel}","templated":true}]}}