{"id":24584,"date":"2024-07-18T14:21:11","date_gmt":"2024-07-18T14:21:11","guid":{"rendered":"https:\/\/vistaakademi.com\/?page_id=24584"},"modified":"2024-10-21T14:17:52","modified_gmt":"2024-10-21T11:17:52","slug":"kvkk","status":"publish","type":"page","link":"https:\/\/vistaakademi.com\/es\/kvkk\/","title":{"rendered":"KVKK"},"content":{"rendered":"<p><strong>Ki\u015fisel Verilerin Korunmas\u0131 Politikas\u0131<\/strong><\/p>\r\n\r\n\r\n\r\n<p>vistaakademi.com olarak ki\u015fisel verilerinizin g\u00fcvenli\u011fi hususuna azami hassasiyet g\u00f6stermekteyiz. Ki\u015fisel verileriniz 6698 say\u0131l\u0131 Ki\u015fisel Verilerin Korunmas\u0131 Kanunu (\u201cKVKK\u201d)\u2019na uygun olarak i\u015flenmekte ve muhafaza edilmektedir.<\/p>\r\n\r\n\r\n\r\n<p><strong>Veri Sorumlusu S\u0131fat\u0131yla Bilgilendirme<\/strong><\/p>\r\n\r\n\r\n\r\n<p>A\u015fa\u011f\u0131da detayl\u0131 kurumsal bilgileri yay\u0131nlanan vistaakademi.com olarak, 6698 say\u0131l\u0131 KVKK uyar\u0131nca ve Veri Sorumlusu s\u0131fat\u0131yla, ki\u015fisel verileriniz bu sayfada a\u00e7\u0131kland\u0131\u011f\u0131 \u00e7er\u00e7evede; kaydedilecek, saklanacak, g\u00fcncellenecek, mevzuat\u0131n izin verdi\u011fi durumlarda 3. ki\u015filere a\u00e7\u0131klanabilecek \/ devredilebilecek, s\u0131n\u0131fland\u0131r\u0131labilecek ve KVKK\u2019da say\u0131lan \u015fekillerde i\u015flenebilecektir.<\/p>\r\n\r\n\r\n\r\n<p><strong>Ki\u015fisel Verilerinizin Ne \u015eekilde \u0130\u015flenebilece\u011fi<\/strong><\/p>\r\n\r\n\r\n\r\n<p>6698 say\u0131l\u0131 KVKK uyar\u0131nca, vistaakademi.com ile payla\u015ft\u0131\u011f\u0131n\u0131z ki\u015fisel verileriniz, tamamen veya k\u0131smen, otomatik olarak veyahut herhangi bir veri kay\u0131t sisteminin par\u00e7as\u0131 olmak kayd\u0131yla otomatik olmayan yollarla elde edilerek, kaydedilerek, depolanarak, de\u011fi\u015ftirilerek, yeniden d\u00fczenlenerek, k\u0131sacas\u0131 veriler \u00fczerinde ger\u00e7ekle\u015ftirilen her t\u00fcrl\u00fc i\u015fleme konu olarak taraf\u0131m\u0131zdan i\u015flenebilecektir. KVKK kapsam\u0131nda veriler \u00fczerinde ger\u00e7ekle\u015ftirilen her t\u00fcrl\u00fc i\u015flem \u201cki\u015fisel verilerin i\u015flenmesi\u201d olarak kabul edilmektedir.<\/p>\r\n\r\n\r\n\r\n<p><strong>Ki\u015fisel Verilerinizin \u0130\u015flenme Ama\u00e7lar\u0131 Ve Hukuki Sebepleri<\/strong><\/p>\r\n\r\n\r\n\r\n<p>M\u00fc\u015fterilerimize verdi\u011fimiz hizmetlerin gereklerini, s\u00f6zle\u015fmenin ve teknolojinin gereklerine uygun \u015fekilde yapabilmek, sunulan \u00fcr\u00fcn ve hizmetlerimizi geli\u015ftirebilmek i\u00e7in;<\/p>\r\n\r\n\r\n\r\n<p>6563 say\u0131l\u0131 Elektronik Ticaretin D\u00fczenlenmesi Hakk\u0131nda Kanun, 6502 say\u0131l\u0131 T\u00fcketicinin Korunmas\u0131 Hakk\u0131nda Kanun ile bu d\u00fczenlemelere dayanak yap\u0131larak haz\u0131rlanan 26.08.2015 tarihli 29457 say\u0131l\u0131 RG\u2019de yay\u0131nlanan Elektronik Ticarette Hizmet Sa\u011flay\u0131c\u0131 ve Arac\u0131 Hizmet Sa\u011flay\u0131c\u0131lar Hakk\u0131nda Y\u00f6netmelik, 27.11.2014 tarihli ve 29188 say\u0131l\u0131 RG\u2019de yay\u0131nlanan Mesafeli S\u00f6zle\u015fmeler Y\u00f6netmeli\u011fi ve di\u011fer ilgili mevzuat kapsam\u0131nda i\u015flem sahibinin bilgilerini tespit i\u00e7in kimlik, adres ve di\u011fer gerekli bilgileri kaydetmek i\u00e7in; Bankac\u0131l\u0131k ve Elektronik \u00d6deme alan\u0131nda zorunlu olan \u00f6deme sistemleri, elektronik s\u00f6zle\u015fme veya k\u00e2\u011f\u0131t ortam\u0131nda i\u015fleme dayanak olacak t\u00fcm kay\u0131t ve belgeleri d\u00fczenlemek; mevzuat gere\u011fi ve di\u011fer otoritelerce \u00f6ng\u00f6r\u00fclen bilgi saklama, raporlama, bilgilendirme y\u00fck\u00fcml\u00fcl\u00fcklerine uymak i\u00e7in; Kamu g\u00fcvenli\u011fine ili\u015fkin hususlarda ve hukuki uyu\u015fmazl\u0131klarda, talep halinde ve mevzuat gere\u011fi savc\u0131l\u0131klara, mahkemelere ve ilgili kamu g\u00f6revlilerine bilgi verebilmek i\u00e7in; \u00dcyelerimize geni\u015f kapsamda \u00e7e\u015fitli imkanlar sunabilmek veya bu imkanlar\u0131 sunabilecek ki\u015fi veya kurumlarla yasal \u00e7er\u00e7evede payla\u015fabilmek i\u00e7in;<\/p>\r\n\r\n\r\n\r\n<p>6698 say\u0131l\u0131 KVKK ve ilgili ikincil d\u00fczenlemelere uygun olarak i\u015flenecektir.<\/p>\r\n\r\n\r\n\r\n<p><strong>Ki\u015fisel Verilerinizin Aktar\u0131labilece\u011fi \u00dc\u00e7\u00fcnc\u00fc Ki\u015fi Veya Kurulu\u015flar Hakk\u0131nda Bilgilendirme<\/strong><\/p>\r\n\r\n\r\n\r\n<p>Yukar\u0131da belirtilen ama\u00e7larla, vistaakademi.com ile payla\u015ft\u0131\u011f\u0131n\u0131z ki\u015fisel verilerinizin aktar\u0131labilece\u011fi ki\u015fi \/ kurulu\u015flar; ana hissedarlar\u0131m\u0131z, hissedarlar\u0131m\u0131z, do\u011frudan veya dolayl\u0131 yurt i\u00e7i \/ yurt d\u0131\u015f\u0131 i\u015ftiraklerimiz; ba\u015fta vistaakademi.com altyap\u0131s\u0131n\u0131 kullanan \u00dcye firmalar ve bunlarla s\u0131n\u0131rl\u0131 olmamak \u00fczere sunulan hizmet ile ilgili ki\u015fi ve kurulu\u015flar olmak \u00fczere, faaliyetlerimizi y\u00fcr\u00fctmek \u00fczere ve\/veya Veri \u0130\u015fleyen s\u0131fat\u0131 ile hizmet ald\u0131\u011f\u0131m\u0131z, i\u015f birli\u011fi yapt\u0131\u011f\u0131m\u0131z, program orta\u011f\u0131 kurulu\u015flar\u0131, yurti\u00e7i \/ yurtd\u0131\u015f\u0131 kurulu\u015flar ve di\u011fer 3. ki\u015filer ve kurulu\u015flard\u0131r.<\/p>\r\n\r\n\r\n\r\n<p><strong>Ki\u015fisel Verilerinizin Toplanma \u015eekli<\/strong><\/p>\r\n\r\n\r\n\r\n<p>vistaakademi.com internet sitesi ve mobil uygulamalar\u0131ndaki formlar ile ad, soyad, TC kimlik numaras\u0131, adres, telefon, i\u015f veya \u00f6zel e-posta adresi gibi bilgiler ile; kullan\u0131c\u0131 ad\u0131 ve \u015fifresi kullan\u0131larak giri\u015f yap\u0131lan sayfalardaki tercihleri, ger\u00e7ekle\u015ftirilen i\u015flemlerin IP kay\u0131tlar\u0131, taray\u0131c\u0131 taraf\u0131ndan toplanan \u00e7erez verileri ile gezinme s\u00fcre ve detaylar\u0131n\u0131 i\u00e7eren veriler, konum verileri \u015feklinde;<\/p>\r\n\r\n\r\n\r\n<p>Konferanslar ve e\u011fitim, dan\u0131\u015fmanl\u0131k hizmetlerimiz, sat\u0131\u015f ve pazarlama departman\u0131 \u00e7al\u0131\u015fanlar\u0131m\u0131z, ka\u011f\u0131t \u00fczerindeki formlar, kartvizitler, dijital pazarlama ve \u00e7a\u011fr\u0131 merkezi gibi kanallar\u0131m\u0131z arac\u0131l\u0131\u011f\u0131yla s\u00f6zl\u00fc, yaz\u0131l\u0131 veya elektronik ortamdan;<\/p>\r\n\r\n\r\n\r\n<p>vistaakademi.com ile ticari ili\u015fki kurmak, i\u015f ba\u015fvurusu yapmak, teklif vermek gibi ama\u00e7larla, kartvizit, \u00f6zge\u00e7mi\u015f (cv), teklif vermek ve sair yollarla ki\u015fisel verilerini payla\u015fan ki\u015filerden al\u0131nan, fiziki veya sanal bir ortamda, y\u00fcz y\u00fcze ya da mesafeli, s\u00f6zl\u00fc veya yaz\u0131l\u0131 ya da elektronik ortamdan;<\/p>\r\n\r\n\r\n\r\n<p>Ayr\u0131ca farkl\u0131 kanallardan dolayl\u0131 yoldan elde edilen, web sitesi, blog, yar\u0131\u015fma, anket, oyun, kampanya ve benzeri ama\u00e7l\u0131 kullan\u0131lan (mikro) web sitelerinden ve sosyal medyadan elde edilen veriler, e-b\u00fclten okuma veya t\u0131klama hareketleri, kamuya a\u00e7\u0131k veri tabanlar\u0131n\u0131n sundu\u011fu veriler, sosyal medya platformlar\u0131 (Facebook, Twitter, Google, Instagram, Snapchat vs) gibi sosyal payla\u015f\u0131m sitelerinden payla\u015f\u0131ma a\u00e7\u0131k profil ve verilerden; i\u015flenebilmekte ve toplanabilmektedir.<\/p>\r\n\r\n\r\n\r\n<p><strong>KVKK Y\u00fcr\u00fcrl\u00fc\u011fe Girmeden \u00d6nce Elde Edilen Ki\u015fisel Verileriniz<\/strong><\/p>\r\n\r\n\r\n\r\n<p>KVKK\u2019nun y\u00fcr\u00fcrl\u00fck tarihi olan 7 Nisan 2016 tarihinden \u00f6nce, \u00fcyelik, elektronik ileti izni, \u00fcr\u00fcn \/ hizmet sat\u0131n alma ve di\u011fer \u015fekillerde hukuka uygun olarak elde edilmi\u015f olan ki\u015fisel verileriniz de bu belgede d\u00fczenlenen \u015fart ve ko\u015fullara uygun olarak i\u015flenmekte ve muhafaza edilmektedir.<\/p>\r\n\r\n\r\n\r\n<p><strong>Ki\u015fisel Verilerinizin Aktar\u0131lmas\u0131<\/strong><\/p>\r\n\r\n\r\n\r\n<p>T\u00fcrkiye\u2019de i\u015flenerek veya T\u00fcrkiye d\u0131\u015f\u0131nda i\u015flenip muhafaza edilmek \u00fczere, yukar\u0131da say\u0131lan y\u00f6ntemlerden herhangi birisi ile toplanm\u0131\u015f ki\u015fisel verileriniz KVKK kapsam\u0131nda kalmak kayd\u0131yla ve s\u00f6zle\u015fme ama\u00e7lar\u0131na uygun olarak yurtd\u0131\u015f\u0131nda bulunan (Ki\u015fisel Veriler Kurulu taraf\u0131ndan akredite edilen ve ki\u015fisel verilerin korunmas\u0131 hususunda yeterli koruman\u0131n bulundu\u011fu \u00fclkelere) hizmet arac\u0131lar\u0131na da aktar\u0131labilecektir.<\/p>\r\n\r\n\r\n\r\n<p>Ki\u015fisel Verilerin Saklanmas\u0131 Ve Korunmas\u0131<\/p>\r\n\r\n\r\n\r\n<p>vistaakademi.com, ki\u015fisel verilerinizin bar\u0131nd\u0131\u011f\u0131 sistemleri ve veri tabanlar\u0131n\u0131, KVKK\u2019nun 12. Maddesi gere\u011fi ki\u015fisel verilerin hukuka ayk\u0131r\u0131 olarak i\u015flenmesini \u00f6nlemekle, yetkisiz ki\u015filerin eri\u015fimlerini engellemekle; muhafazalar\u0131n\u0131 sa\u011flamak amac\u0131yla hash, \u015fifreleme, i\u015flem kayd\u0131, eri\u015fim y\u00f6netimi gibi yaz\u0131l\u0131msal tedbirleri ve fiziksel g\u00fcvenlik \u00f6nlemleri almakla m\u00fckelleftir. Ki\u015fisel verilerin yasal olmayan yollarla ba\u015fkalar\u0131 taraf\u0131ndan elde edilmesinin \u00f6\u011frenilmesi halinde durum derhal, yasal d\u00fczenlemeye uygun ve yaz\u0131l\u0131 olarak Ki\u015fisel Verileri Koruma Kurulu\u2019na bildirilecektir.<\/p>\r\n\r\n\r\n\r\n<p><strong>Ki\u015fisel Verilerin G\u00fcncel Ve Do\u011fru Tutulmas\u0131<\/strong><\/p>\r\n\r\n\r\n\r\n<p>KVKK\u2019nun 4. maddesi uyar\u0131nca vistaakademi.com\u2019nin ki\u015fisel verilerinizi do\u011fru ve g\u00fcncel olarak tutma y\u00fck\u00fcml\u00fcl\u00fc\u011f\u00fc bulunmaktad\u0131r. Bu kapsamda vistaakademi.com\u2019nin y\u00fcr\u00fcrl\u00fckteki mevzuattan do\u011fan y\u00fck\u00fcml\u00fcl\u00fcklerini yerine getirebilmesi i\u00e7in M\u00fc\u015fterilerimizin do\u011fru ve g\u00fcncel verilerini payla\u015fmas\u0131 veya web sitesi \/ mobil uygulama \u00fczerinden g\u00fcncellemesi gerekmektedir.<\/p>","protected":false},"excerpt":{"rendered":"<p>Ki\u015fisel Verilerin Korunmas\u0131 Politikas\u0131 vistaakademi.com olarak ki\u015fisel verilerinizin g\u00fcvenli\u011fi hususuna azami hassasiyet g\u00f6stermekteyiz. Ki\u015fisel verileriniz 6698 say\u0131l\u0131 Ki\u015fisel Verilerin Korunmas\u0131<\/p>","protected":false},"author":1,"featured_media":0,"parent":0,"menu_order":0,"comment_status":"closed","ping_status":"closed","template":"","meta":{"footnotes":""},"class_list":["post-24584","page","type-page","status-publish","hentry"],"_links":{"self":[{"href":"https:\/\/vistaakademi.com\/es\/wp-json\/wp\/v2\/pages\/24584","targetHints":{"allow":["GET"]}}],"collection":[{"href":"https:\/\/vistaakademi.com\/es\/wp-json\/wp\/v2\/pages"}],"about":[{"href":"https:\/\/vistaakademi.com\/es\/wp-json\/wp\/v2\/types\/page"}],"author":[{"embeddable":true,"href":"https:\/\/vistaakademi.com\/es\/wp-json\/wp\/v2\/users\/1"}],"replies":[{"embeddable":true,"href":"https:\/\/vistaakademi.com\/es\/wp-json\/wp\/v2\/comments?post=24584"}],"version-history":[{"count":0,"href":"https:\/\/vistaakademi.com\/es\/wp-json\/wp\/v2\/pages\/24584\/revisions"}],"wp:attachment":[{"href":"https:\/\/vistaakademi.com\/es\/wp-json\/wp\/v2\/media?parent=24584"}],"curies":[{"name":"wp","href":"https:\/\/api.w.org\/{rel}","templated":true}]}}