{"id":24879,"date":"2024-07-19T15:15:48","date_gmt":"2024-07-19T12:15:48","guid":{"rendered":"https:\/\/vistaakademi.com\/?post_type=product&#038;p=24879"},"modified":"2026-03-10T15:15:11","modified_gmt":"2026-03-10T12:15:11","slug":"yds-yokdil-ozel-grup-ders","status":"publish","type":"product","link":"https:\/\/vistaakademi.com\/es\/producto\/yds-yokdil-ozel-grup-ders\/","title":{"rendered":"Lecciones privadas y grupales de YDS y Y\u00d6KD\u0130L"},"content":{"rendered":"<div data-elementor-type=\"wp-post\" data-elementor-id=\"24879\" class=\"elementor elementor-24879\" data-elementor-post-type=\"product\">\n\t\t\t\t<div class=\"wd-negative-gap elementor-element elementor-element-8478aae e-flex e-con-boxed e-con e-parent\" data-id=\"8478aae\" data-element_type=\"container\">\n\t\t\t\t\t<div class=\"e-con-inner\">\n\t\t\t\t<div class=\"elementor-element elementor-element-634ed53 elementor-widget elementor-widget-wd_text_block\" data-id=\"634ed53\" data-element_type=\"widget\" data-widget_type=\"wd_text_block.default\">\n\t\t\t\t<div class=\"elementor-widget-container\">\n\t\t\t\t\t\t\t<div class=\"wd-text-block reset-last-child text-left\">\n\t\t\t\n\t\t\t<p>YDS &amp; Y\u00d6KD\u0130L \u00f6zel ders s\u00fcrecinde \u00f6ncelikle \u00f6\u011frenci i\u00e7in gerekli kaynaklar\u0131 tespit edilip \u00f6\u011frencinin seviyesine uygun bir m\u00fcfredat olu\u015fturulur. Derslerde a\u011f\u0131rl\u0131kl\u0131 olarak kelime okuma ve soru \u00e7\u00f6z\u00fcm teknikleri ve detayl\u0131 soru analizleri yap\u0131l\u0131r. \u00d6zellikle t\u00fcm \u00e7\u0131km\u0131\u015f sorular incelenerek farkl\u0131 yay\u0131nc\u0131l\u0131klar\u0131n kaynaklar\u0131ndan ve e\u011fitmen taraf\u0131ndan haz\u0131rlanan \u00f6zg\u00fcn soru taramas\u0131 yap\u0131lmaktad\u0131r. E\u011fitimenle \u00e7al\u0131\u015f\u0131lan s\u00fcre boyunca g\u00fcnl\u00fck\/haftal\u0131k \u00f6devlendirmeleriniz olur ve \u00f6devlerinizin kontrol\u00fcn\u00fc e\u011fitmeniniz sa\u011flamaktad\u0131r. Dersler zoom \u00fczerinden i\u015flenmektedir, ders iptali en ge\u00e7 ders ba\u015flamadan 3 saat \u00f6nce bildirilmelidir. \u0130ptal bildirilmeyip derse gelinmemesi durumunda o ders yap\u0131lm\u0131\u015f say\u0131l\u0131r.<\/p><p>Ders g\u00fcn ve saatleri i\u00e7in tercih etti\u011finiz zaman dilimini l\u00fctfen sat\u0131n alma i\u015fleminiz sonras\u0131nda WhatsApp destek hatt\u0131 \u00fczerinden belirtiniz. YDS &amp; Y\u00d6KD\u0130L \u00d6zel ders alan \u00f6\u011frencilerimiz y\u0131l boyunca planlanan grup derslerinden \u00fccretsiz faydalanabilmektedirler.<\/p><p>\u00a0<\/p><p>*Havale\/Eft ile yap\u0131lan \u00f6demelerde %5 nakit \u00f6deme indirimi uygulan\u0131r.<\/p>\n\t\t\t\t\t<\/div>\n\t\t\t\t\t\t<\/div>\n\t\t\t\t<\/div>\n\t\t\t\t\t<\/div>\n\t\t\t\t<\/div>\n\t\t<div class=\"wd-negative-gap elementor-element elementor-element-3bf6f7f e-flex e-con-boxed e-con e-parent\" data-id=\"3bf6f7f\" data-element_type=\"container\">\n\t\t\t\t\t<div class=\"e-con-inner\">\n\t\t\t\t<div class=\"elementor-element elementor-element-2d07e4e elementor-widget-divider--view-line elementor-widget elementor-widget-divider\" data-id=\"2d07e4e\" data-element_type=\"widget\" data-widget_type=\"divider.default\">\n\t\t\t\t<div class=\"elementor-widget-container\">\n\t\t\t\t\t\t\t<div class=\"elementor-divider\">\n\t\t\t<span class=\"elementor-divider-separator\">\n\t\t\t\t\t\t<\/span>\n\t\t<\/div>\n\t\t\t\t\t\t<\/div>\n\t\t\t\t<\/div>\n\t\t\t\t\t<\/div>\n\t\t\t\t<\/div>\n\t\t<div class=\"wd-negative-gap elementor-element elementor-element-3e802fd e-flex e-con-boxed e-con e-parent\" data-id=\"3e802fd\" data-element_type=\"container\">\n\t\t\t\t\t<div class=\"e-con-inner\">\n\t\t\t\t<div class=\"elementor-element elementor-element-8083561 elementor-widget__width-initial elementor-absolute elementor-widget elementor-widget-heading\" data-id=\"8083561\" data-element_type=\"widget\" data-settings=\"{&quot;_position&quot;:&quot;absolute&quot;}\" data-widget_type=\"heading.default\">\n\t\t\t\t<div class=\"elementor-widget-container\">\n\t\t\t\t\t<h4 class=\"elementor-heading-title elementor-size-default\">Solicitar este Servicio y <br>\u00bfTe gustar\u00eda unirte a nosotros?<\/h4>\t\t\t\t<\/div>\n\t\t\t\t<\/div>\n\t\t\t\t\t<\/div>\n\t\t\t\t<\/div>\n\t\t\t\t<\/div>","protected":false},"excerpt":{"rendered":"<p>\u2713 \u00d6\u011frencinin seviyesine uygun m\u00fcfredat\u200b<\/p>\n<p>\u2713 Bireysel \u00f6devlendirme ve takip<\/p>\n<p>\u2713 Kaynak deste\u011fi<\/p>","protected":false},"featured_media":26151,"comment_status":"open","ping_status":"closed","template":"","meta":[],"product_brand":[],"product_cat":[75],"product_tag":[],"class_list":{"0":"post-24879","1":"product","2":"type-product","3":"status-publish","4":"has-post-thumbnail","6":"product_cat-hizmetlerimiz","8":"first","9":"instock","10":"sale","11":"shipping-taxable","12":"purchasable","13":"product-type-variable"},"_links":{"self":[{"href":"https:\/\/vistaakademi.com\/es\/wp-json\/wp\/v2\/product\/24879","targetHints":{"allow":["GET"]}}],"collection":[{"href":"https:\/\/vistaakademi.com\/es\/wp-json\/wp\/v2\/product"}],"about":[{"href":"https:\/\/vistaakademi.com\/es\/wp-json\/wp\/v2\/types\/product"}],"replies":[{"embeddable":true,"href":"https:\/\/vistaakademi.com\/es\/wp-json\/wp\/v2\/comments?post=24879"}],"version-history":[{"count":0,"href":"https:\/\/vistaakademi.com\/es\/wp-json\/wp\/v2\/product\/24879\/revisions"}],"wp:featuredmedia":[{"embeddable":true,"href":"https:\/\/vistaakademi.com\/es\/wp-json\/wp\/v2\/media\/26151"}],"wp:attachment":[{"href":"https:\/\/vistaakademi.com\/es\/wp-json\/wp\/v2\/media?parent=24879"}],"wp:term":[{"taxonomy":"product_brand","embeddable":true,"href":"https:\/\/vistaakademi.com\/es\/wp-json\/wp\/v2\/product_brand?post=24879"},{"taxonomy":"product_cat","embeddable":true,"href":"https:\/\/vistaakademi.com\/es\/wp-json\/wp\/v2\/product_cat?post=24879"},{"taxonomy":"product_tag","embeddable":true,"href":"https:\/\/vistaakademi.com\/es\/wp-json\/wp\/v2\/product_tag?post=24879"}],"curies":[{"name":"wp","href":"https:\/\/api.w.org\/{rel}","templated":true}]}}