{"id":26048,"date":"2025-05-07T23:13:21","date_gmt":"2025-05-07T20:13:21","guid":{"rendered":"https:\/\/vistaakademi.com\/?post_type=product&#038;p=26048"},"modified":"2025-05-07T23:28:48","modified_gmt":"2025-05-07T20:28:48","slug":"tyt-ayt-bireysel-kocluk","status":"publish","type":"product","link":"https:\/\/vistaakademi.com\/es\/producto\/tyt-ayt-bireysel-kocluk\/","title":{"rendered":"TYT &#038; AYT B\u0130REYSEL KO\u00c7LUK"},"content":{"rendered":"<p>D\u00fczenli olarak \u00f6\u011frencilerin TYT &amp; AYT i\u00e7erikli haftal\u0131k \u00e7al\u0131\u015fma programlar\u0131n\u0131 haz\u0131rlan\u0131r ve g\u00fcnl\u00fck takibini sa\u011flan\u0131r. \u00d6\u011frencinin kullanaca\u011f\u0131 kaynaklardan \u00e7\u00f6zece\u011fi soru say\u0131s\u0131na, takip edece\u011fi YouTube kanallar\u0131, olu\u015fturaca\u011f\u0131 soru \u00e7\u00f6z\u00fcm defterlerine kadar hepsi dan\u0131\u015fman hocan\u0131n (S\u0131nav ko\u00e7unun) g\u00f6zetim alt\u0131nda yap\u0131lmaktad\u0131r.<\/p>\n<p>\u00d6\u011frencilerin \u00e7\u00f6zemedi\u011fi sorular i\u00e7in t\u00fcm \u00f6\u011frencilerin dahil oldu\u011fu TYT ve AYT i\u00e7in iki farkl\u0131 soru \u00e7\u00f6z\u00fcm gruplar\u0131 bulunur. Bu gruplarda sorumlu olan e\u011fitmenler bulunmakla birlikte \u00f6\u011frenciler birbirlerinin de anlamad\u0131klar\u0131 sorular\u0131 \u00e7\u00f6zerek s\u00fcreci dayan\u0131\u015fma i\u00e7erisinde y\u00fcr\u00fct\u00fcrler.<\/p>\n<p>\u00d6\u011frenciler ile her hafta belirlenen g\u00fcn ve saatte zoom platformu \u00fczerinden 20-30 dakika s\u00fcren g\u00f6r\u00fc\u015fmeler ger\u00e7ekle\u015ftirilir ve programlar da bu g\u00f6r\u00fc\u015fmeler do\u011frultusunda haz\u0131rlanmaktad\u0131r. Ayda 3 adet \u00f6\u011frenci ile birebir 1 adet t\u00fcm \u00f6\u011frencilerin dahil oldu\u011fu motivasyon g\u00f6r\u00fc\u015fmesi olmak \u00fczere 4 adet g\u00f6r\u00fc\u015fme ger\u00e7ekle\u015ftirilir. Bunun d\u0131\u015f\u0131nda g\u00fcn i\u00e7erisinde \u00f6\u011frenci e\u011fimeniyle WhatsApp \u00fczerinden de (Pazar g\u00fcn\u00fc hari\u00e7) ileti\u015fime ge\u00e7ebilmektedir.<\/p>\n<p>Programdan verim alabilmek i\u00e7in en az 2 ay sisteme dahil olunmas\u0131 tavsiye edilmektedir.<\/p>\n<p>\u00dccretlendirme ayl\u0131k olarak yap\u0131lmaktad\u0131r.<\/p>\n<p>\u00d6\u011frenciler Ekim ay\u0131ndan itibaren her hafta sonu zoom platformu \u00fczerinden Cumartesi 10.15 TYT denemesi \u00e7\u00f6zerler. AYT denemeleri okullarda konular\u0131n ilerlemesi a\u00e7\u0131s\u0131ndan Ocak itibariyle her hafta Pazar g\u00fcnleri 10.15 olarak eklenir. Ocak ay\u0131na kadar belli aral\u0131klarla da denemeler uygulan\u0131r. Bu denemelerde bilgisayar\/tablet\/telefon kameras\u0131 \u00f6n\u00fcn\u00fczdeki optik ve denemeyi g\u00f6sterecek \u015fekilde g\u00f6r\u00fcnt\u00fc a\u00e7\u0131k, ses kapal\u0131 olmak zorundad\u0131r.<\/p>\n<p>Vista Akademi b\u00fcnyesindeki \u00f6\u011frenci ko\u00e7luk ald\u0131\u011f\u0131 takdirde sene i\u00e7erisinde toplam 50 TYT, 40 AYT denemesi kurumla birlikte \u00e7\u00f6zer. (May\u0131s &amp; Haziran ay\u0131nda seri deneme program\u0131 ayr\u0131ca a\u00e7\u0131klanmaktad\u0131r.) Denemeler Ekim ay\u0131nda ba\u015flar ve ba\u015flamadan \u00f6nce \u00f6\u011frencinin adresine kargo ile ula\u015ft\u0131r\u0131l\u0131r. \u00d6\u011frenciler denemeler i\u00e7in ek bir \u00fccret \u00f6demezler. Ancak \u00f6\u011frenci denemelere kat\u0131lmak istemezse bildirilmelidir, fiyat de\u011fi\u015fikli\u011fi s\u00f6z konusu olabilmektedir. (Sene sonundaki seri denemeler harici \u00fccretlendirilir, \u00f6\u011frenci tercih etmezse kat\u0131l\u0131m sa\u011flamayabilir.) Her deneme kullanm\u0131\u015f oldu\u011fumuz \u00a0yapay zeka destekli analiz sisteminde raporlan\u0131r ve \u00f6\u011frenci sonu\u00e7 karnesi olu\u015fturulur. Veli ve \u00f6\u011frenci deneme sonu\u00e7lar\u0131n\u0131 uygulama \u00fczerinden takip eder ve bu rapor do\u011frultusunda \u00f6\u011frencinin eksikleri belirlenir programlar bu raporlara g\u00f6re \u015fekillendirilir.<\/p>\n<p>Her hafta \u00a0\u00c7ar\u015famba ve Cuma ak\u015famlar\u0131 zoom \u00fczerinden 21.00-22.30 aras\u0131nda ders \u00e7al\u0131\u015fma et\u00fctleri ger\u00e7ekle\u015ftirilir, bu et\u00fctlerde t\u00fcm \u00f6\u011frenciler kameras\u0131 a\u00e7\u0131k mikrofonu kapal\u0131 \u015fekilde ders \u00e7al\u0131\u015f\u0131rlar. (Online k\u00fct\u00fcphane ortam\u0131 \u015feklinde.)<\/p>\n<p>Y\u0131l boyunca t\u00fcm \u00f6\u011frencilerimiz \u00a0t\u00fcm \u00f6\u011frenciler ve e\u011fitmenlerimizin dahil oldu\u011fu motivasyon toplant\u0131lar\u0131yla desteklenirler. Vista Akademi kurucusu Merve Eren (yksdilmervee) kimdir?<\/p>\n<p>Ege \u00dcniversitesi Amerikan K\u00fclt\u00fcr\u00fc ve Edebiyat\u0131 2022 y\u0131l\u0131 mezunu. Anadolu \u00dcniversitesi\/A\u00e7\u0131k\u00f6\u011fretim Fak\u00fcltesi Sosyoloji B\u00f6l\u00fcm\u00fcnden de 2. \u00fcniversite olarak 2024 y\u0131l\u0131nda mezun olmu\u015ftur. 2018&#8217;den beri Akademik S\u0131nav ko\u00e7u olarak bireysel ko\u00e7luk \u00f6\u011frencileriyle \u00e7al\u0131\u015f\u0131r. InstitutUS &amp; \u0130zmir Psikoloji Enstit\u00fcs\u00fc onayl\u0131 Bili\u015fsel Davran\u0131\u015f\u00e7\u0131 Terapi y\u00f6nelimli S\u0131nav Kayg\u0131s\u0131 ve Ba\u015fa \u00c7\u0131kma Y\u00f6ntemleri sertifikas\u0131yla birlikte ICF (Uluslararas\u0131 Ko\u00e7luk Federasyonu) onayl\u0131 ko\u00e7luk e\u011fitimi ve Bo\u011fazi\u00e7i Enstit\u00fcs\u00fc&#8217;nden etkili ileti\u015fim teknikleri e\u011fitimi mevcuttur.<\/p>\n<p>Para cualquier duda que tengas, puedes contactarnos a trav\u00e9s de la cuenta de Instagram @vistaakademi \/ l\u00ednea de soporte de Whatsapp al 0 (546) 902 59 98. Estaremos encantados de atenderte.<\/p>\n<p>Bizimle \u00e7al\u0131\u015fmak isterseniz hizmete ba\u015fvur butonuna t\u0131klayabilir ya da dilerseniz WhatsApp destek hatt\u0131m\u0131zdan bizlere yazabilirsiniz. Sizlerle ileti\u015fime ge\u00e7ece\u011fiz.<\/p>\n<p>&nbsp;<\/p>","protected":false},"excerpt":{"rendered":"<ul>\n<li>Ki\u015fiye \u00f6zel \u00e7al\u0131\u015fma program\u0131<\/li>\n<li>Yapay zeka destekli s\u0131nav analiz sistemi<\/li>\n<li>Her hafta d\u00fczenli deneme s\u0131navlar\u0131<\/li>\n<li>Birebir g\u00f6r\u00fc\u015fme &amp; \u00f6\u011frenci takip sistemi<\/li>\n<\/ul>","protected":false},"featured_media":25897,"comment_status":"closed","ping_status":"closed","template":"","meta":[],"product_brand":[],"product_cat":[20],"product_tag":[],"class_list":{"0":"post-26048","1":"product","2":"type-product","3":"status-publish","4":"has-post-thumbnail","6":"product_cat-accessories","8":"first","9":"instock","10":"sale","11":"shipping-taxable","12":"purchasable","13":"product-type-simple"},"_links":{"self":[{"href":"https:\/\/vistaakademi.com\/es\/wp-json\/wp\/v2\/product\/26048","targetHints":{"allow":["GET"]}}],"collection":[{"href":"https:\/\/vistaakademi.com\/es\/wp-json\/wp\/v2\/product"}],"about":[{"href":"https:\/\/vistaakademi.com\/es\/wp-json\/wp\/v2\/types\/product"}],"replies":[{"embeddable":true,"href":"https:\/\/vistaakademi.com\/es\/wp-json\/wp\/v2\/comments?post=26048"}],"version-history":[{"count":0,"href":"https:\/\/vistaakademi.com\/es\/wp-json\/wp\/v2\/product\/26048\/revisions"}],"wp:featuredmedia":[{"embeddable":true,"href":"https:\/\/vistaakademi.com\/es\/wp-json\/wp\/v2\/media\/25897"}],"wp:attachment":[{"href":"https:\/\/vistaakademi.com\/es\/wp-json\/wp\/v2\/media?parent=26048"}],"wp:term":[{"taxonomy":"product_brand","embeddable":true,"href":"https:\/\/vistaakademi.com\/es\/wp-json\/wp\/v2\/product_brand?post=26048"},{"taxonomy":"product_cat","embeddable":true,"href":"https:\/\/vistaakademi.com\/es\/wp-json\/wp\/v2\/product_cat?post=26048"},{"taxonomy":"product_tag","embeddable":true,"href":"https:\/\/vistaakademi.com\/es\/wp-json\/wp\/v2\/product_tag?post=26048"}],"curies":[{"name":"wp","href":"https:\/\/api.w.org\/{rel}","templated":true}]}}