{"id":26081,"date":"2025-06-30T11:34:18","date_gmt":"2025-06-30T08:34:18","guid":{"rendered":"https:\/\/vistaakademi.com\/?post_type=product&#038;p=26081"},"modified":"2025-06-30T11:34:18","modified_gmt":"2025-06-30T08:34:18","slug":"ydt-2026-yaz-kampi","status":"publish","type":"product","link":"https:\/\/vistaakademi.com\/es\/producto\/ydt-2026-yaz-kampi\/","title":{"rendered":"YDT 2026 YAZ KAMPI"},"content":{"rendered":"<p>\ud83d\udcdaKamp 36 ders saatinden olu\u015fmaktad\u0131r. Kamp\u0131m\u0131z\u0131n amac\u0131 kelime &amp; gramer &amp; okuma becerilerinizi g\u00fc\u00e7lendirmek ve sizleri s\u0131nav senesine \u00a0haz\u0131rlamakt\u0131r. Derslerde kullan\u0131lacak olan materyaller ders \u00f6ncesinde sizlere PDF format\u0131nda iletilecektir.<span class=\"Apple-converted-space\">\u00a0<\/span><\/p>\n<p>\ud83d\udc69\ud83c\udffc\u200d\ud83d\udcbbDerslerimiz online olarak canl\u0131 bir \u015fekilde \u00a0Zoom platformu \u00fczerinden ger\u00e7ekle\u015ftirilecek olup her ders kay\u0131t alt\u0131na al\u0131nacakt\u0131r. B\u00f6ylece kat\u0131lamad\u0131\u011f\u0131n\u0131z derslere eri\u015fim imkan\u0131n\u0131z olacak olup ders kayb\u0131 ya\u015fanmayacakt\u0131r. <strong>(Ders kay\u0131tlar\u0131na 20 A\u011fustos&#8217;a kadar eri\u015fim sa\u011flayabilirsiniz ancak 2026 YDT grup dersini sat\u0131n alman\u0131z durumunda 2026 YKS&#8217;ye kadar derslere eri\u015fiminiz bulunacakt\u0131r.)<\/strong><\/p>\n<p>Derslere kat\u0131lmak i\u00e7in; Zoom platformunu kullanaca\u011f\u0131n\u0131z cihaza ilgili uygulama \u00fczerinden indirip hesap olu\u015fturman\u0131z gerekmektedir. Sizlere kat\u0131l\u0131mc\u0131 bilgileri ders \u00f6ncesinde iletilecektir.<\/p>\n<p>Kampa kat\u0131lan \u00f6\u011frencilere Eyl\u00fclde ba\u015flayacak olan YDT grup dersine kay\u0131t olmak isterlerse %10&#8217;luk bir indirim kodu tan\u0131mlanacakt\u0131r.<\/p>\n<p><strong>Kampa kay\u0131t olan \u00f6\u011frenciler ile birlikte Merve hoca taraf\u0131ndan haftal\u0131k TYT &amp; YDT ko\u00e7luk g\u00f6r\u00fc\u015fmeleri yap\u0131lacak (toplu \u015fekilde) ve haftal\u0131k TYT &amp; YDT \u00e7al\u0131\u015fma programlar\u0131 iletilecektir.<span class=\"Apple-converted-space\">\u00a0<\/span><\/strong><\/p>\n<p>*Fiyatlar\u0131m\u0131za KDV dahildir.<\/p>\n<p>*Havale\/Eft ile yap\u0131lacak \u00f6demelerde %5 nakit \u00f6deme indirimi uygulanacakt\u0131r. Havale\/Eft ile \u00f6deme yapmak i\u00e7in WhatsApp \u00fczerinden ileti\u015fime ge\u00e7ebilirsiniz.<\/p>\n<p>&nbsp;<\/p>","protected":false},"excerpt":{"rendered":"<p><strong>Ba\u015flama tarihi:<\/strong> 14 Temmuz Pazartesi<\/p>\n<p><strong>Biti\u015f Tarihi:<\/strong> 20 A\u011fustos \u00c7ar\u015famba<\/p>\n<p><strong>\u00d6\u011fretmen:<\/strong> Erbay Eren<\/p>\n<p><strong>S\u0131nav Ko\u00e7u:<\/strong> Merve Eren<\/p>\n<p>\ud83d\uddd3\ufe0f<strong>Ders g\u00fcnleri:<\/strong> Pazartesi &amp; \u00c7ar\u015famba<\/p>\n<p>\u23f0<strong>Ders saatleri: <\/strong>13.00-15.00<\/p>","protected":false},"featured_media":26082,"comment_status":"closed","ping_status":"closed","template":"","meta":[],"product_brand":[],"product_cat":[20],"product_tag":[],"class_list":{"0":"post-26081","1":"product","2":"type-product","3":"status-publish","4":"has-post-thumbnail","6":"product_cat-accessories","8":"first","9":"instock","10":"sale","11":"shipping-taxable","12":"purchasable","13":"product-type-simple"},"_links":{"self":[{"href":"https:\/\/vistaakademi.com\/es\/wp-json\/wp\/v2\/product\/26081","targetHints":{"allow":["GET"]}}],"collection":[{"href":"https:\/\/vistaakademi.com\/es\/wp-json\/wp\/v2\/product"}],"about":[{"href":"https:\/\/vistaakademi.com\/es\/wp-json\/wp\/v2\/types\/product"}],"replies":[{"embeddable":true,"href":"https:\/\/vistaakademi.com\/es\/wp-json\/wp\/v2\/comments?post=26081"}],"version-history":[{"count":0,"href":"https:\/\/vistaakademi.com\/es\/wp-json\/wp\/v2\/product\/26081\/revisions"}],"wp:featuredmedia":[{"embeddable":true,"href":"https:\/\/vistaakademi.com\/es\/wp-json\/wp\/v2\/media\/26082"}],"wp:attachment":[{"href":"https:\/\/vistaakademi.com\/es\/wp-json\/wp\/v2\/media?parent=26081"}],"wp:term":[{"taxonomy":"product_brand","embeddable":true,"href":"https:\/\/vistaakademi.com\/es\/wp-json\/wp\/v2\/product_brand?post=26081"},{"taxonomy":"product_cat","embeddable":true,"href":"https:\/\/vistaakademi.com\/es\/wp-json\/wp\/v2\/product_cat?post=26081"},{"taxonomy":"product_tag","embeddable":true,"href":"https:\/\/vistaakademi.com\/es\/wp-json\/wp\/v2\/product_tag?post=26081"}],"curies":[{"name":"wp","href":"https:\/\/api.w.org\/{rel}","templated":true}]}}