{"id":24866,"date":"2024-07-19T15:05:36","date_gmt":"2024-07-19T12:05:36","guid":{"rendered":"https:\/\/vistaakademi.com\/?post_type=product&#038;p=24866"},"modified":"2025-09-01T14:46:42","modified_gmt":"2025-09-01T11:46:42","slug":"tyt-ydt-bireysel-kocluk","status":"publish","type":"product","link":"https:\/\/vistaakademi.com\/fr\/produit\/tyt-ydt-bireysel-kocluk\/","title":{"rendered":"Coaching Individuel TYT &amp; YDT"},"content":{"rendered":"<div data-elementor-type=\"wp-post\" data-elementor-id=\"24866\" class=\"elementor elementor-24866\" data-elementor-post-type=\"product\">\n\t\t\t\t<div class=\"wd-negative-gap elementor-element elementor-element-8478aae e-flex e-con-boxed e-con e-parent\" data-id=\"8478aae\" data-element_type=\"container\">\n\t\t\t\t\t<div class=\"e-con-inner\">\n\t\t\t\t<div class=\"elementor-element elementor-element-634ed53 elementor-widget elementor-widget-wd_text_block\" data-id=\"634ed53\" data-element_type=\"widget\" data-widget_type=\"wd_text_block.default\">\n\t\t\t\t<div class=\"elementor-widget-container\">\n\t\t\t\t\t\t\t<div class=\"wd-text-block reset-last-child text-left\">\n\t\t\t\n\t\t\t<p>D\u00fczenli olarak \u00f6\u011frencilerin TYT &amp; YDT i\u00e7erikli haftal\u0131k \u00e7al\u0131\u015fma programlar\u0131n\u0131 haz\u0131rlan\u0131r ve g\u00fcnl\u00fck takibini sa\u011flan\u0131r. \u00d6\u011frencinin kullanaca\u011f\u0131 kaynaklardan \u00e7\u00f6zece\u011fi soru say\u0131s\u0131na, takip edece\u011fi YouTube kanallar\u0131, olu\u015fturaca\u011f\u0131 soru \u00e7\u00f6z\u00fcm defterlerine kadar hepsi dan\u0131\u015fman hocan\u0131n (S\u0131nav ko\u00e7unun) g\u00f6zetim alt\u0131nda yap\u0131lmaktad\u0131r.<\/p><p>\u00d6\u011frencilerin \u00e7\u00f6zemedi\u011fi sorular i\u00e7in t\u00fcm \u00f6\u011frencilerin dahil oldu\u011fu TYT ve YDT i\u00e7in iki farkl\u0131 soru \u00e7\u00f6z\u00fcm gruplar\u0131 bulunur. Bu gruplarda sorumlu olan e\u011fitmenler bulunmakla birlikte \u00f6\u011frenciler birbirlerinin de anlamad\u0131klar\u0131 sorular\u0131 \u00e7\u00f6zerek s\u00fcreci dayan\u0131\u015fma i\u00e7erisinde y\u00fcr\u00fct\u00fcrler.<\/p><p>\u00d6\u011frenciler ile her hafta belirlenen g\u00fcn ve saatte zoom platformu \u00fczerinden 20-30 dakika s\u00fcren g\u00f6r\u00fc\u015fmeler ger\u00e7ekle\u015ftirilir ve programlar da bu g\u00f6r\u00fc\u015fmeler do\u011frultusunda haz\u0131rlanmaktad\u0131r. Ayda 3 adet \u00f6\u011frenci ile birebir 1 adet t\u00fcm \u00f6\u011frencilerin dahil oldu\u011fu motivasyon g\u00f6r\u00fc\u015fmesi olmak \u00fczere 4 adet g\u00f6r\u00fc\u015fme ger\u00e7ekle\u015ftirilir. Bunun d\u0131\u015f\u0131nda g\u00fcn i\u00e7erisinde \u00f6\u011frenci e\u011fimeniyle WhatsApp \u00fczerinden de (Pazar g\u00fcn\u00fc hari\u00e7) ileti\u015fime ge\u00e7ebilmektedir.<\/p><p>Programdan verim alabilmek i\u00e7in en az 2 ay sisteme dahil olunmas\u0131 tavsiye edilmektedir.<\/p><p>\u00dccretlendirme ayl\u0131k olarak yap\u0131lmaktad\u0131r.<\/p><p>Bireysel ko\u00e7luk program\u0131na kay\u0131t olan \u00f6\u011frenciler YDT 2026 grup dersi e\u011fitiminden %50 indirimle faydalanabilmektedirler. (Detaylar i\u00e7in WhatsApp destek hatt\u0131ndan bizlerle ileti\u015fime ge\u00e7ebilirsiniz.)<\/p><p>\u00c0 partir d'octobre, les \u00e9tudiants r\u00e9solvent des \u00e9preuves via Zoom tous les week-ends, samedi 10h15 TYT, dimanche 15h45 YDT. Lors de ces essais, la cam\u00e9ra de l'ordinateur\/tablette\/t\u00e9l\u00e9phone doit \u00eatre allum\u00e9e, montrant l'optique et l'essai devant vous, avec l'image allum\u00e9e et le son coup\u00e9.<\/p><p>Vista Akademi b\u00fcnyesindeki \u00f6\u011frenci ko\u00e7luk ald\u0131\u011f\u0131 takdirde sene i\u00e7erisinde toplam 40 TYT, 50 YDT denemesi kurumla birlikte \u00e7\u00f6zer. (May\u0131s &amp; Haziran ay\u0131nda seri deneme program\u0131 ayr\u0131ca a\u00e7\u0131klanmaktad\u0131r.) Denemeler Ekim ay\u0131nda ba\u015flar ve ba\u015flamadan \u00f6nce \u00f6\u011frencinin adresine kargo ile ula\u015ft\u0131r\u0131l\u0131r. \u00d6\u011frenciler denemeler i\u00e7in ek bir \u00fccret \u00f6demezler.. (Sene sonundaki seri denemeler harici \u00fccretlendirilir, \u00f6\u011frenci tercih etmezse sene sonundaki seri denemelere kat\u0131l\u0131m sa\u011flamayabilir.) Her deneme kullanm\u0131\u015f oldu\u011fumuz \u00a0yapay zeka destekli analiz sisteminde raporlan\u0131r ve \u00f6\u011frenci sonu\u00e7 karnesi olu\u015fturulur. Veli ve \u00f6\u011frenci deneme sonu\u00e7lar\u0131n\u0131 uygulama \u00fczerinden takip eder ve bu rapor do\u011frultusunda \u00f6\u011frencinin eksikleri belirlenir programlar bu raporlara g\u00f6re \u015fekillendirilir.<\/p><p>Si vous souhaitez b\u00e9n\u00e9ficier d'un service de conseil pr\u00e9f\u00e9rentiel apr\u00e8s l'annonce des r\u00e9sultats des examens universitaires, les \u00e9tudiants de la Vista Academy pourront b\u00e9n\u00e9ficier de ce service avec une r\u00e9duction de 50 %.<\/p><p>Chaque semaine, le lundi soir, entre 20h30 et 22h30, une le\u00e7on d'analyse de l'essai YDT r\u00e9solu le dimanche a lieu via la plateforme Zoom. Les le\u00e7ons sont enregistr\u00e9es et vous pouvez acc\u00e9der aux le\u00e7ons tant que vous b\u00e9n\u00e9ficiez du service de coaching de Vista Academy. Les \u00e9tudes ont lieu les mercredis et vendredis soir via Zoom entre 21h00 et 22h30, et dans ces \u00e9tudes, tous les \u00e9tudiants \u00e9tudient avec leurs cam\u00e9ras allum\u00e9es et leurs microphones \u00e9teints. (Sous la forme d'un environnement de biblioth\u00e8que en ligne.)<\/p><p>Tout au long de l'ann\u00e9e, tous nos \u00e9tudiants b\u00e9n\u00e9ficient de ressources PDF et de r\u00e9unions de motivation qui incluent tous les \u00e9tudiants et instructeurs.<\/p><p>Vista Akademi kurucusu Merve Eren (yksdilmervee) kimdir?<\/p><p>Ege \u00dcniversitesi Amerikan K\u00fclt\u00fcr\u00fc ve Edebiyat\u0131 2022 y\u0131l\u0131 mezunu. Anadolu \u00dcniversitesi\/A\u00e7\u0131k\u00f6\u011fretim Fak\u00fcltesi Sosyoloji B\u00f6l\u00fcm\u00fcnden de 2. \u00fcniversite olarak 2024 y\u0131l\u0131nda mezun olmu\u015ftur. 2018'den beri Akademik S\u0131nav ko\u00e7u olarak bireysel ko\u00e7luk \u00f6\u011frencileriyle \u00e7al\u0131\u015f\u0131r. 2023 y\u0131l\u0131nda kurmu\u015f oldu\u011fu Vista Akademi ile birlikte alan\u0131nda uzman e\u011fitmenlerle YKS haz\u0131rl\u0131k s\u00fcrecinde \u00f6\u011frencilere en iyi e\u011fitimi sunmay\u0131 ama\u00e7lar. InstitutUS &amp; \u0130zmir Psikoloji Enstit\u00fcs\u00fc onayl\u0131 Bili\u015fsel Davran\u0131\u015f\u00e7\u0131 Terapi y\u00f6nelimli S\u0131nav Kayg\u0131s\u0131 ve Ba\u015fa \u00c7\u0131kma Y\u00f6ntemleri sertifikas\u0131yla birlikte ICF (Uluslararas\u0131 Ko\u00e7luk Federasyonu) onayl\u0131 ko\u00e7luk e\u011fitimi ve Bo\u011fazi\u00e7i Enstit\u00fcs\u00fc'nden etkili ileti\u015fim teknikleri e\u011fitimi mevcuttur. 2018'den beri YDS \/ Y\u00d6K Dil\/YDT gibi akademik s\u0131navlara \u00f6\u011frenci haz\u0131rlamakla berber \u00e7o\u011funlukla bireysel ko\u00e7luk \u00f6\u011frencileriyle \u00e7al\u0131\u015f\u0131r.\u00a0<\/p><p>Pour toute question que vous pourriez avoir, vous pouvez nous contacter via le compte Instagram @vistaakademi \/ la ligne d'assistance Whatsapp au 0 (546) 902 59 98. Nous serons heureux de vous aider.<\/p><p>Si vous souhaitez travailler avec nous, vous pouvez cliquer sur le bouton Demander un service\u00a0! Nous vous contacterons.<\/p>\n\t\t\t\t\t<\/div>\n\t\t\t\t\t\t<\/div>\n\t\t\t\t<\/div>\n\t\t\t\t\t<\/div>\n\t\t\t\t<\/div>\n\t\t<div class=\"wd-negative-gap elementor-element elementor-element-3bf6f7f e-flex e-con-boxed e-con e-parent\" data-id=\"3bf6f7f\" data-element_type=\"container\">\n\t\t\t\t\t<div class=\"e-con-inner\">\n\t\t\t\t<div class=\"elementor-element elementor-element-2d07e4e elementor-widget-divider--view-line elementor-widget elementor-widget-divider\" data-id=\"2d07e4e\" data-element_type=\"widget\" data-widget_type=\"divider.default\">\n\t\t\t\t<div class=\"elementor-widget-container\">\n\t\t\t\t\t\t\t<div class=\"elementor-divider\">\n\t\t\t<span class=\"elementor-divider-separator\">\n\t\t\t\t\t\t<\/span>\n\t\t<\/div>\n\t\t\t\t\t\t<\/div>\n\t\t\t\t<\/div>\n\t\t\t\t\t<\/div>\n\t\t\t\t<\/div>\n\t\t<div class=\"wd-negative-gap elementor-element elementor-element-b4f3166 e-flex e-con-boxed e-con e-parent\" data-id=\"b4f3166\" data-element_type=\"container\">\n\t\t\t\t\t<div class=\"e-con-inner\">\n\t\t<div class=\"elementor-element elementor-element-44d5220 e-con-full e-flex e-con e-child\" data-id=\"44d5220\" data-element_type=\"container\">\n\t\t\t\t<\/div>\n\t\t\t\t\t<\/div>\n\t\t\t\t<\/div>\n\t\t<div class=\"wd-negative-gap elementor-element elementor-element-3e802fd e-flex e-con-boxed e-con e-parent\" data-id=\"3e802fd\" data-element_type=\"container\">\n\t\t\t\t\t<div class=\"e-con-inner\">\n\t\t\t\t<div class=\"elementor-element elementor-element-add3d21 elementor-widget-divider--view-line elementor-widget elementor-widget-divider\" data-id=\"add3d21\" data-element_type=\"widget\" data-widget_type=\"divider.default\">\n\t\t\t\t<div class=\"elementor-widget-container\">\n\t\t\t\t\t\t\t<div class=\"elementor-divider\">\n\t\t\t<span class=\"elementor-divider-separator\">\n\t\t\t\t\t\t<\/span>\n\t\t<\/div>\n\t\t\t\t\t\t<\/div>\n\t\t\t\t<\/div>\n\t\t\t\t<div class=\"elementor-element elementor-element-8083561 elementor-widget__width-initial elementor-absolute elementor-widget elementor-widget-heading\" data-id=\"8083561\" data-element_type=\"widget\" data-settings=\"{&quot;_position&quot;:&quot;absolute&quot;}\" data-widget_type=\"heading.default\">\n\t\t\t\t<div class=\"elementor-widget-container\">\n\t\t\t\t\t<h3 class=\"elementor-heading-title elementor-size-default\">Demander ce service et <br>Voulez-vous vous joindre \u00e0 nous?<\/h3>\t\t\t\t<\/div>\n\t\t\t\t<\/div>\n\t\t\t\t\t<\/div>\n\t\t\t\t<\/div>\n\t\t<div class=\"wd-negative-gap elementor-element elementor-element-f418d88 e-flex e-con-boxed e-con e-parent\" data-id=\"f418d88\" data-element_type=\"container\">\n\t\t\t\t\t<div class=\"e-con-inner\">\n\t\t<div class=\"elementor-element elementor-element-ebbc912 e-con-full e-flex e-con e-child\" data-id=\"ebbc912\" data-element_type=\"container\">\n\t\t\t\t<\/div>\n\t\t<div class=\"elementor-element elementor-element-b3043e7 e-con-full e-flex e-con e-child\" data-id=\"b3043e7\" data-element_type=\"container\">\n\t\t\t\t<div class=\"elementor-element elementor-element-c02edd3 elementor-widget elementor-widget-spacer\" data-id=\"c02edd3\" data-element_type=\"widget\" data-widget_type=\"spacer.default\">\n\t\t\t\t<div class=\"elementor-widget-container\">\n\t\t\t\t\t\t\t<div class=\"elementor-spacer\">\n\t\t\t<div class=\"elementor-spacer-inner\"><\/div>\n\t\t<\/div>\n\t\t\t\t\t\t<\/div>\n\t\t\t\t<\/div>\n\t\t\t\t<div class=\"elementor-element elementor-element-217c574 elementor-widget elementor-widget-wpforms\" data-id=\"217c574\" data-element_type=\"widget\" data-widget_type=\"wpforms.default\">\n\t\t\t\t<div class=\"elementor-widget-container\">\n\t\t\t\t\t<style id=\"wpforms-css-vars-root\">\n\t\t\t\t:root {\n\t\t\t\t\t--wpforms-field-border-radius: 3px;\n--wpforms-field-border-style: solid;\n--wpforms-field-border-size: 1px;\n--wpforms-field-background-color: #ffffff;\n--wpforms-field-border-color: rgba( 0, 0, 0, 0.25 );\n--wpforms-field-border-color-spare: rgba( 0, 0, 0, 0.25 );\n--wpforms-field-text-color: rgba( 0, 0, 0, 0.7 );\n--wpforms-field-menu-color: #ffffff;\n--wpforms-label-color: rgba( 0, 0, 0, 0.85 );\n--wpforms-label-sublabel-color: rgba( 0, 0, 0, 0.55 );\n--wpforms-label-error-color: #d63637;\n--wpforms-button-border-radius: 3px;\n--wpforms-button-border-style: none;\n--wpforms-button-border-size: 1px;\n--wpforms-button-background-color: #066aab;\n--wpforms-button-border-color: #066aab;\n--wpforms-button-text-color: #ffffff;\n--wpforms-page-break-color: #066aab;\n--wpforms-background-image: none;\n--wpforms-background-position: center center;\n--wpforms-background-repeat: no-repeat;\n--wpforms-background-size: cover;\n--wpforms-background-width: 100px;\n--wpforms-background-height: 100px;\n--wpforms-background-color: rgba( 0, 0, 0, 0 );\n--wpforms-background-url: none;\n--wpforms-container-padding: 0px;\n--wpforms-container-border-style: none;\n--wpforms-container-border-width: 1px;\n--wpforms-container-border-color: #000000;\n--wpforms-container-border-radius: 3px;\n--wpforms-field-size-input-height: 43px;\n--wpforms-field-size-input-spacing: 15px;\n--wpforms-field-size-font-size: 16px;\n--wpforms-field-size-line-height: 19px;\n--wpforms-field-size-padding-h: 14px;\n--wpforms-field-size-checkbox-size: 16px;\n--wpforms-field-size-sublabel-spacing: 5px;\n--wpforms-field-size-icon-size: 1;\n--wpforms-label-size-font-size: 16px;\n--wpforms-label-size-line-height: 19px;\n--wpforms-label-size-sublabel-font-size: 14px;\n--wpforms-label-size-sublabel-line-height: 17px;\n--wpforms-button-size-font-size: 17px;\n--wpforms-button-size-height: 41px;\n--wpforms-button-size-padding-h: 15px;\n--wpforms-button-size-margin-top: 10px;\n--wpforms-container-shadow-size-box-shadow: none;\n\n\t\t\t\t}\n\t\t\t<\/style><style id=\"wpforms-css-vars-elementor-widget-217c574\">\n\t\t\t\t.elementor-widget-wpforms.elementor-element-217c574 {\n\t\t\t\t\t--wpforms-field-border-radius: 30px;\n--wpforms-button-border-radius: 25px;\n--wpforms-button-background-color: #870000;\n--wpforms-field-size-input-height: 43px;\n--wpforms-field-size-input-spacing: 15px;\n--wpforms-field-size-font-size: 16px;\n--wpforms-field-size-line-height: 19px;\n--wpforms-field-size-padding-h: 14px;\n--wpforms-field-size-checkbox-size: 16px;\n--wpforms-field-size-sublabel-spacing: 5px;\n--wpforms-field-size-icon-size: 1;\n--wpforms-label-size-font-size: 16px;\n--wpforms-label-size-line-height: 19px;\n--wpforms-label-size-sublabel-font-size: 14px;\n--wpforms-label-size-sublabel-line-height: 17px;\n--wpforms-button-size-font-size: 20px;\n--wpforms-button-size-height: 48px;\n--wpforms-button-size-padding-h: 20px;\n--wpforms-button-size-margin-top: 15px;\n\n\t\t\t\t}\n\t\t\t<\/style><div class=\"wpforms-container wpforms-container-full wpforms-render-modern\" id=\"wpforms-25185\"><form id=\"wpforms-form-25185\" class=\"wpforms-validate wpforms-form wpforms-ajax-form\" data-formid=\"25185\" method=\"post\" enctype=\"multipart\/form-data\" action=\"\/fr\/wp-json\/wp\/v2\/product\/24866\" data-token=\"29725e6b4baf7cfa0ed40a23694d227b\" data-token-time=\"1777841152\" data-trp-original-action=\"\/fr\/wp-json\/wp\/v2\/product\/24866\"><noscript class=\"wpforms-error-noscript\">Veuillez activer JavaScript dans votre navigateur pour remplir ce formulaire.<\/noscript><div class=\"wpforms-hidden\" id=\"wpforms-error-noscript\">Veuillez activer JavaScript dans votre navigateur pour remplir ce formulaire.<\/div><div class=\"wpforms-field-container\"><div id=\"wpforms-25185-field_1-container\" class=\"wpforms-field wpforms-field-name\" data-field-id=\"1\"><fieldset><legend class=\"wpforms-field-label\">Nom et surnom <span class=\"wpforms-required-label\" aria-hidden=\"true\">*<\/span><\/legend><div class=\"wpforms-field-row wpforms-field-large\"><div class=\"wpforms-field-row-block wpforms-first wpforms-one-half\"><input type=\"text\" id=\"wpforms-25185-field_1\" class=\"wpforms-field-name-first wpforms-field-required\" name=\"wpforms[fields][1][first]\" aria-errormessage=\"wpforms-25185-field_1-error\" required><label for=\"wpforms-25185-field_1\" class=\"wpforms-field-sublabel after wpforms-sublabel-hide\">Pr\u00e9nom<\/label><\/div><div class=\"wpforms-field-row-block wpforms-one-half\"><input type=\"text\" id=\"wpforms-25185-field_1-last\" class=\"wpforms-field-name-last wpforms-field-required\" name=\"wpforms[fields][1][last]\" aria-errormessage=\"wpforms-25185-field_1-last-error\" required><label for=\"wpforms-25185-field_1-last\" class=\"wpforms-field-sublabel after wpforms-sublabel-hide\">Nom<\/label><\/div><\/div><\/fieldset><\/div><div id=\"wpforms-25185-field_2-container\" class=\"wpforms-field wpforms-field-email\" data-field-id=\"2\"><label class=\"wpforms-field-label\" for=\"wpforms-25185-field_2\">E-mail <span class=\"wpforms-required-label\" aria-hidden=\"true\">*<\/span><\/label><input type=\"email\" id=\"wpforms-25185-field_2\" class=\"wpforms-field-large wpforms-field-required\" name=\"wpforms[fields][2]\" spellcheck=\"false\" aria-errormessage=\"wpforms-25185-field_2-error\" required><\/div><div id=\"wpforms-25185-field_3-container\" class=\"wpforms-field wpforms-field-phone\" data-field-id=\"3\"><label class=\"wpforms-field-label\" for=\"wpforms-25185-field_3\">T\u00e9l\u00e9phone <span class=\"wpforms-required-label\" aria-hidden=\"true\">*<\/span><\/label><input type=\"tel\" id=\"wpforms-25185-field_3\" class=\"wpforms-field-large wpforms-field-required wpforms-smart-phone-field\" data-rule-smart-phone-field=\"true\" name=\"wpforms[fields][3]\" aria-errormessage=\"wpforms-25185-field_3-error\" required><\/div><div id=\"wpforms-25185-field_4-container\" class=\"wpforms-field wpforms-field-text\" data-field-id=\"4\"><label class=\"wpforms-field-label\" for=\"wpforms-25185-field_4\">Votre message<\/label><input type=\"text\" id=\"wpforms-25185-field_4\" class=\"wpforms-field-large\" name=\"wpforms[fields][4]\" aria-errormessage=\"wpforms-25185-field_4-error\" ><\/div><div id=\"wpforms-25185-field_6-container\" class=\"wpforms-field wpforms-field-date-time\" data-field-id=\"6\"><label class=\"wpforms-field-label\" for=\"wpforms-25185-field_6\">Date de naissance <span class=\"wpforms-required-label\" aria-hidden=\"true\">*<\/span><\/label><div class=\"wpforms-datepicker-wrap\"><input type=\"text\" id=\"wpforms-25185-field_6\" class=\"wpforms-field-date-time-date wpforms-datepicker wpforms-field-required wpforms-field-large\" data-date-format=\"m\/d\/Y\" data-disable-past-dates=\"0\" data-input=\"true\" name=\"wpforms[fields][6][date]\" aria-errormessage=\"wpforms-25185-field_6-error\" required><a title=\"Effacer la date\" data-clear class=\"wpforms-datepicker-clear\" style=\"display:none;\"><\/a><\/div><\/div><div id=\"wpforms-25185-field_7-container\" class=\"wpforms-field wpforms-field-select wpforms-field-select-style-modern\" data-field-id=\"7\"><label class=\"wpforms-field-label\" for=\"wpforms-25185-field_7\">S\u00e9lectionnez le sexe <span class=\"wpforms-required-label\" aria-hidden=\"true\">*<\/span><\/label><select id=\"wpforms-25185-field_7\" class=\"wpforms-field-large wpforms-field-required choicesjs-select\" data-size-class=\"wpforms-field-row wpforms-field-large\" data-search-enabled=\"\" name=\"wpforms[fields][7]\" required=\"required\"><option value=\"\" class=\"placeholder\" disabled selected='selected'>S\u00e9lectionnez le sexe<\/option><option value=\"Kad\u0131n\" >Femme<\/option><option value=\"Erkek\" >M\u00e2le<\/option><option value=\"Belirtmek \u0130stemiyorum\" >je ne veux pas pr\u00e9ciser<\/option><\/select><\/div><\/div><!-- .wpforms-field-container --><div class=\"wpforms-submit-container\" ><input type=\"hidden\" name=\"wpforms[id]\" value=\"25185\"><input type=\"hidden\" name=\"page_title\" value=\"\"><input type=\"hidden\" name=\"page_url\" value=\"https:\/\/vistaakademi.com\/fr\/wp-json\/wp\/v2\/product\/24866\"><button type=\"submit\" name=\"wpforms[submit]\" id=\"wpforms-submit-25185\" class=\"wpforms-submit\" data-alt-text=\"G\u00f6nderiliyor...\" data-submit-text=\"Hemen Ba\u015fvuru Olu\u015ftur\" aria-live=\"assertive\" value=\"wpforms-submit\">Cr\u00e9er une candidature maintenant<\/button><img decoding=\"async\" src=\"https:\/\/vistaakademi.com\/wp-content\/plugins\/wpforms\/assets\/images\/submit-spin.svg\" class=\"wpforms-submit-spinner\" style=\"display: none;\" width=\"26\" height=\"26\" alt=\"Chargement en cours\"><\/div><input type=\"hidden\" name=\"trp-form-language\" value=\"fr\"\/><\/form><\/div>  <!-- .wpforms-container -->\t\t\t\t<\/div>\n\t\t\t\t<\/div>\n\t\t\t\t<\/div>\n\t\t\t\t\t<\/div>\n\t\t\t\t<\/div>\n\t\t\t\t<\/div>","protected":false},"excerpt":{"rendered":"<p>\u2713 Ki\u015fiye \u00f6zel \u00e7al\u0131\u015fma programlar\u0131<\/p>\n<p>\u2713 Bireysel ko\u00e7 ile haftal\u0131k g\u00f6r\u00fc\u015fmeler<\/p>\n<p>\u2713 TYT &amp; YDT Soru \u00e7\u00f6z\u00fcm gruplar\u0131<\/p>\n<p>\u2713 Her hafta d\u00fczenli deneme s\u0131nav\u0131<\/p>\n<p>\u2713 \u00dccretsiz YDT deneme analiz dersleri<\/p>","protected":false},"featured_media":26154,"comment_status":"open","ping_status":"closed","template":"","meta":[],"product_brand":[],"product_cat":[75],"product_tag":[],"class_list":{"0":"post-24866","1":"product","2":"type-product","3":"status-publish","4":"has-post-thumbnail","6":"product_cat-hizmetlerimiz","8":"first","9":"instock","10":"sale","11":"shipping-taxable","12":"purchasable","13":"product-type-variable"},"_links":{"self":[{"href":"https:\/\/vistaakademi.com\/fr\/wp-json\/wp\/v2\/product\/24866","targetHints":{"allow":["GET"]}}],"collection":[{"href":"https:\/\/vistaakademi.com\/fr\/wp-json\/wp\/v2\/product"}],"about":[{"href":"https:\/\/vistaakademi.com\/fr\/wp-json\/wp\/v2\/types\/product"}],"replies":[{"embeddable":true,"href":"https:\/\/vistaakademi.com\/fr\/wp-json\/wp\/v2\/comments?post=24866"}],"version-history":[{"count":0,"href":"https:\/\/vistaakademi.com\/fr\/wp-json\/wp\/v2\/product\/24866\/revisions"}],"wp:featuredmedia":[{"embeddable":true,"href":"https:\/\/vistaakademi.com\/fr\/wp-json\/wp\/v2\/media\/26154"}],"wp:attachment":[{"href":"https:\/\/vistaakademi.com\/fr\/wp-json\/wp\/v2\/media?parent=24866"}],"wp:term":[{"taxonomy":"product_brand","embeddable":true,"href":"https:\/\/vistaakademi.com\/fr\/wp-json\/wp\/v2\/product_brand?post=24866"},{"taxonomy":"product_cat","embeddable":true,"href":"https:\/\/vistaakademi.com\/fr\/wp-json\/wp\/v2\/product_cat?post=24866"},{"taxonomy":"product_tag","embeddable":true,"href":"https:\/\/vistaakademi.com\/fr\/wp-json\/wp\/v2\/product_tag?post=24866"}],"curies":[{"name":"wp","href":"https:\/\/api.w.org\/{rel}","templated":true}]}}