{"id":26338,"date":"2025-09-02T15:08:34","date_gmt":"2025-09-02T12:08:34","guid":{"rendered":"https:\/\/vistaakademi.com\/?post_type=product&#038;p=26338"},"modified":"2026-01-01T21:54:50","modified_gmt":"2026-01-01T18:54:50","slug":"standart-paket","status":"publish","type":"product","link":"https:\/\/vistaakademi.com\/it\/prodotto\/standart-paket\/","title":{"rendered":"Standart Paket"},"content":{"rendered":"<ul>\n<li>TYT &amp; YDT Ko\u00e7lu\u011fu<\/li>\n<li class=\"elementor-repeater-item-ef06e36\">\n<div class=\"elementor-price-table__feature-inner\">Ki\u015fiye \u00d6zel TYT &amp; YDT \u00c7al\u0131\u015fma Program\u0131<\/div>\n<\/li>\n<li class=\"elementor-repeater-item-5f01063\">G\u00fcnl\u00fck Takip<\/li>\n<li>E\u011fitmenle Haftal\u0131k G\u00f6r\u00fc\u015fme<\/li>\n<\/ul>","protected":false},"excerpt":{"rendered":"<ul>\n<li>TYT &amp; YDT Ko\u00e7lu\u011fu<\/li>\n<li class=\"elementor-repeater-item-ef06e36\">\n<div class=\"elementor-price-table__feature-inner\">Ki\u015fiye \u00d6zel TYT &amp; YDT \u00c7al\u0131\u015fma Program\u0131<\/div>\n<\/li>\n<li class=\"elementor-repeater-item-5f01063\">G\u00fcnl\u00fck Takip<\/li>\n<li>E\u011fitmenle Haftal\u0131k G\u00f6r\u00fc\u015fme<\/li>\n<\/ul>","protected":false},"featured_media":26343,"comment_status":"closed","ping_status":"closed","template":"","meta":[],"product_brand":[],"product_cat":[75],"product_tag":[],"class_list":{"0":"post-26338","1":"product","2":"type-product","3":"status-publish","4":"has-post-thumbnail","6":"product_cat-hizmetlerimiz","8":"first","9":"instock","10":"shipping-taxable","11":"purchasable","12":"product-type-variable"},"_links":{"self":[{"href":"https:\/\/vistaakademi.com\/it\/wp-json\/wp\/v2\/product\/26338","targetHints":{"allow":["GET"]}}],"collection":[{"href":"https:\/\/vistaakademi.com\/it\/wp-json\/wp\/v2\/product"}],"about":[{"href":"https:\/\/vistaakademi.com\/it\/wp-json\/wp\/v2\/types\/product"}],"replies":[{"embeddable":true,"href":"https:\/\/vistaakademi.com\/it\/wp-json\/wp\/v2\/comments?post=26338"}],"version-history":[{"count":0,"href":"https:\/\/vistaakademi.com\/it\/wp-json\/wp\/v2\/product\/26338\/revisions"}],"wp:featuredmedia":[{"embeddable":true,"href":"https:\/\/vistaakademi.com\/it\/wp-json\/wp\/v2\/media\/26343"}],"wp:attachment":[{"href":"https:\/\/vistaakademi.com\/it\/wp-json\/wp\/v2\/media?parent=26338"}],"wp:term":[{"taxonomy":"product_brand","embeddable":true,"href":"https:\/\/vistaakademi.com\/it\/wp-json\/wp\/v2\/product_brand?post=26338"},{"taxonomy":"product_cat","embeddable":true,"href":"https:\/\/vistaakademi.com\/it\/wp-json\/wp\/v2\/product_cat?post=26338"},{"taxonomy":"product_tag","embeddable":true,"href":"https:\/\/vistaakademi.com\/it\/wp-json\/wp\/v2\/product_tag?post=26338"}],"curies":[{"name":"wp","href":"https:\/\/api.w.org\/{rel}","templated":true}]}}